{"id":515,"date":"2017-07-24T21:45:00","date_gmt":"2017-07-25T00:45:00","guid":{"rendered":"http:\/\/www.cnpdia.embrapa.br\/workshopnano\/?page_id=515"},"modified":"2020-09-02T12:24:27","modified_gmt":"2020-09-02T15:24:27","slug":"home","status":"publish","type":"page","link":"https:\/\/www.cnpdia.embrapa.br\/workshopnano\/","title":{"rendered":"Home"},"content":{"rendered":"\t\t<div data-elementor-type=\"wp-page\" data-elementor-id=\"515\" class=\"elementor elementor-515\" data-elementor-settings=\"[]\">\n\t\t\t\t\t\t<div class=\"elementor-inner\">\n\t\t\t\t\t\t\t<div class=\"elementor-section-wrap\">\n\t\t\t\t\t\t\t<section class=\"elementor-section elementor-top-section elementor-element elementor-element-6zszs6c elementor-section-full_width elementor-section-height-default elementor-section-height-default\" data-id=\"6zszs6c\" data-element_type=\"section\">\n\t\t\t\t\t\t<div class=\"elementor-container elementor-column-gap-default\">\n\t\t\t\t\t\t\t<div class=\"elementor-row\">\n\t\t\t\t\t<div class=\"elementor-column elementor-col-100 elementor-top-column elementor-element elementor-element-8ygp1n3\" data-id=\"8ygp1n3\" data-element_type=\"column\">\n\t\t\t<div class=\"elementor-column-wrap elementor-element-populated\">\n\t\t\t\t\t\t\t<div class=\"elementor-widget-wrap\">\n\t\t\t\t\t\t<div class=\"elementor-element elementor-element-e4a4fa5 elementor-widget elementor-widget-spacer\" data-id=\"e4a4fa5\" data-element_type=\"widget\" data-widget_type=\"spacer.default\">\n\t\t\t\t<div class=\"elementor-widget-container\">\n\t\t\t\t\t<div class=\"elementor-spacer\">\n\t\t\t<div class=\"elementor-spacer-inner\"><\/div>\n\t\t<\/div>\n\t\t\t\t<\/div>\n\t\t\t\t<\/div>\n\t\t\t\t<div class=\"elementor-element elementor-element-2c3169f elementor-widget elementor-widget-text-editor\" data-id=\"2c3169f\" data-element_type=\"widget\" data-widget_type=\"text-editor.default\">\n\t\t\t\t<div class=\"elementor-widget-container\">\n\t\t\t\t\t<div class=\"elementor-text-editor elementor-clearfix\"><p style=\"text-align: center;\"><strong>Comunicamos a todos que em fun\u00e7\u00e3o da pandemia do Novo Coronav\u00edrus (COVID-19) <\/strong><\/p><p style=\"text-align: center;\"><strong>a data de realiza\u00e7\u00e3o do <\/strong><strong>X Workshop da Rede de Nanotecnologia Aplicada ao Agroneg\u00f3cio<\/strong><\/p><p style=\"text-align: center;\"><strong>foi remanejada para 2021<\/strong><\/p><p style=\"text-align: center;\">Mais informa\u00e7\u00f5es sobre a nova data em breve!!!<\/p><p style=\"text-align: center;\">Contato: cnpdia.workshopnano@embrapa.br<\/p><\/div>\n\t\t\t\t<\/div>\n\t\t\t\t<\/div>\n\t\t\t\t<div class=\"elementor-element elementor-element-6e3bf81 elementor-widget elementor-widget-spacer\" data-id=\"6e3bf81\" data-element_type=\"widget\" data-widget_type=\"spacer.default\">\n\t\t\t\t<div class=\"elementor-widget-container\">\n\t\t\t\t\t<div class=\"elementor-spacer\">\n\t\t\t<div class=\"elementor-spacer-inner\"><\/div>\n\t\t<\/div>\n\t\t\t\t<\/div>\n\t\t\t\t<\/div>\n\t\t\t\t<div class=\"elementor-element elementor-element-mhh2ltx elementor-widget elementor-widget-text-editor\" data-id=\"mhh2ltx\" data-element_type=\"widget\" data-widget_type=\"text-editor.default\">\n\t\t\t\t<div class=\"elementor-widget-container\">\n\t\t\t\t\t<div class=\"elementor-text-editor elementor-clearfix\"><h2><strong>Sobre o IX Workshop de Nanotecnologia Aplicada ao Agroneg\u00f3cio<\/strong><\/h2><\/div>\n\t\t\t\t<\/div>\n\t\t\t\t<\/div>\n\t\t\t\t<div class=\"elementor-element elementor-element-i3ooxps elementor-widget elementor-widget-text-editor\" data-id=\"i3ooxps\" data-element_type=\"widget\" data-widget_type=\"text-editor.default\">\n\t\t\t\t<div class=\"elementor-widget-container\">\n\t\t\t\t\t<div class=\"elementor-text-editor elementor-clearfix\"><p>O Workshop de Nanotecnologia Aplicada ao Agroneg\u00f3cio est\u00e1 na sua nona edi\u00e7\u00e3o, sendo caracterizado como um evento de discuss\u00e3o da \u00e1rea de nanotecnologia e nanoci\u00eancia aplicada a este tema. O p\u00fablico alvo do evento \u00e9 constitu\u00eddo de alunos de gradua\u00e7\u00e3o e p\u00f3s-gradua\u00e7\u00e3o, p\u00f3s-doutores e professores e pesquisadores. Bem como, empreendedores e empresas privadas interessados na \u00e1rea de nanotecnologia aplicada ao agroneg\u00f3cio.<\/p><p>A aplica\u00e7\u00e3o de nanoci\u00eancia e nanotecnologia na \u00e1rea do agroneg\u00f3cio \u00e9 hoje t\u00f3pico central de muitas iniciativas para o desenvolvimento da nanotecnologia no Brasil. A Rede de Pesquisa em Nanotecnologia aplicada ao Agroneg\u00f3cio \u2013 Rede AgroNano \u2013 como pioneira nesta tem\u00e1tica, estabeleceu ao longo de sua exist\u00eancia f\u00f3runs adequados para a discuss\u00e3o dos v\u00e1rios aspectos necess\u00e1rios para a efetiva ado\u00e7\u00e3o destes conhecimentos, como produtos e servi\u00e7os pela sociedade.<\/p><p>Assim, n\u00e3o somente aspectos da excel\u00eancia t\u00e9cnica v\u00eam sendo buscados, mas a integra\u00e7\u00e3o entre diferentes setores, tanto institui\u00e7\u00f5es de pesquisa quanto da iniciativa privada e a forma\u00e7\u00e3o de pessoal capacitado, para atender estas demandas.<\/p><p>O IX Workshop de Nanotecnologia Aplicada ao Agroneg\u00f3cio ocorrer\u00e1 nas depend\u00eancias da Embrapa Instrumenta\u00e7\u00e3o, localizada em S\u00e3o Carlos \/ SP, no per\u00edodo de 21 a 22 de Novembro de 2017. As atividades deste evento t\u00e9cnico-cient\u00edfico contar\u00e3o com sess\u00f5es t\u00e9cnicas para apresenta\u00e7\u00f5es de p\u00f4steres pelos congressistas, al\u00e9m de palestras plen\u00e1rias proferidas por pesquisadores convidados de universidades e institui\u00e7\u00f5es de pesquisa.<\/p><p>O evento tem como objetivo contribuir para o desenvolvimento cient\u00edfico, tecnol\u00f3gico e a inova\u00e7\u00e3o no Brasil na \u00e1rea de nanotecnologia aplicada ao agroneg\u00f3cio, e para forma\u00e7\u00e3o de recursos humanos devido ao fato de ser um f\u00f3rum multidisciplinar que discute o car\u00e1ter transversal dos nanomateriais, suas aplica\u00e7\u00f5es e impactos na \u00e1rea agr\u00edcola, ambiental e social. Tem como objetivo tamb\u00e9m apresentar os \u00faltimos avan\u00e7os cient\u00edficos e tecnol\u00f3gicos da nanotecnologia e suas aplica\u00e7\u00f5es, bem como os impactos ambientais e aspectos de seguran\u00e7a da nanotecnologia.<\/p><\/div>\n\t\t\t\t<\/div>\n\t\t\t\t<\/div>\n\t\t\t\t<div class=\"elementor-element elementor-element-7pvsvev elementor-widget-divider--view-line elementor-widget elementor-widget-divider\" data-id=\"7pvsvev\" data-element_type=\"widget\" data-widget_type=\"divider.default\">\n\t\t\t\t<div class=\"elementor-widget-container\">\n\t\t\t\t\t<div class=\"elementor-divider\">\n\t\t\t<span class=\"elementor-divider-separator\">\n\t\t\t\t\t\t<\/span>\n\t\t<\/div>\n\t\t\t\t<\/div>\n\t\t\t\t<\/div>\n\t\t\t\t<section class=\"elementor-section elementor-inner-section elementor-element elementor-element-6dciild elementor-section-boxed elementor-section-height-default elementor-section-height-default\" data-id=\"6dciild\" data-element_type=\"section\">\n\t\t\t\t\t\t<div class=\"elementor-container elementor-column-gap-default\">\n\t\t\t\t\t\t\t<div class=\"elementor-row\">\n\t\t\t\t\t<div class=\"elementor-column elementor-col-100 elementor-inner-column elementor-element elementor-element-wk2g0g3\" data-id=\"wk2g0g3\" data-element_type=\"column\">\n\t\t\t<div class=\"elementor-column-wrap elementor-element-populated\">\n\t\t\t\t\t\t\t<div class=\"elementor-widget-wrap\">\n\t\t\t\t\t\t<div class=\"elementor-element elementor-element-i0ue2t6 elementor-widget elementor-widget-text-editor\" data-id=\"i0ue2t6\" data-element_type=\"widget\" data-widget_type=\"text-editor.default\">\n\t\t\t\t<div class=\"elementor-widget-container\">\n\t\t\t\t\t<div class=\"elementor-text-editor elementor-clearfix\"><h2 class=\"western\" lang=\"pt-BR\" style=\"text-align: center;\" align=\"justify\"><span style=\"font-family: Arial, sans-serif;\"><span style=\"font-size: large;\"><b>Realiza\u00e7\u00e3o<\/b><\/span><\/span><span style=\"font-family: Arial, sans-serif;\"><span style=\"font-size: medium;\">:<\/span><\/span><\/h2><\/div>\n\t\t\t\t<\/div>\n\t\t\t\t<\/div>\n\t\t\t\t\t\t<\/div>\n\t\t\t\t\t<\/div>\n\t\t<\/div>\n\t\t\t\t\t\t\t\t<\/div>\n\t\t\t\t\t<\/div>\n\t\t<\/section>\n\t\t\t\t<section class=\"elementor-section elementor-inner-section elementor-element elementor-element-87a553d elementor-section-boxed elementor-section-height-default elementor-section-height-default\" data-id=\"87a553d\" data-element_type=\"section\">\n\t\t\t\t\t\t<div class=\"elementor-container elementor-column-gap-default\">\n\t\t\t\t\t\t\t<div class=\"elementor-row\">\n\t\t\t\t\t<div class=\"elementor-column elementor-col-50 elementor-inner-column elementor-element elementor-element-549cbfa\" data-id=\"549cbfa\" data-element_type=\"column\">\n\t\t\t<div class=\"elementor-column-wrap elementor-element-populated\">\n\t\t\t\t\t\t\t<div class=\"elementor-widget-wrap\">\n\t\t\t\t\t\t<div class=\"elementor-element elementor-element-f3bb1a9 elementor-widget elementor-widget-image\" data-id=\"f3bb1a9\" data-element_type=\"widget\" data-widget_type=\"image.default\">\n\t\t\t\t<div class=\"elementor-widget-container\">\n\t\t\t\t\t<div class=\"elementor-image\">\n\t\t\t\t\t\t\t\t\t\t<img width=\"1024\" height=\"146\" src=\"https:\/\/www.cnpdia.embrapa.br\/workshopnano\/wp-content\/uploads\/2020\/02\/Triade-horizontal-1024x146.png\" class=\"attachment-large size-large\" alt=\"\" loading=\"lazy\" srcset=\"https:\/\/www.cnpdia.embrapa.br\/workshopnano\/wp-content\/uploads\/2020\/02\/Triade-horizontal-1024x146.png 1024w, https:\/\/www.cnpdia.embrapa.br\/workshopnano\/wp-content\/uploads\/2020\/02\/Triade-horizontal-300x43.png 300w, https:\/\/www.cnpdia.embrapa.br\/workshopnano\/wp-content\/uploads\/2020\/02\/Triade-horizontal-768x110.png 768w, https:\/\/www.cnpdia.embrapa.br\/workshopnano\/wp-content\/uploads\/2020\/02\/Triade-horizontal-1536x219.png 1536w, https:\/\/www.cnpdia.embrapa.br\/workshopnano\/wp-content\/uploads\/2020\/02\/Triade-horizontal.png 1667w\" sizes=\"(max-width: 1024px) 100vw, 1024px\" \/>\t\t\t\t\t\t\t\t\t\t\t<\/div>\n\t\t\t\t<\/div>\n\t\t\t\t<\/div>\n\t\t\t\t\t\t<\/div>\n\t\t\t\t\t<\/div>\n\t\t<\/div>\n\t\t\t\t<div class=\"elementor-column elementor-col-50 elementor-inner-column elementor-element elementor-element-8e2f4b7\" data-id=\"8e2f4b7\" data-element_type=\"column\">\n\t\t\t<div class=\"elementor-column-wrap elementor-element-populated\">\n\t\t\t\t\t\t\t<div class=\"elementor-widget-wrap\">\n\t\t\t\t\t\t<div class=\"elementor-element elementor-element-4b3d1e3 elementor-widget elementor-widget-image\" data-id=\"4b3d1e3\" data-element_type=\"widget\" data-widget_type=\"image.default\">\n\t\t\t\t<div class=\"elementor-widget-container\">\n\t\t\t\t\t<div class=\"elementor-image\">\n\t\t\t\t\t\t\t\t\t\t<img width=\"300\" height=\"149\" src=\"https:\/\/www.cnpdia.embrapa.br\/workshopnano\/wp-content\/uploads\/2020\/02\/Logo_AgroNano_Color-300x149.png\" class=\"attachment-medium size-medium\" alt=\"\" loading=\"lazy\" srcset=\"https:\/\/www.cnpdia.embrapa.br\/workshopnano\/wp-content\/uploads\/2020\/02\/Logo_AgroNano_Color-300x149.png 300w, https:\/\/www.cnpdia.embrapa.br\/workshopnano\/wp-content\/uploads\/2020\/02\/Logo_AgroNano_Color.png 761w\" sizes=\"(max-width: 300px) 100vw, 300px\" \/>\t\t\t\t\t\t\t\t\t\t\t<\/div>\n\t\t\t\t<\/div>\n\t\t\t\t<\/div>\n\t\t\t\t\t\t<\/div>\n\t\t\t\t\t<\/div>\n\t\t<\/div>\n\t\t\t\t\t\t\t\t<\/div>\n\t\t\t\t\t<\/div>\n\t\t<\/section>\n\t\t\t\t\t\t<\/div>\n\t\t\t\t\t<\/div>\n\t\t<\/div>\n\t\t\t\t\t\t\t\t<\/div>\n\t\t\t\t\t<\/div>\n\t\t<\/section>\n\t\t\t\t\t\t<\/div>\n\t\t\t\t\t\t<\/div>\n\t\t\t\t\t<\/div>\n\t\t","protected":false},"excerpt":{"rendered":"<p>Comunicamos a todos que em fun\u00e7\u00e3o da pandemia do Novo Coronav\u00edrus (COVID-19) a data de realiza\u00e7\u00e3o do X Workshop da Rede de Nanotecnologia Aplicada ao Agroneg\u00f3cio foi remanejada para 2021 Mais informa\u00e7\u00f5es sobre a nova data em breve!!! Contato: cnpdia.workshopnano@embrapa.br Sobre o IX Workshop de Nanotecnologia Aplicada ao Agroneg\u00f3cio O Workshop de Nanotecnologia Aplicada ao &#8230; <a title=\"Home\" class=\"read-more\" href=\"https:\/\/www.cnpdia.embrapa.br\/workshopnano\/\" aria-label=\"More on Home\">Ler mais<\/a><\/p>\n","protected":false},"author":1,"featured_media":0,"parent":0,"menu_order":0,"comment_status":"closed","ping_status":"closed","template":"","meta":[],"_links":{"self":[{"href":"https:\/\/www.cnpdia.embrapa.br\/workshopnano\/wp-json\/wp\/v2\/pages\/515"}],"collection":[{"href":"https:\/\/www.cnpdia.embrapa.br\/workshopnano\/wp-json\/wp\/v2\/pages"}],"about":[{"href":"https:\/\/www.cnpdia.embrapa.br\/workshopnano\/wp-json\/wp\/v2\/types\/page"}],"author":[{"embeddable":true,"href":"https:\/\/www.cnpdia.embrapa.br\/workshopnano\/wp-json\/wp\/v2\/users\/1"}],"replies":[{"embeddable":true,"href":"https:\/\/www.cnpdia.embrapa.br\/workshopnano\/wp-json\/wp\/v2\/comments?post=515"}],"version-history":[{"count":67,"href":"https:\/\/www.cnpdia.embrapa.br\/workshopnano\/wp-json\/wp\/v2\/pages\/515\/revisions"}],"predecessor-version":[{"id":886,"href":"https:\/\/www.cnpdia.embrapa.br\/workshopnano\/wp-json\/wp\/v2\/pages\/515\/revisions\/886"}],"wp:attachment":[{"href":"https:\/\/www.cnpdia.embrapa.br\/workshopnano\/wp-json\/wp\/v2\/media?parent=515"}],"curies":[{"name":"wp","href":"https:\/\/api.w.org\/{rel}","templated":true}]}}