{"id":476,"date":"2017-07-24T21:31:47","date_gmt":"2017-07-25T00:31:47","guid":{"rendered":"http:\/\/www.cnpdia.embrapa.br\/workshopnano\/?page_id=476"},"modified":"2020-07-20T13:59:23","modified_gmt":"2020-07-20T16:59:23","slug":"local","status":"publish","type":"page","link":"https:\/\/www.cnpdia.embrapa.br\/workshopnano\/local\/","title":{"rendered":"Local"},"content":{"rendered":"\t\t<div data-elementor-type=\"wp-page\" data-elementor-id=\"476\" class=\"elementor elementor-476\" data-elementor-settings=\"[]\">\n\t\t\t\t\t\t<div class=\"elementor-inner\">\n\t\t\t\t\t\t\t<div class=\"elementor-section-wrap\">\n\t\t\t\t\t\t\t<section class=\"elementor-section elementor-top-section elementor-element elementor-element-px5soww elementor-section-boxed elementor-section-height-default elementor-section-height-default\" data-id=\"px5soww\" data-element_type=\"section\">\n\t\t\t\t\t\t<div class=\"elementor-container elementor-column-gap-default\">\n\t\t\t\t\t\t\t<div class=\"elementor-row\">\n\t\t\t\t\t<div class=\"elementor-column elementor-col-100 elementor-top-column elementor-element elementor-element-q8zceic\" data-id=\"q8zceic\" data-element_type=\"column\">\n\t\t\t<div class=\"elementor-column-wrap elementor-element-populated\">\n\t\t\t\t\t\t\t<div class=\"elementor-widget-wrap\">\n\t\t\t\t\t\t<div class=\"elementor-element elementor-element-by9mbgm elementor-widget elementor-widget-text-editor\" data-id=\"by9mbgm\" data-element_type=\"widget\" data-widget_type=\"text-editor.default\">\n\t\t\t\t<div class=\"elementor-widget-container\">\n\t\t\t\t\t<div class=\"elementor-text-editor elementor-clearfix\"><h2><strong>Embrapa Instrumenta\u00e7\u00e3o<\/strong><\/h2><\/div>\n\t\t\t\t<\/div>\n\t\t\t\t<\/div>\n\t\t\t\t<div class=\"elementor-element elementor-element-fcn5krp elementor-hidden-desktop elementor-hidden-tablet elementor-widget elementor-widget-text-editor\" data-id=\"fcn5krp\" data-element_type=\"widget\" data-widget_type=\"text-editor.default\">\n\t\t\t\t<div class=\"elementor-widget-container\">\n\t\t\t\t\t<div class=\"elementor-text-editor elementor-clearfix\"><p class=\"western\" lang=\"pt-BR\" align=\"center\"><span style=\"font-family: Arial,sans-serif;\"><span style=\"font-size: medium;\">Rua XV de Novembro, 1452, Centro, S\u00e3o Carlos\/ SP<\/span><\/span><\/p><\/div>\n\t\t\t\t<\/div>\n\t\t\t\t<\/div>\n\t\t\t\t<div class=\"elementor-element elementor-element-4h4aqvi animated-fast elementor-invisible elementor-widget elementor-widget-google_maps\" data-id=\"4h4aqvi\" data-element_type=\"widget\" data-settings=\"{&quot;_animation&quot;:&quot;zoomIn&quot;}\" data-widget_type=\"google_maps.default\">\n\t\t\t\t<div class=\"elementor-widget-container\">\n\t\t\t<div class=\"elementor-custom-embed\"><iframe frameborder=\"0\" scrolling=\"no\" marginheight=\"0\" marginwidth=\"0\" src=\"https:\/\/maps.google.com\/maps?q=embrapa%20instrumenta%C3%A7%C3%A3o&amp;t=m&amp;z=14&amp;output=embed&amp;iwloc=near\" title=\"embrapa instrumenta\u00e7\u00e3o\" aria-label=\"embrapa instrumenta\u00e7\u00e3o\"><\/iframe><\/div>\t\t<\/div>\n\t\t\t\t<\/div>\n\t\t\t\t<div class=\"elementor-element elementor-element-ayl88jy elementor-widget elementor-widget-text-editor\" data-id=\"ayl88jy\" data-element_type=\"widget\" data-widget_type=\"text-editor.default\">\n\t\t\t\t<div class=\"elementor-widget-container\">\n\t\t\t\t\t<div class=\"elementor-text-editor elementor-clearfix\"><p><strong>RELA\u00c7\u00c3O DE HOT\u00c9IS PR\u00d3XIMOS AO EVENTO<\/strong><\/p><\/div>\n\t\t\t\t<\/div>\n\t\t\t\t<\/div>\n\t\t\t\t<section class=\"elementor-section elementor-inner-section elementor-element elementor-element-8dlf0md elementor-section-boxed elementor-section-height-default elementor-section-height-default\" data-id=\"8dlf0md\" data-element_type=\"section\">\n\t\t\t\t\t\t<div class=\"elementor-container elementor-column-gap-default\">\n\t\t\t\t\t\t\t<div class=\"elementor-row\">\n\t\t\t\t\t<div class=\"elementor-column elementor-col-33 elementor-inner-column elementor-element elementor-element-wphx74v\" data-id=\"wphx74v\" data-element_type=\"column\">\n\t\t\t<div class=\"elementor-column-wrap elementor-element-populated\">\n\t\t\t\t\t\t\t<div class=\"elementor-widget-wrap\">\n\t\t\t\t\t\t<div class=\"elementor-element elementor-element-7qqq2p9 elementor-widget elementor-widget-text-editor\" data-id=\"7qqq2p9\" data-element_type=\"widget\" data-widget_type=\"text-editor.default\">\n\t\t\t\t<div class=\"elementor-widget-container\">\n\t\t\t\t\t<div class=\"elementor-text-editor elementor-clearfix\"><p><strong>Hotel S\u00e3o Carlos Othon Su\u00edtes<\/strong><br \/>R. Cons Jo\u00e3o Alfredo, 77 &#8211; Jardim Paraiso<br \/>(16) 3416-3345<\/p><p>Website:\u00a0<a href=\"http:\/\/www.othon.com.br\/hoteis\/hotel-em-sao-carlos\/sao-carlos-othon-suites\/#o-hotel\" target=\"_blank\" rel=\"noopener\">www.othon.com.br<\/a><br \/><br \/><\/p><\/div>\n\t\t\t\t<\/div>\n\t\t\t\t<\/div>\n\t\t\t\t\t\t<\/div>\n\t\t\t\t\t<\/div>\n\t\t<\/div>\n\t\t\t\t<div class=\"elementor-column elementor-col-33 elementor-inner-column elementor-element elementor-element-d0nf5tp\" data-id=\"d0nf5tp\" data-element_type=\"column\">\n\t\t\t<div class=\"elementor-column-wrap elementor-element-populated\">\n\t\t\t\t\t\t\t<div class=\"elementor-widget-wrap\">\n\t\t\t\t\t\t<div class=\"elementor-element elementor-element-7g9hph4 elementor-widget elementor-widget-text-editor\" data-id=\"7g9hph4\" data-element_type=\"widget\" data-widget_type=\"text-editor.default\">\n\t\t\t\t<div class=\"elementor-widget-container\">\n\t\t\t\t\t<div class=\"elementor-text-editor elementor-clearfix\"><p><strong>Hotel Anac\u00e3<\/strong><br \/>Avenida S\u00e3o Carlos, 2690.<br \/>(16) 3416-4854.<\/p><p>Website:\u00a0<a href=\"http:\/\/www.hotelanaca.com.br\" target=\"_blank\" rel=\"noopener\">www.hotelanaca.com.br<\/a><br \/>reservas@hotelanaca.com.br<\/p><\/div>\n\t\t\t\t<\/div>\n\t\t\t\t<\/div>\n\t\t\t\t\t\t<\/div>\n\t\t\t\t\t<\/div>\n\t\t<\/div>\n\t\t\t\t<div class=\"elementor-column elementor-col-33 elementor-inner-column elementor-element elementor-element-njorw05\" data-id=\"njorw05\" data-element_type=\"column\">\n\t\t\t<div class=\"elementor-column-wrap elementor-element-populated\">\n\t\t\t\t\t\t\t<div class=\"elementor-widget-wrap\">\n\t\t\t\t\t\t<div class=\"elementor-element elementor-element-hit66ae elementor-widget elementor-widget-text-editor\" data-id=\"hit66ae\" data-element_type=\"widget\" data-widget_type=\"text-editor.default\">\n\t\t\t\t<div class=\"elementor-widget-container\">\n\t\t\t\t\t<div class=\"elementor-text-editor elementor-clearfix\"><p><strong>Indai\u00e1 Hotel<\/strong><br \/>Rua Jacinto Favoreto, 351.<br \/>(16) 3371-9122.<\/p><\/div>\n\t\t\t\t<\/div>\n\t\t\t\t<\/div>\n\t\t\t\t\t\t<\/div>\n\t\t\t\t\t<\/div>\n\t\t<\/div>\n\t\t\t\t\t\t\t\t<\/div>\n\t\t\t\t\t<\/div>\n\t\t<\/section>\n\t\t\t\t<section class=\"elementor-section elementor-inner-section elementor-element elementor-element-tj1rlq2 elementor-section-boxed elementor-section-height-default elementor-section-height-default\" data-id=\"tj1rlq2\" data-element_type=\"section\">\n\t\t\t\t\t\t<div class=\"elementor-container elementor-column-gap-default\">\n\t\t\t\t\t\t\t<div class=\"elementor-row\">\n\t\t\t\t\t<div class=\"elementor-column elementor-col-33 elementor-inner-column elementor-element elementor-element-jqxrind\" data-id=\"jqxrind\" data-element_type=\"column\">\n\t\t\t<div class=\"elementor-column-wrap elementor-element-populated\">\n\t\t\t\t\t\t\t<div class=\"elementor-widget-wrap\">\n\t\t\t\t\t\t<div class=\"elementor-element elementor-element-kt6nf5q elementor-widget elementor-widget-text-editor\" data-id=\"kt6nf5q\" data-element_type=\"widget\" data-widget_type=\"text-editor.default\">\n\t\t\t\t<div class=\"elementor-widget-container\">\n\t\t\t\t\t<div class=\"elementor-text-editor elementor-clearfix\"><p><strong>Atlantic Inn Royale<\/strong><br \/>Rua Conde do pinhal 1630, Centro S\u00e3o Carlos SP<br \/>(16) 3413-6900<br \/>reservas.atlantic@gmail.com<\/p><\/div>\n\t\t\t\t<\/div>\n\t\t\t\t<\/div>\n\t\t\t\t\t\t<\/div>\n\t\t\t\t\t<\/div>\n\t\t<\/div>\n\t\t\t\t<div class=\"elementor-column elementor-col-33 elementor-inner-column elementor-element elementor-element-4pyszii\" data-id=\"4pyszii\" data-element_type=\"column\">\n\t\t\t<div class=\"elementor-column-wrap elementor-element-populated\">\n\t\t\t\t\t\t\t<div class=\"elementor-widget-wrap\">\n\t\t\t\t\t\t<div class=\"elementor-element elementor-element-zv1bz59 elementor-widget elementor-widget-text-editor\" data-id=\"zv1bz59\" data-element_type=\"widget\" data-widget_type=\"text-editor.default\">\n\t\t\t\t<div class=\"elementor-widget-container\">\n\t\t\t\t\t<div class=\"elementor-text-editor elementor-clearfix\"><p><strong>Parisi Hotel<\/strong><br \/>Av. S\u00e3o Carlos, 3163 &#8211; Centro &#8211; em frente ao Mc Donalds e Rodovi\u00e1ria.<br \/>(16) 3373 &#8211; 4444 \/ 3374-3252<\/p><p>Website:\u00a0<a href=\"http:\/\/www.parisihotel.com.br\" target=\"_blank\" rel=\"noopener\">www.parisihotel.com.br<\/a><br \/>saocarlos@parisihotel.com.br<\/p><\/div>\n\t\t\t\t<\/div>\n\t\t\t\t<\/div>\n\t\t\t\t\t\t<\/div>\n\t\t\t\t\t<\/div>\n\t\t<\/div>\n\t\t\t\t<div class=\"elementor-column elementor-col-33 elementor-inner-column elementor-element elementor-element-8idsy6h\" data-id=\"8idsy6h\" data-element_type=\"column\">\n\t\t\t<div class=\"elementor-column-wrap elementor-element-populated\">\n\t\t\t\t\t\t\t<div class=\"elementor-widget-wrap\">\n\t\t\t\t\t\t<div class=\"elementor-element elementor-element-jb5apbc elementor-widget elementor-widget-text-editor\" data-id=\"jb5apbc\" data-element_type=\"widget\" data-widget_type=\"text-editor.default\">\n\t\t\t\t<div class=\"elementor-widget-container\">\n\t\t\t\t\t<div class=\"elementor-text-editor elementor-clearfix\"><p><strong>Hotel Yp\u00ea<\/strong><br \/>Avenida Doutor Carlos Botelho, 2060.<br \/>(16) 3371-0026 \/ 3374-0377<\/p><p>Website:\u00a0<a href=\"http:\/\/www.hotelypedesaocarlos.com.br\" target=\"_blank\" rel=\"noopener\">www.hotelypedesaocarlos.com.br<\/a><br \/>hotelype@hotmail.com<\/p><\/div>\n\t\t\t\t<\/div>\n\t\t\t\t<\/div>\n\t\t\t\t\t\t<\/div>\n\t\t\t\t\t<\/div>\n\t\t<\/div>\n\t\t\t\t\t\t\t\t<\/div>\n\t\t\t\t\t<\/div>\n\t\t<\/section>\n\t\t\t\t<div class=\"elementor-element elementor-element-op2r85g elementor-widget elementor-widget-text-editor\" data-id=\"op2r85g\" data-element_type=\"widget\" data-widget_type=\"text-editor.default\">\n\t\t\t\t<div class=\"elementor-widget-container\">\n\t\t\t\t\t<div class=\"elementor-text-editor elementor-clearfix\"><p><span style=\"color: #ff0000;\"><strong>*Importante:<\/strong> <\/span>esta listagem foi desenvolvida com o intuito de auxiliar os participantes do IX Workshop de Nanotecnologia Aplicada ao Agroneg\u00f3cio na busca por op\u00e7\u00f5es de hospedagem. Cabe aos interessados a an\u00e1lise do perfil do hotel e de seu custo x benef\u00edcio. A Embrapa n\u00e3o se responsabiliza pelos servi\u00e7os prestados pelos estabelecimentos. O evento n\u00e3o tem parceria firmada com nenhum dos estabelecimentos.<\/p><\/div>\n\t\t\t\t<\/div>\n\t\t\t\t<\/div>\n\t\t\t\t\t\t<\/div>\n\t\t\t\t\t<\/div>\n\t\t<\/div>\n\t\t\t\t\t\t\t\t<\/div>\n\t\t\t\t\t<\/div>\n\t\t<\/section>\n\t\t\t\t\t\t<\/div>\n\t\t\t\t\t\t<\/div>\n\t\t\t\t\t<\/div>\n\t\t","protected":false},"excerpt":{"rendered":"<p>Embrapa Instrumenta\u00e7\u00e3o Rua XV de Novembro, 1452, Centro, S\u00e3o Carlos\/ SP RELA\u00c7\u00c3O DE HOT\u00c9IS PR\u00d3XIMOS AO EVENTO Hotel S\u00e3o Carlos Othon Su\u00edtesR. Cons Jo\u00e3o Alfredo, 77 &#8211; Jardim Paraiso(16) 3416-3345 Website:\u00a0www.othon.com.br Hotel Anac\u00e3Avenida S\u00e3o Carlos, 2690.(16) 3416-4854. Website:\u00a0www.hotelanaca.com.brreservas@hotelanaca.com.br Indai\u00e1 HotelRua Jacinto Favoreto, 351.(16) 3371-9122. Atlantic Inn RoyaleRua Conde do pinhal 1630, Centro S\u00e3o Carlos SP(16) &#8230; <a title=\"Local\" class=\"read-more\" href=\"https:\/\/www.cnpdia.embrapa.br\/workshopnano\/local\/\" aria-label=\"More on Local\">Ler mais<\/a><\/p>\n","protected":false},"author":1,"featured_media":0,"parent":0,"menu_order":0,"comment_status":"closed","ping_status":"closed","template":"","meta":[],"_links":{"self":[{"href":"https:\/\/www.cnpdia.embrapa.br\/workshopnano\/wp-json\/wp\/v2\/pages\/476"}],"collection":[{"href":"https:\/\/www.cnpdia.embrapa.br\/workshopnano\/wp-json\/wp\/v2\/pages"}],"about":[{"href":"https:\/\/www.cnpdia.embrapa.br\/workshopnano\/wp-json\/wp\/v2\/types\/page"}],"author":[{"embeddable":true,"href":"https:\/\/www.cnpdia.embrapa.br\/workshopnano\/wp-json\/wp\/v2\/users\/1"}],"replies":[{"embeddable":true,"href":"https:\/\/www.cnpdia.embrapa.br\/workshopnano\/wp-json\/wp\/v2\/comments?post=476"}],"version-history":[{"count":20,"href":"https:\/\/www.cnpdia.embrapa.br\/workshopnano\/wp-json\/wp\/v2\/pages\/476\/revisions"}],"predecessor-version":[{"id":883,"href":"https:\/\/www.cnpdia.embrapa.br\/workshopnano\/wp-json\/wp\/v2\/pages\/476\/revisions\/883"}],"wp:attachment":[{"href":"https:\/\/www.cnpdia.embrapa.br\/workshopnano\/wp-json\/wp\/v2\/media?parent=476"}],"curies":[{"name":"wp","href":"https:\/\/api.w.org\/{rel}","templated":true}]}}