{"id":464,"date":"2017-07-24T21:30:16","date_gmt":"2017-07-25T00:30:16","guid":{"rendered":"http:\/\/www.cnpdia.embrapa.br\/workshopnano\/?page_id=464"},"modified":"2017-07-25T09:21:51","modified_gmt":"2017-07-25T12:21:51","slug":"temas","status":"publish","type":"page","link":"https:\/\/www.cnpdia.embrapa.br\/workshopnano\/temas\/","title":{"rendered":"Temas"},"content":{"rendered":"\t\t<div data-elementor-type=\"wp-page\" data-elementor-id=\"464\" class=\"elementor elementor-464 elementor-bc-flex-widget\" data-elementor-settings=\"[]\">\n\t\t\t\t\t\t<div class=\"elementor-inner\">\n\t\t\t\t\t\t\t<div class=\"elementor-section-wrap\">\n\t\t\t\t\t\t\t<section class=\"elementor-section elementor-top-section elementor-element elementor-element-2jgd6pp elementor-section-boxed elementor-section-height-default elementor-section-height-default\" data-id=\"2jgd6pp\" data-element_type=\"section\">\n\t\t\t\t\t\t<div class=\"elementor-container elementor-column-gap-default\">\n\t\t\t\t\t\t\t<div class=\"elementor-row\">\n\t\t\t\t\t<div class=\"elementor-column elementor-col-100 elementor-top-column elementor-element elementor-element-r5ul7dy\" data-id=\"r5ul7dy\" data-element_type=\"column\">\n\t\t\t<div class=\"elementor-column-wrap elementor-element-populated\">\n\t\t\t\t\t\t\t<div class=\"elementor-widget-wrap\">\n\t\t\t\t\t\t<div class=\"elementor-element elementor-element-wgtd174 elementor-widget elementor-widget-text-editor\" data-id=\"wgtd174\" data-element_type=\"widget\" data-widget_type=\"text-editor.default\">\n\t\t\t\t<div class=\"elementor-widget-container\">\n\t\t\t\t\t<div class=\"elementor-text-editor elementor-clearfix\"><h2><strong>Temas<\/strong><\/h2><\/div>\n\t\t\t\t<\/div>\n\t\t\t\t<\/div>\n\t\t\t\t<div class=\"elementor-element elementor-element-y97y7lx elementor-widget elementor-widget-text-editor\" data-id=\"y97y7lx\" data-element_type=\"widget\" data-widget_type=\"text-editor.default\">\n\t\t\t\t<div class=\"elementor-widget-container\">\n\t\t\t\t\t<div class=\"elementor-text-editor elementor-clearfix\"><ul><li>M\u00e9todos e Processos para Aumento da Escala de Produ\u00e7\u00e3o de Nanoprodutos de interesse do Agroneg\u00f3cio<\/li><li>Desenvolvimento de sensores e biossensores nanoestruturados<\/li><li>Processamento de filmes nanoestruturados para embalagens e conserva\u00e7\u00e3o de alimentos<\/li><li>Processos de imobiliza\u00e7\u00e3o de biomol\u00e9culas e funcionaliza\u00e7\u00e3o em nanopart\u00edculas<\/li><li>Tecnologias de micro e nanoencapsula\u00e7\u00e3o de princ\u00edpios ativos<\/li><li>Desenvolvimentos de nanocomp\u00f3sitos a partir de fontes renov\u00e1veis<\/li><li>Novos materiais e processos em nanotecnologia e suas aplica\u00e7\u00f5es no agroneg\u00f3cio<\/li><li>Cen\u00e1rios e avalia\u00e7\u00e3o dos riscos ambientais e sociais dos nanocompostos<\/li><li>Avalia\u00e7\u00e3o de Seguran\u00e7a de Nanoprodutos<\/li><li>Avalia\u00e7\u00e3o da percep\u00e7\u00e3o do consumidor em rela\u00e7\u00e3o \u00e0 nanotecnologia<\/li><\/ul><\/div>\n\t\t\t\t<\/div>\n\t\t\t\t<\/div>\n\t\t\t\t\t\t<\/div>\n\t\t\t\t\t<\/div>\n\t\t<\/div>\n\t\t\t\t\t\t\t\t<\/div>\n\t\t\t\t\t<\/div>\n\t\t<\/section>\n\t\t\t\t\t\t<\/div>\n\t\t\t\t\t\t<\/div>\n\t\t\t\t\t<\/div>\n\t\t","protected":false},"excerpt":{"rendered":"<p>Temas M\u00e9todos e Processos para Aumento da Escala de Produ\u00e7\u00e3o de Nanoprodutos de interesse do Agroneg\u00f3cio Desenvolvimento de sensores e biossensores nanoestruturados Processamento de filmes nanoestruturados para embalagens e conserva\u00e7\u00e3o de alimentos Processos de imobiliza\u00e7\u00e3o de biomol\u00e9culas e funcionaliza\u00e7\u00e3o em nanopart\u00edculas Tecnologias de micro e nanoencapsula\u00e7\u00e3o de princ\u00edpios ativos Desenvolvimentos de nanocomp\u00f3sitos a partir de &#8230; <a title=\"Temas\" class=\"read-more\" href=\"https:\/\/www.cnpdia.embrapa.br\/workshopnano\/temas\/\" aria-label=\"More on Temas\">Ler mais<\/a><\/p>\n","protected":false},"author":1,"featured_media":0,"parent":0,"menu_order":0,"comment_status":"closed","ping_status":"closed","template":"","meta":[],"_links":{"self":[{"href":"https:\/\/www.cnpdia.embrapa.br\/workshopnano\/wp-json\/wp\/v2\/pages\/464"}],"collection":[{"href":"https:\/\/www.cnpdia.embrapa.br\/workshopnano\/wp-json\/wp\/v2\/pages"}],"about":[{"href":"https:\/\/www.cnpdia.embrapa.br\/workshopnano\/wp-json\/wp\/v2\/types\/page"}],"author":[{"embeddable":true,"href":"https:\/\/www.cnpdia.embrapa.br\/workshopnano\/wp-json\/wp\/v2\/users\/1"}],"replies":[{"embeddable":true,"href":"https:\/\/www.cnpdia.embrapa.br\/workshopnano\/wp-json\/wp\/v2\/comments?post=464"}],"version-history":[{"count":4,"href":"https:\/\/www.cnpdia.embrapa.br\/workshopnano\/wp-json\/wp\/v2\/pages\/464\/revisions"}],"predecessor-version":[{"id":540,"href":"https:\/\/www.cnpdia.embrapa.br\/workshopnano\/wp-json\/wp\/v2\/pages\/464\/revisions\/540"}],"wp:attachment":[{"href":"https:\/\/www.cnpdia.embrapa.br\/workshopnano\/wp-json\/wp\/v2\/media?parent=464"}],"curies":[{"name":"wp","href":"https:\/\/api.w.org\/{rel}","templated":true}]}}