{"id":817,"date":"2019-08-26T10:07:26","date_gmt":"2019-08-26T13:07:26","guid":{"rendered":"http:\/\/www.cnpdia.embrapa.br\/siagro\/?page_id=817"},"modified":"2019-11-20T15:10:04","modified_gmt":"2019-11-20T17:10:04","slug":"temas-na-midia","status":"publish","type":"page","link":"https:\/\/www.cnpdia.embrapa.br\/siagro\/temas-na-midia\/","title":{"rendered":"Temas na m\u00eddia"},"content":{"rendered":"\t\t<div data-elementor-type=\"wp-page\" data-elementor-id=\"817\" class=\"elementor elementor-817\" data-elementor-settings=\"[]\">\n\t\t\t\t\t\t<div class=\"elementor-inner\">\n\t\t\t\t\t\t\t<div class=\"elementor-section-wrap\">\n\t\t\t\t\t\t\t<section class=\"elementor-section elementor-top-section elementor-element elementor-element-1bf56d3 elementor-section-full_width elementor-section-height-default elementor-section-height-default\" data-id=\"1bf56d3\" data-element_type=\"section\">\n\t\t\t\t\t\t<div class=\"elementor-container elementor-column-gap-no\">\n\t\t\t\t\t\t\t<div class=\"elementor-row\">\n\t\t\t\t\t<div class=\"elementor-column elementor-col-100 elementor-top-column elementor-element elementor-element-c2d8fa2\" data-id=\"c2d8fa2\" data-element_type=\"column\">\n\t\t\t<div class=\"elementor-column-wrap elementor-element-populated\">\n\t\t\t\t\t\t\t<div class=\"elementor-widget-wrap\">\n\t\t\t\t\t\t<div class=\"elementor-element elementor-element-1ec6c18 elementor-widget elementor-widget-shortcode\" data-id=\"1ec6c18\" data-element_type=\"widget\" data-widget_type=\"shortcode.default\">\n\t\t\t\t<div class=\"elementor-widget-container\">\n\t\t\t\t\t<div class=\"elementor-shortcode\">\t\t<div data-elementor-type=\"wp-post\" data-elementor-id=\"96\" class=\"elementor elementor-96\" data-elementor-settings=\"[]\">\n\t\t\t\t\t\t<div class=\"elementor-inner\">\n\t\t\t\t\t\t\t<div class=\"elementor-section-wrap\">\n\t\t\t\t\t\t\t<section class=\"elementor-section elementor-top-section elementor-element elementor-element-58066b8 elementor-section-full_width elementor-section-height-default elementor-section-height-default\" data-id=\"58066b8\" data-element_type=\"section\" data-settings=\"{&quot;background_background&quot;:&quot;classic&quot;}\">\n\t\t\t\t\t\t<div class=\"elementor-container elementor-column-gap-no\">\n\t\t\t\t\t\t\t<div class=\"elementor-row\">\n\t\t\t\t\t<div class=\"elementor-column elementor-col-20 elementor-top-column elementor-element elementor-element-1463a9e\" data-id=\"1463a9e\" data-element_type=\"column\">\n\t\t\t<div class=\"elementor-column-wrap\">\n\t\t\t\t\t\t\t<div class=\"elementor-widget-wrap\">\n\t\t\t\t\t\t\t\t<\/div>\n\t\t\t\t\t<\/div>\n\t\t<\/div>\n\t\t\t\t<div class=\"elementor-column elementor-col-20 elementor-top-column elementor-element elementor-element-c15add1\" data-id=\"c15add1\" data-element_type=\"column\">\n\t\t\t<div class=\"elementor-column-wrap\">\n\t\t\t\t\t\t\t<div class=\"elementor-widget-wrap\">\n\t\t\t\t\t\t\t\t<\/div>\n\t\t\t\t\t<\/div>\n\t\t<\/div>\n\t\t\t\t<div class=\"elementor-column elementor-col-20 elementor-top-column elementor-element elementor-element-a74c18e\" data-id=\"a74c18e\" data-element_type=\"column\">\n\t\t\t<div class=\"elementor-column-wrap\">\n\t\t\t\t\t\t\t<div class=\"elementor-widget-wrap\">\n\t\t\t\t\t\t\t\t<\/div>\n\t\t\t\t\t<\/div>\n\t\t<\/div>\n\t\t\t\t<div class=\"elementor-column elementor-col-20 elementor-top-column elementor-element elementor-element-2f4c4d4\" data-id=\"2f4c4d4\" data-element_type=\"column\">\n\t\t\t<div class=\"elementor-column-wrap elementor-element-populated\">\n\t\t\t\t\t\t\t<div class=\"elementor-widget-wrap\">\n\t\t\t\t\t\t<div class=\"elementor-element elementor-element-ed8d9b9 elementor-shape-rounded elementor-grid-0 elementor-widget elementor-widget-social-icons\" data-id=\"ed8d9b9\" data-element_type=\"widget\" data-widget_type=\"social-icons.default\">\n\t\t\t\t<div class=\"elementor-widget-container\">\n\t\t\t\t\t<div class=\"elementor-social-icons-wrapper elementor-grid\">\n\t\t\t\t\t\t\t<div class=\"elementor-grid-item\">\n\t\t\t\t\t<a class=\"elementor-icon elementor-social-icon elementor-social-icon-youtube elementor-repeater-item-301ea13\" href=\"https:\/\/www.youtube.com\/user\/videosEmbrapa\" target=\"_blank\">\n\t\t\t\t\t\t<span class=\"elementor-screen-only\">Youtube<\/span>\n\t\t\t\t\t\t\t\t\t\t\t\t\t<i class=\"fa fa-youtube\"><\/i>\n\t\t\t\t\t\t\t\t\t\t\t<\/a>\n\t\t\t\t<\/div>\n\t\t\t\t\t\t\t<div class=\"elementor-grid-item\">\n\t\t\t\t\t<a class=\"elementor-icon elementor-social-icon elementor-social-icon-twitter elementor-repeater-item-b6697f4\" href=\"https:\/\/twitter.com\/embrapa\" target=\"_blank\">\n\t\t\t\t\t\t<span class=\"elementor-screen-only\">Twitter<\/span>\n\t\t\t\t\t\t\t\t\t\t\t\t\t<i class=\"fa fa-twitter\"><\/i>\n\t\t\t\t\t\t\t\t\t\t\t<\/a>\n\t\t\t\t<\/div>\n\t\t\t\t\t\t\t<div class=\"elementor-grid-item\">\n\t\t\t\t\t<a class=\"elementor-icon elementor-social-icon elementor-social-icon-facebook elementor-repeater-item-cdffd0a\" href=\"https:\/\/www.facebook.com\/embrapa\" target=\"_blank\">\n\t\t\t\t\t\t<span class=\"elementor-screen-only\">Facebook<\/span>\n\t\t\t\t\t\t\t\t\t\t\t\t\t<i class=\"fa fa-facebook\"><\/i>\n\t\t\t\t\t\t\t\t\t\t\t<\/a>\n\t\t\t\t<\/div>\n\t\t\t\t\t\t\t<div class=\"elementor-grid-item\">\n\t\t\t\t\t<a class=\"elementor-icon elementor-social-icon elementor-social-icon-flickr elementor-repeater-item-4d3c888\" href=\"https:\/\/www.flickr.com\/photos\/embrapa\/\" target=\"_blank\">\n\t\t\t\t\t\t<span class=\"elementor-screen-only\">Flickr<\/span>\n\t\t\t\t\t\t\t\t\t\t\t\t\t<i class=\"fa fa-flickr\"><\/i>\n\t\t\t\t\t\t\t\t\t\t\t<\/a>\n\t\t\t\t<\/div>\n\t\t\t\t\t<\/div>\n\t\t\t\t<\/div>\n\t\t\t\t<\/div>\n\t\t\t\t\t\t<\/div>\n\t\t\t\t\t<\/div>\n\t\t<\/div>\n\t\t\t\t<div class=\"elementor-column elementor-col-20 elementor-top-column elementor-element elementor-element-ffa03d3\" data-id=\"ffa03d3\" data-element_type=\"column\">\n\t\t\t<div class=\"elementor-column-wrap\">\n\t\t\t\t\t\t\t<div class=\"elementor-widget-wrap\">\n\t\t\t\t\t\t\t\t<\/div>\n\t\t\t\t\t<\/div>\n\t\t<\/div>\n\t\t\t\t\t\t\t\t<\/div>\n\t\t\t\t\t<\/div>\n\t\t<\/section>\n\t\t\t\t<section class=\"elementor-section elementor-top-section elementor-element elementor-element-166df35 elementor-section-full_width elementor-section-height-default elementor-section-height-default\" data-id=\"166df35\" data-element_type=\"section\" data-settings=\"{&quot;background_background&quot;:&quot;classic&quot;}\">\n\t\t\t\t\t\t<div class=\"elementor-container elementor-column-gap-no\">\n\t\t\t\t\t\t\t<div class=\"elementor-row\">\n\t\t\t\t\t<div class=\"elementor-column elementor-col-100 elementor-top-column elementor-element elementor-element-e67ae40\" data-id=\"e67ae40\" data-element_type=\"column\">\n\t\t\t<div class=\"elementor-column-wrap elementor-element-populated\">\n\t\t\t\t\t\t\t<div class=\"elementor-widget-wrap\">\n\t\t\t\t\t\t<div class=\"elementor-element elementor-element-2b7c735 elementor-widget elementor-widget-image\" data-id=\"2b7c735\" data-element_type=\"widget\" data-widget_type=\"image.default\">\n\t\t\t\t<div class=\"elementor-widget-container\">\n\t\t\t\t\t<div class=\"elementor-image\">\n\t\t\t\t\t\t\t\t\t\t\t<a href=\"http:\/\/www.cnpdia.embrapa.br\/siagro\">\n\t\t\t\t\t\t\t<img width=\"1080\" height=\"120\" src=\"https:\/\/www.cnpdia.embrapa.br\/siagro\/wp-content\/uploads\/2019\/02\/header-2transparente.png\" class=\"attachment-full size-full\" alt=\"\" loading=\"lazy\" srcset=\"https:\/\/www.cnpdia.embrapa.br\/siagro\/wp-content\/uploads\/2019\/02\/header-2transparente.png 1080w, https:\/\/www.cnpdia.embrapa.br\/siagro\/wp-content\/uploads\/2019\/02\/header-2transparente-300x33.png 300w, https:\/\/www.cnpdia.embrapa.br\/siagro\/wp-content\/uploads\/2019\/02\/header-2transparente-768x85.png 768w, https:\/\/www.cnpdia.embrapa.br\/siagro\/wp-content\/uploads\/2019\/02\/header-2transparente-1024x114.png 1024w\" sizes=\"(max-width: 1080px) 100vw, 1080px\" \/>\t\t\t\t\t\t\t\t<\/a>\n\t\t\t\t\t\t\t\t\t\t\t<\/div>\n\t\t\t\t<\/div>\n\t\t\t\t<\/div>\n\t\t\t\t\t\t<\/div>\n\t\t\t\t\t<\/div>\n\t\t<\/div>\n\t\t\t\t\t\t\t\t<\/div>\n\t\t\t\t\t<\/div>\n\t\t<\/section>\n\t\t\t\t<section class=\"elementor-section elementor-top-section elementor-element elementor-element-99be3c4 elementor-section-full_width elementor-reverse-tablet elementor-reverse-mobile elementor-section-height-default elementor-section-height-default\" data-id=\"99be3c4\" data-element_type=\"section\" data-settings=\"{&quot;background_background&quot;:&quot;classic&quot;}\">\n\t\t\t\t\t\t<div class=\"elementor-container elementor-column-gap-no\">\n\t\t\t\t\t\t\t<div class=\"elementor-row\">\n\t\t\t\t\t<div class=\"elementor-column elementor-col-16 elementor-top-column elementor-element elementor-element-edfff7c\" data-id=\"edfff7c\" data-element_type=\"column\">\n\t\t\t<div class=\"elementor-column-wrap\">\n\t\t\t\t\t\t\t<div class=\"elementor-widget-wrap\">\n\t\t\t\t\t\t\t\t<\/div>\n\t\t\t\t\t<\/div>\n\t\t<\/div>\n\t\t\t\t<div class=\"elementor-column elementor-col-66 elementor-top-column elementor-element elementor-element-d5b12d5\" data-id=\"d5b12d5\" data-element_type=\"column\">\n\t\t\t<div class=\"elementor-column-wrap elementor-element-populated\">\n\t\t\t\t\t\t\t<div class=\"elementor-widget-wrap\">\n\t\t\t\t\t\t<div class=\"elementor-element elementor-element-adcb6a8 elementor-widget elementor-widget-wp-widget-ocean_custom_menu\" data-id=\"adcb6a8\" data-element_type=\"widget\" data-widget_type=\"wp-widget-ocean_custom_menu.default\">\n\t\t\t\t<div class=\"elementor-widget-container\">\n\t\t\t<style type=\"text\/css\">.ocean_custom_menu-REPLACE_TO_ID > ul > li > a, .custom-menu-widget .ocean_custom_menu-REPLACE_TO_ID .dropdown-menu .sub-menu li a.menu-link{line-height:30px;}.custom-menu-widget .ocean_custom_menu-REPLACE_TO_ID.oceanwp-custom-menu > ul.click-menu .open-this{}.ocean_custom_menu-REPLACE_TO_ID > ul > li > a:hover, .custom-menu-widget .ocean_custom_menu-REPLACE_TO_ID .dropdown-menu .sub-menu li a.menu-link:hover{color:#999;}.custom-menu-widget .ocean_custom_menu-REPLACE_TO_ID.oceanwp-custom-menu > ul.click-menu .open-this:hover{color:#999;}<\/style><div class=\"oceanwp-custom-menu clr ocean_custom_menu-REPLACE_TO_ID center dropdown-hover\"><ul id=\"menu-header-primary-menu\" class=\"dropdown-menu sf-menu\"><li  id=\"menu-item-37\" class=\"menu-item menu-item-type-post_type menu-item-object-page menu-item-home menu-item-37\"><a href=\"https:\/\/www.cnpdia.embrapa.br\/siagro\/\" class=\"menu-link\">P\u00e1gina inicial<\/a><\/li>\n<li  id=\"menu-item-2265\" class=\"menu-item menu-item-type-post_type menu-item-object-page menu-item-has-children dropdown menu-item-2265 nav-no-click\"><a href=\"https:\/\/www.cnpdia.embrapa.br\/siagro\/programacao-2\/\" class=\"menu-link\">Programa\u00e7\u00e3o <span class=\"nav-arrow fa fa-angle-down\"><\/span><\/a>\n<ul class=\"sub-menu\">\n\t<li  id=\"menu-item-271\" class=\"menu-item menu-item-type-post_type menu-item-object-page menu-item-271\"><a href=\"https:\/\/www.cnpdia.embrapa.br\/siagro\/datas-importantes\/\" class=\"menu-link\">Datas Importantes<\/a><\/li>\n\t<li  id=\"menu-item-334\" class=\"menu-item menu-item-type-post_type menu-item-object-page menu-item-334\"><a href=\"https:\/\/www.cnpdia.embrapa.br\/siagro\/programacao\/\" class=\"menu-link\">Programa\u00e7\u00e3o<\/a><\/li>\n\t<li  id=\"menu-item-690\" class=\"menu-item menu-item-type-post_type menu-item-object-page menu-item-690\"><a href=\"https:\/\/www.cnpdia.embrapa.br\/siagro\/palestrantes\/\" class=\"menu-link\">Palestrantes<\/a><\/li>\n\t<li  id=\"menu-item-2243\" class=\"menu-item menu-item-type-post_type menu-item-object-page menu-item-2243\"><a href=\"https:\/\/www.cnpdia.embrapa.br\/siagro\/standes\/\" class=\"menu-link\">stands<\/a><\/li>\n<\/ul>\n<\/li>\n<li  id=\"menu-item-1104\" class=\"menu-item menu-item-type-post_type menu-item-object-page menu-item-has-children dropdown menu-item-1104 nav-no-click\"><a href=\"https:\/\/www.cnpdia.embrapa.br\/siagro\/pitch-deck-agtechs\/\" class=\"menu-link\">Pitch Deck AgTechs <span class=\"nav-arrow fa fa-angle-down\"><\/span><\/a>\n<ul class=\"sub-menu\">\n\t<li  id=\"menu-item-967\" class=\"menu-item menu-item-type-post_type menu-item-object-page menu-item-967\"><a href=\"https:\/\/www.cnpdia.embrapa.br\/siagro\/regulamento\/\" class=\"menu-link\">Regulamento<\/a><\/li>\n\t<li  id=\"menu-item-1106\" class=\"menu-item menu-item-type-post_type menu-item-object-page menu-item-1106\"><a href=\"https:\/\/www.cnpdia.embrapa.br\/siagro\/banca\/\" class=\"menu-link\">Banca<\/a><\/li>\n\t<li  id=\"menu-item-1410\" class=\"menu-item menu-item-type-post_type menu-item-object-page menu-item-1410\"><a href=\"https:\/\/www.cnpdia.embrapa.br\/siagro\/agtechs-classificadas\/\" class=\"menu-link\">Agtechs Classificadas<\/a><\/li>\n<\/ul>\n<\/li>\n<li  id=\"menu-item-1105\" class=\"menu-item menu-item-type-post_type menu-item-object-page menu-item-1105\"><a href=\"https:\/\/www.cnpdia.embrapa.br\/siagro\/patrocinadores\/\" class=\"menu-link\">Patrocinadores<\/a><\/li>\n<li  id=\"menu-item-844\" class=\"menu-item menu-item-type-post_type menu-item-object-page menu-item-has-children dropdown menu-item-844 nav-no-click\"><a href=\"https:\/\/www.cnpdia.embrapa.br\/siagro\/noticia\/\" class=\"menu-link\">Comunica\u00e7\u00e3o <span class=\"nav-arrow fa fa-angle-down\"><\/span><\/a>\n<ul class=\"sub-menu\">\n\t<li  id=\"menu-item-842\" class=\"menu-item menu-item-type-post_type menu-item-object-page menu-item-842\"><a href=\"https:\/\/www.cnpdia.embrapa.br\/siagro\/release\/\" class=\"menu-link\">Release<\/a><\/li>\n\t<li  id=\"menu-item-840\" class=\"menu-item menu-item-type-post_type menu-item-object-page menu-item-840\"><a href=\"https:\/\/www.cnpdia.embrapa.br\/siagro\/clipping\/\" class=\"menu-link\">Clipping<\/a><\/li>\n\t<li  id=\"menu-item-838\" class=\"menu-item menu-item-type-post_type menu-item-object-page menu-item-838\"><a href=\"https:\/\/www.cnpdia.embrapa.br\/siagro\/temas-na-midia\/\" class=\"menu-link\">Temas na m\u00eddia<\/a><\/li>\n\t<li  id=\"menu-item-853\" class=\"menu-item menu-item-type-post_type menu-item-object-page menu-item-853\"><a href=\"https:\/\/www.cnpdia.embrapa.br\/siagro\/contato-imprensa\/\" class=\"menu-link\">Contato imprensa<\/a><\/li>\n<\/ul>\n<\/li>\n<li  id=\"menu-item-2629\" class=\"menu-item menu-item-type-post_type menu-item-object-page menu-item-2629\"><a href=\"https:\/\/www.cnpdia.embrapa.br\/siagro\/pos-evento\/\" class=\"menu-link\">P\u00f3s-evento<\/a><\/li>\n<li  id=\"menu-item-1157\" class=\"menu-item menu-item-type-post_type menu-item-object-page menu-item-has-children dropdown menu-item-1157 nav-no-click\"><a href=\"https:\/\/www.cnpdia.embrapa.br\/siagro\/contato-2\/\" class=\"menu-link\">Contato <span class=\"nav-arrow fa fa-angle-down\"><\/span><\/a>\n<ul class=\"sub-menu\">\n\t<li  id=\"menu-item-41\" class=\"menu-item menu-item-type-post_type menu-item-object-page menu-item-41\"><a href=\"https:\/\/www.cnpdia.embrapa.br\/siagro\/contato\/\" class=\"menu-link\">Contato<\/a><\/li>\n\t<li  id=\"menu-item-1154\" class=\"menu-item menu-item-type-post_type menu-item-object-page menu-item-1154\"><a href=\"https:\/\/www.cnpdia.embrapa.br\/siagro\/acomodacao\/\" class=\"menu-link\">Acomoda\u00e7\u00e3o<\/a><\/li>\n<\/ul>\n<\/li>\n<\/ul><\/div>\t\t<\/div>\n\t\t\t\t<\/div>\n\t\t\t\t\t\t<\/div>\n\t\t\t\t\t<\/div>\n\t\t<\/div>\n\t\t\t\t<div class=\"elementor-column elementor-col-16 elementor-top-column elementor-element elementor-element-6efe24a\" data-id=\"6efe24a\" data-element_type=\"column\">\n\t\t\t<div class=\"elementor-column-wrap\">\n\t\t\t\t\t\t\t<div class=\"elementor-widget-wrap\">\n\t\t\t\t\t\t\t\t<\/div>\n\t\t\t\t\t<\/div>\n\t\t<\/div>\n\t\t\t\t\t\t\t\t<\/div>\n\t\t\t\t\t<\/div>\n\t\t<\/section>\n\t\t\t\t\t\t<\/div>\n\t\t\t\t\t\t<\/div>\n\t\t\t\t\t<\/div>\n\t\t<\/div>\n\t\t\t\t<\/div>\n\t\t\t\t<\/div>\n\t\t\t\t\t\t<\/div>\n\t\t\t\t\t<\/div>\n\t\t<\/div>\n\t\t\t\t\t\t\t\t<\/div>\n\t\t\t\t\t<\/div>\n\t\t<\/section>\n\t\t\t\t<section class=\"elementor-section elementor-top-section elementor-element elementor-element-b4f7c76 elementor-section-boxed elementor-section-height-default elementor-section-height-default\" data-id=\"b4f7c76\" data-element_type=\"section\">\n\t\t\t\t\t\t<div class=\"elementor-container elementor-column-gap-no\">\n\t\t\t\t\t\t\t<div class=\"elementor-row\">\n\t\t\t\t\t<div class=\"elementor-column elementor-col-100 elementor-top-column elementor-element elementor-element-85baaf1\" data-id=\"85baaf1\" data-element_type=\"column\">\n\t\t\t<div class=\"elementor-column-wrap elementor-element-populated\">\n\t\t\t\t\t\t\t<div class=\"elementor-widget-wrap\">\n\t\t\t\t\t\t<div class=\"elementor-element elementor-element-36f1560 elementor-widget elementor-widget-spacer\" data-id=\"36f1560\" data-element_type=\"widget\" data-widget_type=\"spacer.default\">\n\t\t\t\t<div class=\"elementor-widget-container\">\n\t\t\t\t\t<div class=\"elementor-spacer\">\n\t\t\t<div class=\"elementor-spacer-inner\"><\/div>\n\t\t<\/div>\n\t\t\t\t<\/div>\n\t\t\t\t<\/div>\n\t\t\t\t<div class=\"elementor-element elementor-element-83dc140 elementor-widget elementor-widget-heading\" data-id=\"83dc140\" data-element_type=\"widget\" data-widget_type=\"heading.default\">\n\t\t\t\t<div class=\"elementor-widget-container\">\n\t\t\t<h2 class=\"elementor-heading-title elementor-size-medium\"><span font-family: arial, helvetica, sans-serif; font-size: medium; font-style: normal; font-variant-ligatures: normal; font-variant-caps: normal; font-weight: 400; white-space: normal;\">Pecu\u00e1ria de Precis\u00e3o<\/span><\/h2>\t\t<\/div>\n\t\t\t\t<\/div>\n\t\t\t\t<div class=\"elementor-element elementor-element-c2ef7c5 elementor-widget elementor-widget-text-editor\" data-id=\"c2ef7c5\" data-element_type=\"widget\" data-widget_type=\"text-editor.default\">\n\t\t\t\t<div class=\"elementor-widget-container\">\n\t\t\t\t\t<div class=\"elementor-text-editor elementor-clearfix\"><p><a href=\"https:\/\/g1.globo.com\/economia\/agronegocios\/globo-rural\/noticia\/2018\/10\/21\/fazenda-experimental-usa-chip-na-orelha-do-boi-para-acompanhar-gado-em-tempo-real.ghtml\" target=\"_blank\" rel=\"noopener\">Fazenda experimental usa chip na orelha do boi para acompanhar gado em tempo real<\/a><\/p><\/div>\n\t\t\t\t<\/div>\n\t\t\t\t<\/div>\n\t\t\t\t<div class=\"elementor-element elementor-element-b3c0960 elementor-widget elementor-widget-divider\" data-id=\"b3c0960\" data-element_type=\"widget\" data-widget_type=\"divider.default\">\n\t\t\t\t<div class=\"elementor-widget-container\">\n\t\t\t\t\t<div class=\"elementor-divider\">\n\t\t\t<span class=\"elementor-divider-separator\">\n\t\t\t\t\t\t<\/span>\n\t\t<\/div>\n\t\t\t\t<\/div>\n\t\t\t\t<\/div>\n\t\t\t\t<div class=\"elementor-element elementor-element-b4f7490 elementor-widget elementor-widget-heading\" data-id=\"b4f7490\" data-element_type=\"widget\" data-widget_type=\"heading.default\">\n\t\t\t\t<div class=\"elementor-widget-container\">\n\t\t\t<h2 class=\"elementor-heading-title elementor-size-medium\"><span font-family: arial, helvetica, sans-serif; font-size: large; font-style: normal; font-variant-ligatures: normal; font-variant-caps: normal; font-weight: 400; white-space: normal;\">Nanotecnologia<\/span><\/h2>\t\t<\/div>\n\t\t\t\t<\/div>\n\t\t\t\t<div class=\"elementor-element elementor-element-c49d523 elementor-widget elementor-widget-text-editor\" data-id=\"c49d523\" data-element_type=\"widget\" data-widget_type=\"text-editor.default\">\n\t\t\t\t<div class=\"elementor-widget-container\">\n\t\t\t\t\t<div class=\"elementor-text-editor elementor-clearfix\"><p><a href=\"https:\/\/g1.globo.com\/jornal-nacional\/noticia\/2019\/07\/17\/pesquisadores-usam-cera-de-carnauba-para-aumentar-duracao-de-frutas.ghtml\" target=\"_blank\" rel=\"noopener\">Pesquisadores usam cera de carna\u00faba para aumentar dura\u00e7\u00e3o de frutas<\/a><\/p><\/div>\n\t\t\t\t<\/div>\n\t\t\t\t<\/div>\n\t\t\t\t\t\t<\/div>\n\t\t\t\t\t<\/div>\n\t\t<\/div>\n\t\t\t\t\t\t\t\t<\/div>\n\t\t\t\t\t<\/div>\n\t\t<\/section>\n\t\t\t\t\t\t<\/div>\n\t\t\t\t\t\t<\/div>\n\t\t\t\t\t<\/div>\n\t\t","protected":false},"excerpt":{"rendered":"<p>Pecu\u00e1ria de Precis\u00e3o Fazenda experimental usa chip na orelha do boi para acompanhar gado em tempo real Nanotecnologia Pesquisadores usam cera de carna\u00faba para aumentar dura\u00e7\u00e3o de frutas<\/p>\n","protected":false},"author":1,"featured_media":0,"parent":0,"menu_order":0,"comment_status":"closed","ping_status":"closed","template":"elementor_canvas","meta":[],"_links":{"self":[{"href":"https:\/\/www.cnpdia.embrapa.br\/siagro\/wp-json\/wp\/v2\/pages\/817"}],"collection":[{"href":"https:\/\/www.cnpdia.embrapa.br\/siagro\/wp-json\/wp\/v2\/pages"}],"about":[{"href":"https:\/\/www.cnpdia.embrapa.br\/siagro\/wp-json\/wp\/v2\/types\/page"}],"author":[{"embeddable":true,"href":"https:\/\/www.cnpdia.embrapa.br\/siagro\/wp-json\/wp\/v2\/users\/1"}],"replies":[{"embeddable":true,"href":"https:\/\/www.cnpdia.embrapa.br\/siagro\/wp-json\/wp\/v2\/comments?post=817"}],"version-history":[{"count":13,"href":"https:\/\/www.cnpdia.embrapa.br\/siagro\/wp-json\/wp\/v2\/pages\/817\/revisions"}],"predecessor-version":[{"id":837,"href":"https:\/\/www.cnpdia.embrapa.br\/siagro\/wp-json\/wp\/v2\/pages\/817\/revisions\/837"}],"wp:attachment":[{"href":"https:\/\/www.cnpdia.embrapa.br\/siagro\/wp-json\/wp\/v2\/media?parent=817"}],"curies":[{"name":"wp","href":"https:\/\/api.w.org\/{rel}","templated":true}]}}