{"id":1195,"date":"2019-10-18T18:26:38","date_gmt":"2019-10-18T21:26:38","guid":{"rendered":"http:\/\/www.cnpdia.embrapa.br\/siagro\/?page_id=1195"},"modified":"2019-11-20T15:04:43","modified_gmt":"2019-11-20T17:04:43","slug":"encerrado","status":"publish","type":"page","link":"https:\/\/www.cnpdia.embrapa.br\/siagro\/encerrado\/","title":{"rendered":"Encerrado"},"content":{"rendered":"\t\t<div data-elementor-type=\"wp-page\" data-elementor-id=\"1195\" class=\"elementor elementor-1195\" data-elementor-settings=\"[]\">\n\t\t\t\t\t\t<div class=\"elementor-inner\">\n\t\t\t\t\t\t\t<div class=\"elementor-section-wrap\">\n\t\t\t\t\t\t\t<section class=\"elementor-section elementor-top-section elementor-element elementor-element-ee832b5 elementor-section-full_width elementor-section-height-default elementor-section-height-default\" data-id=\"ee832b5\" data-element_type=\"section\">\n\t\t\t\t\t\t<div class=\"elementor-container elementor-column-gap-no\">\n\t\t\t\t\t\t\t<div class=\"elementor-row\">\n\t\t\t\t\t<div class=\"elementor-column elementor-col-100 elementor-top-column elementor-element elementor-element-dd7653d\" data-id=\"dd7653d\" data-element_type=\"column\">\n\t\t\t<div class=\"elementor-column-wrap elementor-element-populated\">\n\t\t\t\t\t\t\t<div class=\"elementor-widget-wrap\">\n\t\t\t\t\t\t<div class=\"elementor-element elementor-element-e738f7a elementor-widget elementor-widget-shortcode\" data-id=\"e738f7a\" data-element_type=\"widget\" data-widget_type=\"shortcode.default\">\n\t\t\t\t<div class=\"elementor-widget-container\">\n\t\t\t\t\t<div class=\"elementor-shortcode\">\t\t<div data-elementor-type=\"wp-post\" data-elementor-id=\"96\" class=\"elementor elementor-96\" data-elementor-settings=\"[]\">\n\t\t\t\t\t\t<div class=\"elementor-inner\">\n\t\t\t\t\t\t\t<div class=\"elementor-section-wrap\">\n\t\t\t\t\t\t\t<section class=\"elementor-section elementor-top-section elementor-element elementor-element-58066b8 elementor-section-full_width elementor-section-height-default elementor-section-height-default\" data-id=\"58066b8\" data-element_type=\"section\" data-settings=\"{&quot;background_background&quot;:&quot;classic&quot;}\">\n\t\t\t\t\t\t<div class=\"elementor-container elementor-column-gap-no\">\n\t\t\t\t\t\t\t<div class=\"elementor-row\">\n\t\t\t\t\t<div class=\"elementor-column elementor-col-20 elementor-top-column elementor-element elementor-element-1463a9e\" data-id=\"1463a9e\" data-element_type=\"column\">\n\t\t\t<div class=\"elementor-column-wrap\">\n\t\t\t\t\t\t\t<div class=\"elementor-widget-wrap\">\n\t\t\t\t\t\t\t\t<\/div>\n\t\t\t\t\t<\/div>\n\t\t<\/div>\n\t\t\t\t<div class=\"elementor-column elementor-col-20 elementor-top-column elementor-element elementor-element-c15add1\" data-id=\"c15add1\" data-element_type=\"column\">\n\t\t\t<div class=\"elementor-column-wrap\">\n\t\t\t\t\t\t\t<div class=\"elementor-widget-wrap\">\n\t\t\t\t\t\t\t\t<\/div>\n\t\t\t\t\t<\/div>\n\t\t<\/div>\n\t\t\t\t<div class=\"elementor-column elementor-col-20 elementor-top-column elementor-element elementor-element-a74c18e\" data-id=\"a74c18e\" data-element_type=\"column\">\n\t\t\t<div class=\"elementor-column-wrap\">\n\t\t\t\t\t\t\t<div class=\"elementor-widget-wrap\">\n\t\t\t\t\t\t\t\t<\/div>\n\t\t\t\t\t<\/div>\n\t\t<\/div>\n\t\t\t\t<div class=\"elementor-column elementor-col-20 elementor-top-column elementor-element elementor-element-2f4c4d4\" data-id=\"2f4c4d4\" data-element_type=\"column\">\n\t\t\t<div class=\"elementor-column-wrap elementor-element-populated\">\n\t\t\t\t\t\t\t<div class=\"elementor-widget-wrap\">\n\t\t\t\t\t\t<div class=\"elementor-element elementor-element-ed8d9b9 elementor-shape-rounded elementor-grid-0 elementor-widget elementor-widget-social-icons\" data-id=\"ed8d9b9\" data-element_type=\"widget\" data-widget_type=\"social-icons.default\">\n\t\t\t\t<div class=\"elementor-widget-container\">\n\t\t\t\t\t<div class=\"elementor-social-icons-wrapper elementor-grid\">\n\t\t\t\t\t\t\t<div class=\"elementor-grid-item\">\n\t\t\t\t\t<a class=\"elementor-icon elementor-social-icon elementor-social-icon-youtube elementor-repeater-item-301ea13\" href=\"https:\/\/www.youtube.com\/user\/videosEmbrapa\" target=\"_blank\">\n\t\t\t\t\t\t<span class=\"elementor-screen-only\">Youtube<\/span>\n\t\t\t\t\t\t\t\t\t\t\t\t\t<i class=\"fa fa-youtube\"><\/i>\n\t\t\t\t\t\t\t\t\t\t\t<\/a>\n\t\t\t\t<\/div>\n\t\t\t\t\t\t\t<div class=\"elementor-grid-item\">\n\t\t\t\t\t<a class=\"elementor-icon elementor-social-icon elementor-social-icon-twitter elementor-repeater-item-b6697f4\" href=\"https:\/\/twitter.com\/embrapa\" target=\"_blank\">\n\t\t\t\t\t\t<span class=\"elementor-screen-only\">Twitter<\/span>\n\t\t\t\t\t\t\t\t\t\t\t\t\t<i class=\"fa fa-twitter\"><\/i>\n\t\t\t\t\t\t\t\t\t\t\t<\/a>\n\t\t\t\t<\/div>\n\t\t\t\t\t\t\t<div class=\"elementor-grid-item\">\n\t\t\t\t\t<a class=\"elementor-icon elementor-social-icon elementor-social-icon-facebook elementor-repeater-item-cdffd0a\" href=\"https:\/\/www.facebook.com\/embrapa\" target=\"_blank\">\n\t\t\t\t\t\t<span class=\"elementor-screen-only\">Facebook<\/span>\n\t\t\t\t\t\t\t\t\t\t\t\t\t<i class=\"fa fa-facebook\"><\/i>\n\t\t\t\t\t\t\t\t\t\t\t<\/a>\n\t\t\t\t<\/div>\n\t\t\t\t\t\t\t<div class=\"elementor-grid-item\">\n\t\t\t\t\t<a class=\"elementor-icon elementor-social-icon elementor-social-icon-flickr elementor-repeater-item-4d3c888\" href=\"https:\/\/www.flickr.com\/photos\/embrapa\/\" target=\"_blank\">\n\t\t\t\t\t\t<span class=\"elementor-screen-only\">Flickr<\/span>\n\t\t\t\t\t\t\t\t\t\t\t\t\t<i class=\"fa fa-flickr\"><\/i>\n\t\t\t\t\t\t\t\t\t\t\t<\/a>\n\t\t\t\t<\/div>\n\t\t\t\t\t<\/div>\n\t\t\t\t<\/div>\n\t\t\t\t<\/div>\n\t\t\t\t\t\t<\/div>\n\t\t\t\t\t<\/div>\n\t\t<\/div>\n\t\t\t\t<div class=\"elementor-column elementor-col-20 elementor-top-column elementor-element elementor-element-ffa03d3\" data-id=\"ffa03d3\" data-element_type=\"column\">\n\t\t\t<div class=\"elementor-column-wrap\">\n\t\t\t\t\t\t\t<div class=\"elementor-widget-wrap\">\n\t\t\t\t\t\t\t\t<\/div>\n\t\t\t\t\t<\/div>\n\t\t<\/div>\n\t\t\t\t\t\t\t\t<\/div>\n\t\t\t\t\t<\/div>\n\t\t<\/section>\n\t\t\t\t<section class=\"elementor-section elementor-top-section elementor-element elementor-element-166df35 elementor-section-full_width elementor-section-height-default elementor-section-height-default\" data-id=\"166df35\" data-element_type=\"section\" data-settings=\"{&quot;background_background&quot;:&quot;classic&quot;}\">\n\t\t\t\t\t\t<div class=\"elementor-container elementor-column-gap-no\">\n\t\t\t\t\t\t\t<div class=\"elementor-row\">\n\t\t\t\t\t<div class=\"elementor-column elementor-col-100 elementor-top-column elementor-element elementor-element-e67ae40\" data-id=\"e67ae40\" data-element_type=\"column\">\n\t\t\t<div class=\"elementor-column-wrap elementor-element-populated\">\n\t\t\t\t\t\t\t<div class=\"elementor-widget-wrap\">\n\t\t\t\t\t\t<div class=\"elementor-element elementor-element-2b7c735 elementor-widget elementor-widget-image\" data-id=\"2b7c735\" data-element_type=\"widget\" data-widget_type=\"image.default\">\n\t\t\t\t<div class=\"elementor-widget-container\">\n\t\t\t\t\t<div class=\"elementor-image\">\n\t\t\t\t\t\t\t\t\t\t\t<a href=\"http:\/\/www.cnpdia.embrapa.br\/siagro\">\n\t\t\t\t\t\t\t<img width=\"1080\" height=\"120\" src=\"https:\/\/www.cnpdia.embrapa.br\/siagro\/wp-content\/uploads\/2019\/02\/header-2transparente.png\" class=\"attachment-full size-full\" alt=\"\" loading=\"lazy\" srcset=\"https:\/\/www.cnpdia.embrapa.br\/siagro\/wp-content\/uploads\/2019\/02\/header-2transparente.png 1080w, https:\/\/www.cnpdia.embrapa.br\/siagro\/wp-content\/uploads\/2019\/02\/header-2transparente-300x33.png 300w, https:\/\/www.cnpdia.embrapa.br\/siagro\/wp-content\/uploads\/2019\/02\/header-2transparente-768x85.png 768w, https:\/\/www.cnpdia.embrapa.br\/siagro\/wp-content\/uploads\/2019\/02\/header-2transparente-1024x114.png 1024w\" sizes=\"(max-width: 1080px) 100vw, 1080px\" \/>\t\t\t\t\t\t\t\t<\/a>\n\t\t\t\t\t\t\t\t\t\t\t<\/div>\n\t\t\t\t<\/div>\n\t\t\t\t<\/div>\n\t\t\t\t\t\t<\/div>\n\t\t\t\t\t<\/div>\n\t\t<\/div>\n\t\t\t\t\t\t\t\t<\/div>\n\t\t\t\t\t<\/div>\n\t\t<\/section>\n\t\t\t\t<section class=\"elementor-section elementor-top-section elementor-element elementor-element-99be3c4 elementor-section-full_width elementor-reverse-tablet elementor-reverse-mobile elementor-section-height-default elementor-section-height-default\" data-id=\"99be3c4\" data-element_type=\"section\" data-settings=\"{&quot;background_background&quot;:&quot;classic&quot;}\">\n\t\t\t\t\t\t<div class=\"elementor-container elementor-column-gap-no\">\n\t\t\t\t\t\t\t<div class=\"elementor-row\">\n\t\t\t\t\t<div class=\"elementor-column elementor-col-16 elementor-top-column elementor-element elementor-element-edfff7c\" data-id=\"edfff7c\" data-element_type=\"column\">\n\t\t\t<div class=\"elementor-column-wrap\">\n\t\t\t\t\t\t\t<div class=\"elementor-widget-wrap\">\n\t\t\t\t\t\t\t\t<\/div>\n\t\t\t\t\t<\/div>\n\t\t<\/div>\n\t\t\t\t<div class=\"elementor-column elementor-col-66 elementor-top-column elementor-element elementor-element-d5b12d5\" data-id=\"d5b12d5\" data-element_type=\"column\">\n\t\t\t<div class=\"elementor-column-wrap elementor-element-populated\">\n\t\t\t\t\t\t\t<div class=\"elementor-widget-wrap\">\n\t\t\t\t\t\t<div class=\"elementor-element elementor-element-adcb6a8 elementor-widget elementor-widget-wp-widget-ocean_custom_menu\" data-id=\"adcb6a8\" data-element_type=\"widget\" data-widget_type=\"wp-widget-ocean_custom_menu.default\">\n\t\t\t\t<div class=\"elementor-widget-container\">\n\t\t\t<style type=\"text\/css\">.ocean_custom_menu-REPLACE_TO_ID > ul > li > a, .custom-menu-widget .ocean_custom_menu-REPLACE_TO_ID .dropdown-menu .sub-menu li a.menu-link{line-height:30px;}.custom-menu-widget .ocean_custom_menu-REPLACE_TO_ID.oceanwp-custom-menu > ul.click-menu .open-this{}.ocean_custom_menu-REPLACE_TO_ID > ul > li > a:hover, .custom-menu-widget .ocean_custom_menu-REPLACE_TO_ID .dropdown-menu .sub-menu li a.menu-link:hover{color:#999;}.custom-menu-widget .ocean_custom_menu-REPLACE_TO_ID.oceanwp-custom-menu > ul.click-menu .open-this:hover{color:#999;}<\/style><div class=\"oceanwp-custom-menu clr ocean_custom_menu-REPLACE_TO_ID center dropdown-hover\"><ul id=\"menu-header-primary-menu\" class=\"dropdown-menu sf-menu\"><li  id=\"menu-item-37\" class=\"menu-item menu-item-type-post_type menu-item-object-page menu-item-home menu-item-37\"><a href=\"https:\/\/www.cnpdia.embrapa.br\/siagro\/\" class=\"menu-link\">P\u00e1gina inicial<\/a><\/li>\n<li  id=\"menu-item-2265\" class=\"menu-item menu-item-type-post_type menu-item-object-page menu-item-has-children dropdown menu-item-2265 nav-no-click\"><a href=\"https:\/\/www.cnpdia.embrapa.br\/siagro\/programacao-2\/\" class=\"menu-link\">Programa\u00e7\u00e3o <span class=\"nav-arrow fa fa-angle-down\"><\/span><\/a>\n<ul class=\"sub-menu\">\n\t<li  id=\"menu-item-271\" class=\"menu-item menu-item-type-post_type menu-item-object-page menu-item-271\"><a href=\"https:\/\/www.cnpdia.embrapa.br\/siagro\/datas-importantes\/\" class=\"menu-link\">Datas Importantes<\/a><\/li>\n\t<li  id=\"menu-item-334\" class=\"menu-item menu-item-type-post_type menu-item-object-page menu-item-334\"><a href=\"https:\/\/www.cnpdia.embrapa.br\/siagro\/programacao\/\" class=\"menu-link\">Programa\u00e7\u00e3o<\/a><\/li>\n\t<li  id=\"menu-item-690\" class=\"menu-item menu-item-type-post_type menu-item-object-page menu-item-690\"><a href=\"https:\/\/www.cnpdia.embrapa.br\/siagro\/palestrantes\/\" class=\"menu-link\">Palestrantes<\/a><\/li>\n\t<li  id=\"menu-item-2243\" class=\"menu-item menu-item-type-post_type menu-item-object-page menu-item-2243\"><a href=\"https:\/\/www.cnpdia.embrapa.br\/siagro\/standes\/\" class=\"menu-link\">stands<\/a><\/li>\n<\/ul>\n<\/li>\n<li  id=\"menu-item-1104\" class=\"menu-item menu-item-type-post_type menu-item-object-page menu-item-has-children dropdown menu-item-1104 nav-no-click\"><a href=\"https:\/\/www.cnpdia.embrapa.br\/siagro\/pitch-deck-agtechs\/\" class=\"menu-link\">Pitch Deck AgTechs <span class=\"nav-arrow fa fa-angle-down\"><\/span><\/a>\n<ul class=\"sub-menu\">\n\t<li  id=\"menu-item-967\" class=\"menu-item menu-item-type-post_type menu-item-object-page menu-item-967\"><a href=\"https:\/\/www.cnpdia.embrapa.br\/siagro\/regulamento\/\" class=\"menu-link\">Regulamento<\/a><\/li>\n\t<li  id=\"menu-item-1106\" class=\"menu-item menu-item-type-post_type menu-item-object-page menu-item-1106\"><a href=\"https:\/\/www.cnpdia.embrapa.br\/siagro\/banca\/\" class=\"menu-link\">Banca<\/a><\/li>\n\t<li  id=\"menu-item-1410\" class=\"menu-item menu-item-type-post_type menu-item-object-page menu-item-1410\"><a href=\"https:\/\/www.cnpdia.embrapa.br\/siagro\/agtechs-classificadas\/\" class=\"menu-link\">Agtechs Classificadas<\/a><\/li>\n<\/ul>\n<\/li>\n<li  id=\"menu-item-1105\" class=\"menu-item menu-item-type-post_type menu-item-object-page menu-item-1105\"><a href=\"https:\/\/www.cnpdia.embrapa.br\/siagro\/patrocinadores\/\" class=\"menu-link\">Patrocinadores<\/a><\/li>\n<li  id=\"menu-item-844\" class=\"menu-item menu-item-type-post_type menu-item-object-page menu-item-has-children dropdown menu-item-844 nav-no-click\"><a href=\"https:\/\/www.cnpdia.embrapa.br\/siagro\/noticia\/\" class=\"menu-link\">Comunica\u00e7\u00e3o <span class=\"nav-arrow fa fa-angle-down\"><\/span><\/a>\n<ul class=\"sub-menu\">\n\t<li  id=\"menu-item-842\" class=\"menu-item menu-item-type-post_type menu-item-object-page menu-item-842\"><a href=\"https:\/\/www.cnpdia.embrapa.br\/siagro\/release\/\" class=\"menu-link\">Release<\/a><\/li>\n\t<li  id=\"menu-item-840\" class=\"menu-item menu-item-type-post_type menu-item-object-page menu-item-840\"><a href=\"https:\/\/www.cnpdia.embrapa.br\/siagro\/clipping\/\" class=\"menu-link\">Clipping<\/a><\/li>\n\t<li  id=\"menu-item-838\" class=\"menu-item menu-item-type-post_type menu-item-object-page menu-item-838\"><a href=\"https:\/\/www.cnpdia.embrapa.br\/siagro\/temas-na-midia\/\" class=\"menu-link\">Temas na m\u00eddia<\/a><\/li>\n\t<li  id=\"menu-item-853\" class=\"menu-item menu-item-type-post_type menu-item-object-page menu-item-853\"><a href=\"https:\/\/www.cnpdia.embrapa.br\/siagro\/contato-imprensa\/\" class=\"menu-link\">Contato imprensa<\/a><\/li>\n<\/ul>\n<\/li>\n<li  id=\"menu-item-2629\" class=\"menu-item menu-item-type-post_type menu-item-object-page menu-item-2629\"><a href=\"https:\/\/www.cnpdia.embrapa.br\/siagro\/pos-evento\/\" class=\"menu-link\">P\u00f3s-evento<\/a><\/li>\n<li  id=\"menu-item-1157\" class=\"menu-item menu-item-type-post_type menu-item-object-page menu-item-has-children dropdown menu-item-1157 nav-no-click\"><a href=\"https:\/\/www.cnpdia.embrapa.br\/siagro\/contato-2\/\" class=\"menu-link\">Contato <span class=\"nav-arrow fa fa-angle-down\"><\/span><\/a>\n<ul class=\"sub-menu\">\n\t<li  id=\"menu-item-41\" class=\"menu-item menu-item-type-post_type menu-item-object-page menu-item-41\"><a href=\"https:\/\/www.cnpdia.embrapa.br\/siagro\/contato\/\" class=\"menu-link\">Contato<\/a><\/li>\n\t<li  id=\"menu-item-1154\" class=\"menu-item menu-item-type-post_type menu-item-object-page menu-item-1154\"><a href=\"https:\/\/www.cnpdia.embrapa.br\/siagro\/acomodacao\/\" class=\"menu-link\">Acomoda\u00e7\u00e3o<\/a><\/li>\n<\/ul>\n<\/li>\n<\/ul><\/div>\t\t<\/div>\n\t\t\t\t<\/div>\n\t\t\t\t\t\t<\/div>\n\t\t\t\t\t<\/div>\n\t\t<\/div>\n\t\t\t\t<div class=\"elementor-column elementor-col-16 elementor-top-column elementor-element elementor-element-6efe24a\" data-id=\"6efe24a\" data-element_type=\"column\">\n\t\t\t<div class=\"elementor-column-wrap\">\n\t\t\t\t\t\t\t<div class=\"elementor-widget-wrap\">\n\t\t\t\t\t\t\t\t<\/div>\n\t\t\t\t\t<\/div>\n\t\t<\/div>\n\t\t\t\t\t\t\t\t<\/div>\n\t\t\t\t\t<\/div>\n\t\t<\/section>\n\t\t\t\t\t\t<\/div>\n\t\t\t\t\t\t<\/div>\n\t\t\t\t\t<\/div>\n\t\t<\/div>\n\t\t\t\t<\/div>\n\t\t\t\t<\/div>\n\t\t\t\t\t\t<\/div>\n\t\t\t\t\t<\/div>\n\t\t<\/div>\n\t\t\t\t\t\t\t\t<\/div>\n\t\t\t\t\t<\/div>\n\t\t<\/section>\n\t\t\t\t<section class=\"elementor-section elementor-top-section elementor-element elementor-element-c89dcc0 elementor-section-boxed elementor-section-height-default elementor-section-height-default\" data-id=\"c89dcc0\" data-element_type=\"section\">\n\t\t\t\t\t\t<div class=\"elementor-container elementor-column-gap-no\">\n\t\t\t\t\t\t\t<div class=\"elementor-row\">\n\t\t\t\t\t<div class=\"elementor-column elementor-col-100 elementor-top-column elementor-element elementor-element-dcf8931\" data-id=\"dcf8931\" data-element_type=\"column\">\n\t\t\t<div class=\"elementor-column-wrap elementor-element-populated\">\n\t\t\t\t\t\t\t<div class=\"elementor-widget-wrap\">\n\t\t\t\t\t\t<div class=\"elementor-element elementor-element-07298a2 elementor-widget elementor-widget-spacer\" data-id=\"07298a2\" data-element_type=\"widget\" data-widget_type=\"spacer.default\">\n\t\t\t\t<div class=\"elementor-widget-container\">\n\t\t\t\t\t<div class=\"elementor-spacer\">\n\t\t\t<div class=\"elementor-spacer-inner\"><\/div>\n\t\t<\/div>\n\t\t\t\t<\/div>\n\t\t\t\t<\/div>\n\t\t\t\t<div class=\"elementor-element elementor-element-a05006d elementor-widget elementor-widget-heading\" data-id=\"a05006d\" data-element_type=\"widget\" data-widget_type=\"heading.default\">\n\t\t\t\t<div class=\"elementor-widget-container\">\n\t\t\t<h1 class=\"elementor-heading-title elementor-size-large\">Aten\u00e7\u00e3o!!!<\/h1>\t\t<\/div>\n\t\t\t\t<\/div>\n\t\t\t\t<div class=\"elementor-element elementor-element-c7eebcc elementor-widget elementor-widget-text-editor\" data-id=\"c7eebcc\" data-element_type=\"widget\" data-widget_type=\"text-editor.default\">\n\t\t\t\t<div class=\"elementor-widget-container\">\n\t\t\t\t\t<div class=\"elementor-text-editor elementor-clearfix\"><p style=\"text-align: center;\">O prazo para inscri\u00e7\u00f5es se encerrou as 23h59 do dia 18\/10.<\/p><\/div>\n\t\t\t\t<\/div>\n\t\t\t\t<\/div>\n\t\t\t\t<div class=\"elementor-element elementor-element-b03a5f2 elementor-widget elementor-widget-text-editor\" data-id=\"b03a5f2\" data-element_type=\"widget\" data-widget_type=\"text-editor.default\">\n\t\t\t\t<div class=\"elementor-widget-container\">\n\t\t\t\t\t<div class=\"elementor-text-editor elementor-clearfix\"><p style=\"text-align: center;\">Se voc\u00ea j\u00e1 se inscreveu mais ainda n\u00e3o finalizou o seu cadastro, pode usar a op\u00e7\u00e3o <strong>&#8220;<a href=\"http:\/\/www.cnpdia.embrapa.br\/siagro\/login\/\">login<\/a>&#8220;<\/strong> no<br \/>menu <strong>&#8220;Pitch Deck AgTechs&#8221;<\/strong> para entrar com seu usu\u00e1rio e senha e finalizar o cadastro.<\/p><\/div>\n\t\t\t\t<\/div>\n\t\t\t\t<\/div>\n\t\t\t\t\t\t<\/div>\n\t\t\t\t\t<\/div>\n\t\t<\/div>\n\t\t\t\t\t\t\t\t<\/div>\n\t\t\t\t\t<\/div>\n\t\t<\/section>\n\t\t\t\t\t\t<\/div>\n\t\t\t\t\t\t<\/div>\n\t\t\t\t\t<\/div>\n\t\t","protected":false},"excerpt":{"rendered":"<p>Aten\u00e7\u00e3o!!! O prazo para inscri\u00e7\u00f5es se encerrou as 23h59 do dia 18\/10. Se voc\u00ea j\u00e1 se inscreveu mais ainda n\u00e3o finalizou o seu cadastro, pode usar a op\u00e7\u00e3o &#8220;login&#8220; no menu &#8220;Pitch Deck AgTechs&#8221; para entrar com seu usu\u00e1rio e senha e finalizar o cadastro.<\/p>\n","protected":false},"author":1,"featured_media":0,"parent":0,"menu_order":0,"comment_status":"closed","ping_status":"closed","template":"elementor_canvas","meta":[],"_links":{"self":[{"href":"https:\/\/www.cnpdia.embrapa.br\/siagro\/wp-json\/wp\/v2\/pages\/1195"}],"collection":[{"href":"https:\/\/www.cnpdia.embrapa.br\/siagro\/wp-json\/wp\/v2\/pages"}],"about":[{"href":"https:\/\/www.cnpdia.embrapa.br\/siagro\/wp-json\/wp\/v2\/types\/page"}],"author":[{"embeddable":true,"href":"https:\/\/www.cnpdia.embrapa.br\/siagro\/wp-json\/wp\/v2\/users\/1"}],"replies":[{"embeddable":true,"href":"https:\/\/www.cnpdia.embrapa.br\/siagro\/wp-json\/wp\/v2\/comments?post=1195"}],"version-history":[{"count":14,"href":"https:\/\/www.cnpdia.embrapa.br\/siagro\/wp-json\/wp\/v2\/pages\/1195\/revisions"}],"predecessor-version":[{"id":1848,"href":"https:\/\/www.cnpdia.embrapa.br\/siagro\/wp-json\/wp\/v2\/pages\/1195\/revisions\/1848"}],"wp:attachment":[{"href":"https:\/\/www.cnpdia.embrapa.br\/siagro\/wp-json\/wp\/v2\/media?parent=1195"}],"curies":[{"name":"wp","href":"https:\/\/api.w.org\/{rel}","templated":true}]}}