{"id":52,"date":"2018-02-26T10:35:25","date_gmt":"2018-02-26T13:35:25","guid":{"rendered":"http:\/\/www.cnpdia.embrapa.br\/jornada\/?page_id=52"},"modified":"2022-07-14T15:25:01","modified_gmt":"2022-07-14T18:25:01","slug":"normas-para-apresentacao","status":"publish","type":"page","link":"https:\/\/www.cnpdia.embrapa.br\/jornada\/normas-para-apresentacao\/","title":{"rendered":"Apresenta\u00e7\u00e3o de trabalhos"},"content":{"rendered":"\t\t<div data-elementor-type=\"wp-page\" data-elementor-id=\"52\" class=\"elementor elementor-52\">\n\t\t\t\t\t\t<div class=\"elementor-inner\">\n\t\t\t\t<div class=\"elementor-section-wrap\">\n\t\t\t\t\t\t\t\t\t<section class=\"elementor-section elementor-top-section elementor-element elementor-element-8b54527 elementor-section-boxed elementor-section-height-default elementor-section-height-default\" data-id=\"8b54527\" data-element_type=\"section\">\n\t\t\t\t\t\t<div class=\"elementor-container elementor-column-gap-default\">\n\t\t\t\t\t\t\t<div class=\"elementor-row\">\n\t\t\t\t\t<div class=\"elementor-column elementor-col-100 elementor-top-column elementor-element elementor-element-b0b2c5f\" data-id=\"b0b2c5f\" data-element_type=\"column\">\n\t\t\t<div class=\"elementor-column-wrap elementor-element-populated\">\n\t\t\t\t\t\t\t<div class=\"elementor-widget-wrap\">\n\t\t\t\t\t\t<div class=\"elementor-element elementor-element-06a4ddb elementor-widget elementor-widget-text-editor\" data-id=\"06a4ddb\" data-element_type=\"widget\" data-widget_type=\"text-editor.default\">\n\t\t\t\t<div class=\"elementor-widget-container\">\n\t\t\t\t\t\t\t\t<div class=\"elementor-text-editor elementor-clearfix\">\n\t\t\t\t<p style=\"text-align: left;\"><span style=\"font-weight: 400;\">A apresenta\u00e7\u00e3o dos trabalhos ser\u00e1 realizada em formato virtual, com apresenta\u00e7\u00f5es orais de todos os bolsistas de inicia\u00e7\u00e3o cient\u00edfica PIBIC e PIBITI do CNPq, transmitido via Google Meet.<\/span><\/p><p style=\"text-align: left;\"><span style=\"font-weight: 400;\">A comiss\u00e3o organizadora divulgar\u00e1 aos autores as datas e os hor\u00e1rios de apresenta\u00e7\u00e3o dos trabalhos, bem como as orienta\u00e7\u00f5es para a apresenta\u00e7\u00e3o. Ser\u00e1 disponibilizada <\/span><span style=\"font-weight: 400;\">a plataforma<\/span><span style=\"font-weight: 400;\"> e condi\u00e7\u00f5es para a exposi\u00e7\u00e3o dos trabalhos orais.\u00a0<\/span><\/p><p style=\"text-align: left;\"><span style=\"font-weight: 400;\">As normas e o modelo para submiss\u00e3o dos trabalhos est\u00e3o dispon\u00edveis no menu\u00a0<\/span>\u201c<b><a href=\"https:\/\/www.cnpdia.embrapa.br\/jornada\/documentos\/\">Documentos<\/a>\u201d<\/b>. Os resumos devem ser salvos no formato &#8220;<strong>.doc<\/strong>&#8220;, <strong>nomeados com o seguinte padr\u00e3o:<\/strong> <strong>nome_sobrenome_resumo.doc<\/strong> e enviados por meio do formul\u00e1rio de inscri\u00e7\u00e3o (Google Forms) at\u00e9 o dia 22\/07\/22. Caso tenha alguma dificuldade, envie e-mail para <a href=\"mailto:cnpdia.jornadacientifica@embrapa.br\">cnpdia.jornadacientifica@embrapa.br<\/a>.<\/p><p style=\"text-align: left;\"><span style=\"font-weight: 400;\">Os modelos para as apresenta\u00e7\u00f5es orais e em v\u00eddeo-p\u00f4steres tamb\u00e9m ser\u00e3o disponibilizados no mesmo local.<\/span><\/p><p style=\"text-align: center;\"><b>Apresenta\u00e7\u00e3o oral:<\/b><\/p><p style=\"text-align: left;\"><span style=\"font-weight: 400;\">Os alunos bolsistas de inicia\u00e7\u00e3o cient\u00edfica PIBIC e PIBITI do CNPq apresentar\u00e3o seus trabalhos na forma oral em formato virtual, transmitido via Google Meet<\/span><span style=\"font-weight: 400;\">\u00a0(1 apresenta\u00e7\u00e3o por bolsista). O tempo de apresenta\u00e7\u00e3o de cada trabalho ser\u00e1 de at\u00e9 10 minutos acrescidos de at\u00e9 5 minutos para perguntas e discuss\u00e3o (tempo m\u00e1ximo total de 15 minutos).\u00a0<\/span><\/p><p style=\"text-align: center;\"><b>Apresenta\u00e7\u00e3o em v\u00eddeo-p\u00f4ster:<\/b><\/p><p style=\"text-align: left;\"><span style=\"font-weight: 400;\">Todos os N\u00c3O-BOLSISTAS PIBIC-PIBITI que submeterem resumos devem, obrigatoriamente, submeter uma apresenta\u00e7\u00e3o em Microsoft PowerPonit, no formato de v\u00eddeo (v\u00eddeo-p\u00f4ster), com formato <strong>MP4<\/strong>, com dura\u00e7\u00e3o de, no m\u00e1ximo, 3 minutos.<\/span><\/p><p>Devem ser salvos em formato MP4 e nomeados de forma padronizada: <strong>nome_sobrenome_video_poster.mp4<\/strong> e enviados por meio do formul\u00e1rio de inscri\u00e7\u00e3o.<\/p><p>Caso tenha alguma dificuldade, envie e-mail para <a href=\"mailto:cnpdia.jornadacientifica@embrapa.br\">cnpdia.jornadacientifica@embrapa.br<\/a>.<\/p>\t\t\t\t\t<\/div>\n\t\t\t\t\t\t<\/div>\n\t\t\t\t<\/div>\n\t\t\t\t\t\t<\/div>\n\t\t\t\t\t<\/div>\n\t\t<\/div>\n\t\t\t\t\t\t\t\t<\/div>\n\t\t\t\t\t<\/div>\n\t\t<\/section>\n\t\t\t\t\t\t\t\t\t<\/div>\n\t\t\t<\/div>\n\t\t\t\t\t<\/div>\n\t\t","protected":false},"excerpt":{"rendered":"<p>A apresenta\u00e7\u00e3o dos trabalhos ser\u00e1 realizada em formato virtual, com apresenta\u00e7\u00f5es orais de todos os bolsistas de inicia\u00e7\u00e3o cient\u00edfica PIBIC e PIBITI do CNPq, transmitido via Google Meet. A comiss\u00e3o organizadora divulgar\u00e1 aos autores as datas e os hor\u00e1rios de apresenta\u00e7\u00e3o dos trabalhos, bem como as orienta\u00e7\u00f5es para a apresenta\u00e7\u00e3o. Ser\u00e1 disponibilizada a plataforma e &#8230; <a title=\"Apresenta\u00e7\u00e3o de trabalhos\" class=\"read-more\" href=\"https:\/\/www.cnpdia.embrapa.br\/jornada\/normas-para-apresentacao\/\" aria-label=\"More on Apresenta\u00e7\u00e3o de trabalhos\">Ler mais<\/a><\/p>\n","protected":false},"author":1,"featured_media":0,"parent":0,"menu_order":0,"comment_status":"closed","ping_status":"closed","template":"","meta":{"_mi_skip_tracking":false},"_links":{"self":[{"href":"https:\/\/www.cnpdia.embrapa.br\/jornada\/wp-json\/wp\/v2\/pages\/52"}],"collection":[{"href":"https:\/\/www.cnpdia.embrapa.br\/jornada\/wp-json\/wp\/v2\/pages"}],"about":[{"href":"https:\/\/www.cnpdia.embrapa.br\/jornada\/wp-json\/wp\/v2\/types\/page"}],"author":[{"embeddable":true,"href":"https:\/\/www.cnpdia.embrapa.br\/jornada\/wp-json\/wp\/v2\/users\/1"}],"replies":[{"embeddable":true,"href":"https:\/\/www.cnpdia.embrapa.br\/jornada\/wp-json\/wp\/v2\/comments?post=52"}],"version-history":[{"count":24,"href":"https:\/\/www.cnpdia.embrapa.br\/jornada\/wp-json\/wp\/v2\/pages\/52\/revisions"}],"predecessor-version":[{"id":1085,"href":"https:\/\/www.cnpdia.embrapa.br\/jornada\/wp-json\/wp\/v2\/pages\/52\/revisions\/1085"}],"wp:attachment":[{"href":"https:\/\/www.cnpdia.embrapa.br\/jornada\/wp-json\/wp\/v2\/media?parent=52"}],"curies":[{"name":"wp","href":"https:\/\/api.w.org\/{rel}","templated":true}]}}