{"id":48,"date":"2018-02-26T10:34:08","date_gmt":"2018-02-26T13:34:08","guid":{"rendered":"http:\/\/www.cnpdia.embrapa.br\/jornada\/?page_id=48"},"modified":"2022-06-22T11:37:39","modified_gmt":"2022-06-22T14:37:39","slug":"inscricao","status":"publish","type":"page","link":"https:\/\/www.cnpdia.embrapa.br\/jornada\/inscricao\/","title":{"rendered":"Inscri\u00e7\u00e3o"},"content":{"rendered":"\t\t<div data-elementor-type=\"wp-page\" data-elementor-id=\"48\" class=\"elementor elementor-48\">\n\t\t\t\t\t\t<div class=\"elementor-inner\">\n\t\t\t\t<div class=\"elementor-section-wrap\">\n\t\t\t\t\t\t\t\t\t<section class=\"elementor-section elementor-top-section elementor-element elementor-element-1edef7e elementor-section-boxed elementor-section-height-default elementor-section-height-default\" data-id=\"1edef7e\" data-element_type=\"section\">\n\t\t\t\t\t\t<div class=\"elementor-container elementor-column-gap-default\">\n\t\t\t\t\t\t\t<div class=\"elementor-row\">\n\t\t\t\t\t<div class=\"elementor-column elementor-col-100 elementor-top-column elementor-element elementor-element-54b6e72\" data-id=\"54b6e72\" data-element_type=\"column\">\n\t\t\t<div class=\"elementor-column-wrap elementor-element-populated\">\n\t\t\t\t\t\t\t<div class=\"elementor-widget-wrap\">\n\t\t\t\t\t\t<div class=\"elementor-element elementor-element-8e5b14f elementor-widget elementor-widget-text-editor\" data-id=\"8e5b14f\" data-element_type=\"widget\" data-widget_type=\"text-editor.default\">\n\t\t\t\t<div class=\"elementor-widget-container\">\n\t\t\t\t\t\t\t\t<div class=\"elementor-text-editor elementor-clearfix\">\n\t\t\t\t<p style=\"text-align: center;\"><span style=\"font-weight: 400;\">As inscri\u00e7\u00f5es para a 14\u00aa Jornada Cient\u00edfica Embrapa S\u00e3o Carlos s\u00e3o gratuitas. <\/span><\/p><p style=\"text-align: center;\"><span style=\"font-weight: 400;\">Verifique a sua categoria e preencha os dados solicitados. Cada inscri\u00e7\u00e3o d\u00e1 o direito de submeter um trabalho.<\/span><\/p>\t\t\t\t\t<\/div>\n\t\t\t\t\t\t<\/div>\n\t\t\t\t<\/div>\n\t\t\t\t\t\t<\/div>\n\t\t\t\t\t<\/div>\n\t\t<\/div>\n\t\t\t\t\t\t\t\t<\/div>\n\t\t\t\t\t<\/div>\n\t\t<\/section>\n\t\t\t\t<section class=\"elementor-section elementor-top-section elementor-element elementor-element-1ff82a3 elementor-section-content-middle elementor-section-boxed elementor-section-height-default elementor-section-height-default\" data-id=\"1ff82a3\" data-element_type=\"section\">\n\t\t\t\t\t\t<div class=\"elementor-container elementor-column-gap-default\">\n\t\t\t\t\t\t\t<div class=\"elementor-row\">\n\t\t\t\t\t<div class=\"elementor-column elementor-col-100 elementor-top-column elementor-element elementor-element-873d122\" data-id=\"873d122\" data-element_type=\"column\">\n\t\t\t<div class=\"elementor-column-wrap elementor-element-populated\">\n\t\t\t\t\t\t\t<div class=\"elementor-widget-wrap\">\n\t\t\t\t\t\t<div class=\"elementor-element elementor-element-71c2e1d elementor-widget elementor-widget-heading\" data-id=\"71c2e1d\" data-element_type=\"widget\" data-widget_type=\"heading.default\">\n\t\t\t\t<div class=\"elementor-widget-container\">\n\t\t\t<h2 class=\"elementor-heading-title elementor-size-default\">Bolsistas PIBIC e PIBIT<\/h2>\t\t<\/div>\n\t\t\t\t<\/div>\n\t\t\t\t\t\t<\/div>\n\t\t\t\t\t<\/div>\n\t\t<\/div>\n\t\t\t\t\t\t\t\t<\/div>\n\t\t\t\t\t<\/div>\n\t\t<\/section>\n\t\t\t\t<section class=\"elementor-section elementor-top-section elementor-element elementor-element-d21f949 elementor-section-content-middle elementor-section-boxed elementor-section-height-default elementor-section-height-default\" data-id=\"d21f949\" data-element_type=\"section\">\n\t\t\t\t\t\t<div class=\"elementor-container elementor-column-gap-default\">\n\t\t\t\t\t\t\t<div class=\"elementor-row\">\n\t\t\t\t\t<div class=\"elementor-column elementor-col-100 elementor-top-column elementor-element elementor-element-44ee970\" data-id=\"44ee970\" data-element_type=\"column\">\n\t\t\t<div class=\"elementor-column-wrap elementor-element-populated\">\n\t\t\t\t\t\t\t<div class=\"elementor-widget-wrap\">\n\t\t\t\t\t\t<div class=\"elementor-element elementor-element-74939b8 elementor-widget elementor-widget-text-editor\" data-id=\"74939b8\" data-element_type=\"widget\" data-widget_type=\"text-editor.default\">\n\t\t\t\t<div class=\"elementor-widget-container\">\n\t\t\t\t\t\t\t\t<div class=\"elementor-text-editor elementor-clearfix\">\n\t\t\t\t<p style=\"text-align: center;\">A participa\u00e7\u00e3o dos alunos bolsistas de inicia\u00e7\u00e3o cient\u00edfica PIBIC e PIBITI do CNPq (ciclo 2021-2022) \u00e9 obrigat\u00f3ria e todos os trabalhos desta categoria ser\u00e3o apresentados virtualmente de forma oral, durante a programa\u00e7\u00e3o do evento.<\/p><p style=\"text-align: center;\">Para realizar a sua inscri\u00e7\u00e3o, acesse: <a href=\"https:\/\/forms.gle\/rQF5M9TgcXSyEV1J9\" target=\"_blank\" rel=\"noopener\">Formul\u00e1rio de inscri\u00e7\u00e3o<\/a>\u00a0<\/p><p style=\"text-align: center;\">Para submeter seu trabalho, acesse as normas e o modelo no menu\u00a0 \u201c<a href=\"https:\/\/www.cnpdia.embrapa.br\/jornada\/documentos\/\">Documentos<\/a>\u201d.<\/p>\t\t\t\t\t<\/div>\n\t\t\t\t\t\t<\/div>\n\t\t\t\t<\/div>\n\t\t\t\t\t\t<\/div>\n\t\t\t\t\t<\/div>\n\t\t<\/div>\n\t\t\t\t\t\t\t\t<\/div>\n\t\t\t\t\t<\/div>\n\t\t<\/section>\n\t\t\t\t<section class=\"elementor-section elementor-top-section elementor-element elementor-element-d81d2b4 elementor-section-content-middle elementor-section-boxed elementor-section-height-default elementor-section-height-default\" data-id=\"d81d2b4\" data-element_type=\"section\">\n\t\t\t\t\t\t<div class=\"elementor-container elementor-column-gap-default\">\n\t\t\t\t\t\t\t<div class=\"elementor-row\">\n\t\t\t\t\t<div class=\"elementor-column elementor-col-100 elementor-top-column elementor-element elementor-element-1ee55b8\" data-id=\"1ee55b8\" data-element_type=\"column\">\n\t\t\t<div class=\"elementor-column-wrap elementor-element-populated\">\n\t\t\t\t\t\t\t<div class=\"elementor-widget-wrap\">\n\t\t\t\t\t\t<div class=\"elementor-element elementor-element-06fd9ba elementor-widget elementor-widget-heading\" data-id=\"06fd9ba\" data-element_type=\"widget\" data-widget_type=\"heading.default\">\n\t\t\t\t<div class=\"elementor-widget-container\">\n\t\t\t<h2 class=\"elementor-heading-title elementor-size-default\">Estudantes de gradua\u00e7\u00e3o e p\u00f3s-gradua\u00e7\u00e3o, pesquisadores e profissionais com envio de trabalhos<\/h2>\t\t<\/div>\n\t\t\t\t<\/div>\n\t\t\t\t\t\t<\/div>\n\t\t\t\t\t<\/div>\n\t\t<\/div>\n\t\t\t\t\t\t\t\t<\/div>\n\t\t\t\t\t<\/div>\n\t\t<\/section>\n\t\t\t\t<section class=\"elementor-section elementor-top-section elementor-element elementor-element-39f0e42 elementor-section-content-middle elementor-section-boxed elementor-section-height-default elementor-section-height-default\" data-id=\"39f0e42\" data-element_type=\"section\">\n\t\t\t\t\t\t<div class=\"elementor-container elementor-column-gap-default\">\n\t\t\t\t\t\t\t<div class=\"elementor-row\">\n\t\t\t\t\t<div class=\"elementor-column elementor-col-100 elementor-top-column elementor-element elementor-element-432a39b\" data-id=\"432a39b\" data-element_type=\"column\">\n\t\t\t<div class=\"elementor-column-wrap elementor-element-populated\">\n\t\t\t\t\t\t\t<div class=\"elementor-widget-wrap\">\n\t\t\t\t\t\t<div class=\"elementor-element elementor-element-01a824f elementor-widget elementor-widget-text-editor\" data-id=\"01a824f\" data-element_type=\"widget\" data-widget_type=\"text-editor.default\">\n\t\t\t\t<div class=\"elementor-widget-container\">\n\t\t\t\t\t\t\t\t<div class=\"elementor-text-editor elementor-clearfix\">\n\t\t\t\t<p style=\"text-align: center;\"><span style=\"font-weight: 400;\">Alunos de gradua\u00e7\u00e3o e p\u00f3s-gradua\u00e7\u00e3o, p\u00f3s-doutorandos, professores, pesquisadores e profissionais da Embrapa e outras institui\u00e7\u00f5es podem enviar trabalhos para apresenta\u00e7\u00e3o na forma de v\u00eddeo-p\u00f4ster.<\/span><\/p><p style=\"text-align: center;\"><span style=\"font-weight: 400;\">Para realizar a sua inscri\u00e7\u00e3o, acesse aqui: <a href=\"https:\/\/forms.gle\/v8Hz2UQ7AfX4WuqS6\" target=\"_blank\" rel=\"noopener\">Formul\u00e1rio de inscri\u00e7\u00e3o<\/a><\/span><span style=\"font-weight: 400;\">\u00a0<\/span><\/p><p style=\"text-align: center;\">Para submeter seu trabalho, acesse as normas e o modelo no menu\u00a0 \u201c<a href=\"https:\/\/www.cnpdia.embrapa.br\/jornada\/documentos\/\">Documentos<\/a>\u201d.<\/p>\t\t\t\t\t<\/div>\n\t\t\t\t\t\t<\/div>\n\t\t\t\t<\/div>\n\t\t\t\t\t\t<\/div>\n\t\t\t\t\t<\/div>\n\t\t<\/div>\n\t\t\t\t\t\t\t\t<\/div>\n\t\t\t\t\t<\/div>\n\t\t<\/section>\n\t\t\t\t<section class=\"elementor-section elementor-top-section elementor-element elementor-element-3c5e386 elementor-section-content-middle elementor-section-boxed elementor-section-height-default elementor-section-height-default\" data-id=\"3c5e386\" data-element_type=\"section\">\n\t\t\t\t\t\t<div class=\"elementor-container elementor-column-gap-default\">\n\t\t\t\t\t\t\t<div class=\"elementor-row\">\n\t\t\t\t\t<div class=\"elementor-column elementor-col-100 elementor-top-column elementor-element elementor-element-ec6e1c6\" data-id=\"ec6e1c6\" data-element_type=\"column\">\n\t\t\t<div class=\"elementor-column-wrap elementor-element-populated\">\n\t\t\t\t\t\t\t<div class=\"elementor-widget-wrap\">\n\t\t\t\t\t\t<div class=\"elementor-element elementor-element-5ffa951 elementor-widget elementor-widget-heading\" data-id=\"5ffa951\" data-element_type=\"widget\" data-widget_type=\"heading.default\">\n\t\t\t\t<div class=\"elementor-widget-container\">\n\t\t\t<h2 class=\"elementor-heading-title elementor-size-default\">Participantes<\/h2>\t\t<\/div>\n\t\t\t\t<\/div>\n\t\t\t\t\t\t<\/div>\n\t\t\t\t\t<\/div>\n\t\t<\/div>\n\t\t\t\t\t\t\t\t<\/div>\n\t\t\t\t\t<\/div>\n\t\t<\/section>\n\t\t\t\t<section class=\"elementor-section elementor-top-section elementor-element elementor-element-67407e0 elementor-section-content-middle elementor-section-boxed elementor-section-height-default elementor-section-height-default\" data-id=\"67407e0\" data-element_type=\"section\">\n\t\t\t\t\t\t<div class=\"elementor-container elementor-column-gap-default\">\n\t\t\t\t\t\t\t<div class=\"elementor-row\">\n\t\t\t\t\t<div class=\"elementor-column elementor-col-100 elementor-top-column elementor-element elementor-element-8f5ab74\" data-id=\"8f5ab74\" data-element_type=\"column\">\n\t\t\t<div class=\"elementor-column-wrap elementor-element-populated\">\n\t\t\t\t\t\t\t<div class=\"elementor-widget-wrap\">\n\t\t\t\t\t\t<div class=\"elementor-element elementor-element-09cb19c elementor-widget elementor-widget-text-editor\" data-id=\"09cb19c\" data-element_type=\"widget\" data-widget_type=\"text-editor.default\">\n\t\t\t\t<div class=\"elementor-widget-container\">\n\t\t\t\t\t\t\t\t<div class=\"elementor-text-editor elementor-clearfix\">\n\t\t\t\t<p style=\"text-align: center;\"><span style=\"font-weight: 400;\">Para ter acesso a todo o evento e receber o certificado de participa\u00e7\u00e3o, fa\u00e7a a sua inscri\u00e7\u00e3o como participante pelo link: <a href=\"https:\/\/forms.gle\/49bUo2J293dKi8gb8\" target=\"_blank\" rel=\"noopener\">Formul\u00e1rio de inscri\u00e7\u00e3o<\/a><\/span><span style=\"font-weight: 400;\">\u00a0<\/span><\/p><p style=\"text-align: center;\"><b>Certificados<\/b><\/p><p style=\"text-align: center;\"><span style=\"font-weight: 400;\">Os certificados de apresenta\u00e7\u00e3o do trabalho (oral e p\u00f4ster) e de participa\u00e7\u00e3o ser\u00e3o enviados por e-mail ao autor correspondente. Para emiss\u00e3o do certificado de participa\u00e7\u00e3o ser\u00e1 considerada frequ\u00eancia no evento (m\u00ednimo de 75%).<\/span><\/p>\t\t\t\t\t<\/div>\n\t\t\t\t\t\t<\/div>\n\t\t\t\t<\/div>\n\t\t\t\t\t\t<\/div>\n\t\t\t\t\t<\/div>\n\t\t<\/div>\n\t\t\t\t\t\t\t\t<\/div>\n\t\t\t\t\t<\/div>\n\t\t<\/section>\n\t\t\t\t\t\t\t\t\t<\/div>\n\t\t\t<\/div>\n\t\t\t\t\t<\/div>\n\t\t","protected":false},"excerpt":{"rendered":"<p>As inscri\u00e7\u00f5es para a 14\u00aa Jornada Cient\u00edfica Embrapa S\u00e3o Carlos s\u00e3o gratuitas. Verifique a sua categoria e preencha os dados solicitados. Cada inscri\u00e7\u00e3o d\u00e1 o direito de submeter um trabalho. Bolsistas PIBIC e PIBIT A participa\u00e7\u00e3o dos alunos bolsistas de inicia\u00e7\u00e3o cient\u00edfica PIBIC e PIBITI do CNPq (ciclo 2021-2022) \u00e9 obrigat\u00f3ria e todos os trabalhos &#8230; <a title=\"Inscri\u00e7\u00e3o\" class=\"read-more\" href=\"https:\/\/www.cnpdia.embrapa.br\/jornada\/inscricao\/\" aria-label=\"More on Inscri\u00e7\u00e3o\">Ler mais<\/a><\/p>\n","protected":false},"author":1,"featured_media":0,"parent":0,"menu_order":0,"comment_status":"closed","ping_status":"closed","template":"","meta":{"_mi_skip_tracking":false},"_links":{"self":[{"href":"https:\/\/www.cnpdia.embrapa.br\/jornada\/wp-json\/wp\/v2\/pages\/48"}],"collection":[{"href":"https:\/\/www.cnpdia.embrapa.br\/jornada\/wp-json\/wp\/v2\/pages"}],"about":[{"href":"https:\/\/www.cnpdia.embrapa.br\/jornada\/wp-json\/wp\/v2\/types\/page"}],"author":[{"embeddable":true,"href":"https:\/\/www.cnpdia.embrapa.br\/jornada\/wp-json\/wp\/v2\/users\/1"}],"replies":[{"embeddable":true,"href":"https:\/\/www.cnpdia.embrapa.br\/jornada\/wp-json\/wp\/v2\/comments?post=48"}],"version-history":[{"count":45,"href":"https:\/\/www.cnpdia.embrapa.br\/jornada\/wp-json\/wp\/v2\/pages\/48\/revisions"}],"predecessor-version":[{"id":996,"href":"https:\/\/www.cnpdia.embrapa.br\/jornada\/wp-json\/wp\/v2\/pages\/48\/revisions\/996"}],"wp:attachment":[{"href":"https:\/\/www.cnpdia.embrapa.br\/jornada\/wp-json\/wp\/v2\/media?parent=48"}],"curies":[{"name":"wp","href":"https:\/\/api.w.org\/{rel}","templated":true}]}}