{"id":44,"date":"2018-02-26T10:32:30","date_gmt":"2018-02-26T13:32:30","guid":{"rendered":"http:\/\/www.cnpdia.embrapa.br\/jornada\/?page_id=44"},"modified":"2022-06-22T11:14:54","modified_gmt":"2022-06-22T14:14:54","slug":"home","status":"publish","type":"page","link":"https:\/\/www.cnpdia.embrapa.br\/jornada\/","title":{"rendered":"Home"},"content":{"rendered":"\t\t<div data-elementor-type=\"wp-post\" data-elementor-id=\"44\" class=\"elementor elementor-44\">\n\t\t\t\t\t\t<div class=\"elementor-inner\">\n\t\t\t\t<div class=\"elementor-section-wrap\">\n\t\t\t\t\t\t\t\t\t<section class=\"elementor-section elementor-top-section elementor-element elementor-element-ce125b4 elementor-section-boxed elementor-section-height-default elementor-section-height-default\" data-id=\"ce125b4\" data-element_type=\"section\">\n\t\t\t\t\t\t<div class=\"elementor-container elementor-column-gap-default\">\n\t\t\t\t\t\t\t<div class=\"elementor-row\">\n\t\t\t\t\t<div class=\"elementor-column elementor-col-100 elementor-top-column elementor-element elementor-element-d1398b5\" data-id=\"d1398b5\" data-element_type=\"column\">\n\t\t\t<div class=\"elementor-column-wrap elementor-element-populated\">\n\t\t\t\t\t\t\t<div class=\"elementor-widget-wrap\">\n\t\t\t\t\t\t<div class=\"elementor-element elementor-element-d41fcd9 elementor-widget elementor-widget-text-editor\" data-id=\"d41fcd9\" data-element_type=\"widget\" data-widget_type=\"text-editor.default\">\n\t\t\t\t<div class=\"elementor-widget-container\">\n\t\t\t\t\t\t\t\t<div class=\"elementor-text-editor elementor-clearfix\">\n\t\t\t\t<p>A Jornada Cient\u00edfica \u00e9 um evento anual, promovido pelas duas unidades da Embrapa em S\u00e3o Carlos: Instrumenta\u00e7\u00e3o e Pecu\u00e1ria Sudeste. O objetivo \u00e9 possibilitar o interc\u00e2mbio entre as pesquisas em desenvolvimento, ampliar a divulga\u00e7\u00e3o dos trabalhos, integrar as equipes e fomentar a forma\u00e7\u00e3o de estudantes, em especial, dos alunos bolsistas de inicia\u00e7\u00e3o cient\u00edfica PIBIC (Programa Institucional de Bolsas de Inicia\u00e7\u00e3o Cient\u00edfica) e PIBITI (Programa Institucional de Bolsas de Inicia\u00e7\u00e3o em Desenvolvimento Tecnol\u00f3gico e Inova\u00e7\u00e3o) do CNPq (Conselho Nacional de Desenvolvimento Cient\u00edfico e Tecnol\u00f3gico).<\/p>\n<p>Em 2022, o evento chega \u00e0 sua <strong>14\u00aa<\/strong> <strong>edi\u00e7\u00e3o<\/strong> em formato virtual adaptado para um \u00fanico dia de apresenta\u00e7\u00f5es, <strong>que acontecem no dia 14 de setembro<\/strong>. Confira todos os detalhes e participe!<\/p>\t\t\t\t\t<\/div>\n\t\t\t\t\t\t<\/div>\n\t\t\t\t<\/div>\n\t\t\t\t\t\t<\/div>\n\t\t\t\t\t<\/div>\n\t\t<\/div>\n\t\t\t\t\t\t\t\t<\/div>\n\t\t\t\t\t<\/div>\n\t\t<\/section>\n\t\t\t\t\t\t\t\t\t<\/div>\n\t\t\t<\/div>\n\t\t\t\t\t<\/div>\n\t\t","protected":false},"excerpt":{"rendered":"<p>A Jornada Cient\u00edfica \u00e9 um evento anual, promovido pelas duas unidades da Embrapa em S\u00e3o Carlos: Instrumenta\u00e7\u00e3o e Pecu\u00e1ria Sudeste. O objetivo \u00e9 possibilitar o interc\u00e2mbio entre as pesquisas em desenvolvimento, ampliar a divulga\u00e7\u00e3o dos trabalhos, integrar as equipes e fomentar a forma\u00e7\u00e3o de estudantes, em especial, dos alunos bolsistas de inicia\u00e7\u00e3o cient\u00edfica PIBIC (Programa &#8230; <a title=\"Home\" class=\"read-more\" href=\"https:\/\/www.cnpdia.embrapa.br\/jornada\/\" aria-label=\"More on Home\">Ler mais<\/a><\/p>\n","protected":false},"author":1,"featured_media":0,"parent":0,"menu_order":0,"comment_status":"closed","ping_status":"closed","template":"","meta":{"_mi_skip_tracking":false},"_links":{"self":[{"href":"https:\/\/www.cnpdia.embrapa.br\/jornada\/wp-json\/wp\/v2\/pages\/44"}],"collection":[{"href":"https:\/\/www.cnpdia.embrapa.br\/jornada\/wp-json\/wp\/v2\/pages"}],"about":[{"href":"https:\/\/www.cnpdia.embrapa.br\/jornada\/wp-json\/wp\/v2\/types\/page"}],"author":[{"embeddable":true,"href":"https:\/\/www.cnpdia.embrapa.br\/jornada\/wp-json\/wp\/v2\/users\/1"}],"replies":[{"embeddable":true,"href":"https:\/\/www.cnpdia.embrapa.br\/jornada\/wp-json\/wp\/v2\/comments?post=44"}],"version-history":[{"count":108,"href":"https:\/\/www.cnpdia.embrapa.br\/jornada\/wp-json\/wp\/v2\/pages\/44\/revisions"}],"predecessor-version":[{"id":975,"href":"https:\/\/www.cnpdia.embrapa.br\/jornada\/wp-json\/wp\/v2\/pages\/44\/revisions\/975"}],"wp:attachment":[{"href":"https:\/\/www.cnpdia.embrapa.br\/jornada\/wp-json\/wp\/v2\/media?parent=44"}],"curies":[{"name":"wp","href":"https:\/\/api.w.org\/{rel}","templated":true}]}}