{"id":243,"date":"2018-03-02T18:51:18","date_gmt":"2018-03-02T21:51:18","guid":{"rendered":"http:\/\/www.cnpdia.embrapa.br\/jornada\/?page_id=243"},"modified":"2022-08-04T11:08:42","modified_gmt":"2022-08-04T14:08:42","slug":"programacao","status":"publish","type":"page","link":"https:\/\/www.cnpdia.embrapa.br\/jornada\/programacao\/","title":{"rendered":"Programa\u00e7\u00e3o"},"content":{"rendered":"\t\t<div data-elementor-type=\"wp-post\" data-elementor-id=\"243\" class=\"elementor elementor-243\">\n\t\t\t\t\t\t<div class=\"elementor-inner\">\n\t\t\t\t<div class=\"elementor-section-wrap\">\n\t\t\t\t\t\t\t\t\t<section class=\"elementor-section elementor-top-section elementor-element elementor-element-cc3d092 elementor-section-full_width elementor-section-height-default elementor-section-height-default\" data-id=\"cc3d092\" data-element_type=\"section\">\n\t\t\t\t\t\t<div class=\"elementor-container elementor-column-gap-default\">\n\t\t\t\t\t\t\t<div class=\"elementor-row\">\n\t\t\t\t\t<div class=\"elementor-column elementor-col-100 elementor-top-column elementor-element elementor-element-649453d\" data-id=\"649453d\" data-element_type=\"column\">\n\t\t\t<div class=\"elementor-column-wrap elementor-element-populated\">\n\t\t\t\t\t\t\t<div class=\"elementor-widget-wrap\">\n\t\t\t\t\t\t<div class=\"elementor-element elementor-element-4529fda elementor-widget elementor-widget-heading\" data-id=\"4529fda\" data-element_type=\"widget\" data-widget_type=\"heading.default\">\n\t\t\t\t<div class=\"elementor-widget-container\">\n\t\t\t<h2 class=\"elementor-heading-title elementor-size-default\">Programa\u00e7\u00e3o preliminar<\/h2>\t\t<\/div>\n\t\t\t\t<\/div>\n\t\t\t\t\t\t<\/div>\n\t\t\t\t\t<\/div>\n\t\t<\/div>\n\t\t\t\t\t\t\t\t<\/div>\n\t\t\t\t\t<\/div>\n\t\t<\/section>\n\t\t\t\t<section class=\"elementor-section elementor-top-section elementor-element elementor-element-6c9def2 elementor-section-boxed elementor-section-height-default elementor-section-height-default\" data-id=\"6c9def2\" data-element_type=\"section\">\n\t\t\t\t\t\t<div class=\"elementor-container elementor-column-gap-default\">\n\t\t\t\t\t\t\t<div class=\"elementor-row\">\n\t\t\t\t\t<div class=\"elementor-column elementor-col-100 elementor-top-column elementor-element elementor-element-fe79cc3\" data-id=\"fe79cc3\" data-element_type=\"column\">\n\t\t\t<div class=\"elementor-column-wrap elementor-element-populated\">\n\t\t\t\t\t\t\t<div class=\"elementor-widget-wrap\">\n\t\t\t\t\t\t<div class=\"elementor-element elementor-element-564314d elementor-widget elementor-widget-html\" data-id=\"564314d\" data-element_type=\"widget\" data-widget_type=\"html.default\">\n\t\t\t\t<div class=\"elementor-widget-container\">\n\t\t\t<div class=\"container\">\n<table>\n<thead>\n<tr>\n<th style=\"text-align: center; background-color: #006c2f;\" width=\"100px;\"><span style=\"color: #ffffff;\">Hor\u00e1rio<\/span><\/th>\n<th style=\"text-align: center; background-color: #006c2f;\"><span style=\"color: #ffffff;\">14 de setembro de 2022<\/span><\/th>\n<\/tr>\n<\/thead>\n<tbody>\n<tr>\n<td style=\"text-align: center;\"><strong><span style=\"color: #7a7a7a;\">08h30<\/span><\/strong><\/td>\n<td style=\"text-align: center;\"><strong><\/center><span style=\"color: #7a7a7a;\">Abertura da 14\u00aa Jornada Cient\u00edfica Embrapa S\u00e3o Carlos - Google Meet<\/span><\/strong><\/td>\n<\/tr>\n<tr>\n<td style=\"text-align: center;\"><strong><span style=\"color: #7a7a7a;\">08h50<\/span><\/strong><\/td>\n<td style=\"text-align: center;\"><strong><span style=\"color: #7a7a7a;\">Palestra de Abertura<\/span><\/strong><br \/><span style=\"color: #7a7a7a;\">Christiane Abreu de Oliveira Paiva - Embrapa Milho e Sorgo<\/span><\/td>\n<\/tr>\n<tr>\n<td style=\"text-align: center;\"><strong><span style=\"color: #7a7a7a;\">09h50<\/span><\/strong><\/td>\n<td style=\"text-align: center;\"><strong><span style=\"color: #7a7a7a;\">Intervalo e acesso \u00e0s salas<\/span><\/strong><br \/><\/td>\n<\/tr>\n<\/tbody>\n<\/table>\n<\/div>\t\t<\/div>\n\t\t\t\t<\/div>\n\t\t\t\t\t\t<\/div>\n\t\t\t\t\t<\/div>\n\t\t<\/div>\n\t\t\t\t\t\t\t\t<\/div>\n\t\t\t\t\t<\/div>\n\t\t<\/section>\n\t\t\t\t<section class=\"elementor-section elementor-top-section elementor-element elementor-element-b2bdbd5 elementor-section-boxed elementor-section-height-default elementor-section-height-default\" data-id=\"b2bdbd5\" data-element_type=\"section\">\n\t\t\t\t\t\t<div class=\"elementor-container elementor-column-gap-default\">\n\t\t\t\t\t\t\t<div class=\"elementor-row\">\n\t\t\t\t\t<div class=\"elementor-column elementor-col-100 elementor-top-column elementor-element elementor-element-1e7f519\" data-id=\"1e7f519\" data-element_type=\"column\">\n\t\t\t<div class=\"elementor-column-wrap elementor-element-populated\">\n\t\t\t\t\t\t\t<div class=\"elementor-widget-wrap\">\n\t\t\t\t\t\t<div class=\"elementor-element elementor-element-b9b6bdd elementor-tabs-view-horizontal elementor-widget elementor-widget-tabs\" data-id=\"b9b6bdd\" data-element_type=\"widget\" data-widget_type=\"tabs.default\">\n\t\t\t\t<div class=\"elementor-widget-container\">\n\t\t\t\t\t<div class=\"elementor-tabs\">\n\t\t\t<div class=\"elementor-tabs-wrapper\" role=\"tablist\" >\n\t\t\t\t\t\t\t\t\t<div id=\"elementor-tab-title-1941\" class=\"elementor-tab-title elementor-tab-desktop-title\" aria-selected=\"true\" data-tab=\"1\" role=\"tab\" tabindex=\"0\" aria-controls=\"elementor-tab-content-1941\" aria-expanded=\"false\"><a href=\"\">Sala 1<\/a><\/div>\n\t\t\t\t\t\t\t\t\t<div id=\"elementor-tab-title-1942\" class=\"elementor-tab-title elementor-tab-desktop-title\" aria-selected=\"false\" data-tab=\"2\" role=\"tab\" tabindex=\"-1\" aria-controls=\"elementor-tab-content-1942\" aria-expanded=\"false\"><a href=\"\">Sala 2<\/a><\/div>\n\t\t\t\t\t\t\t<\/div>\n\t\t\t<div class=\"elementor-tabs-content-wrapper\" role=\"tablist\" aria-orientation=\"vertical\">\n\t\t\t\t\t\t\t\t\t<div class=\"elementor-tab-title elementor-tab-mobile-title\" aria-selected=\"true\" data-tab=\"1\" role=\"tab\" tabindex=\"0\" aria-controls=\"elementor-tab-content-1941\" aria-expanded=\"false\">Sala 1<\/div>\n\t\t\t\t\t<div id=\"elementor-tab-content-1941\" class=\"elementor-tab-content elementor-clearfix\" data-tab=\"1\" role=\"tabpanel\" aria-labelledby=\"elementor-tab-title-1941\" tabindex=\"0\" hidden=\"false\"><div class=\"container\"><table><thead><tr><th style=\"text-align: center; background-color: #006c2f;\" width=\"100px;\"><span style=\"color: #ffffff;\">Hor\u00e1rio<\/span><\/th><th style=\"text-align: center; background-color: #006c2f;\">\u00a0<\/th><\/tr><\/thead><tbody><tr><td style=\"text-align: center;\">\u00a0<\/td><td><p><strong>Temas:<\/strong> <strong>Ci\u00eancias Agr\u00e1rias<\/strong><\/p><p>Moderadores: Marcelo Mattos Cavallari e Jo\u00e3o Oiano &#8211; Embrapa Pecu\u00e1ria Sudeste<\/p><\/td><\/tr><tr><td style=\"text-align: center;\"><strong>10h<\/strong><\/td><td><p><strong>Genotipagem por sondas de hidr\u00f3lise em qPCR de dele\u00e7\u00e3o no \u00e9xon 11 do gene mptl-1 potencialmente associado \u00e0 resist\u00eancia ao monepantel em Haemonchus contortus<\/strong><\/p><p>Alessandra da Silva Nucci<\/p><\/td><\/tr><tr><td style=\"text-align: center;\"><strong>10h20<\/strong><\/td><td><p><strong>Efeitos positivos do componente arb\u00f3reo nos indicadores zoot\u00e9cnicos em sistemas de integra\u00e7\u00e3o lavoura-pecu\u00e1ria-floresta (ILPF) para animais de produ\u00e7\u00e3o leiteira<\/strong><\/p><p>Eduarda Garcia Correa<\/p><\/td><\/tr><tr><td style=\"text-align: center;\"><strong>10h40<\/strong><\/td><td><p><strong>Descritores de uso de sistema de ordenha robotizada por vacas leiteiras criadas a pasto<\/strong><\/p><p>Gabriela Novais Azevedo<\/p><\/td><\/tr><tr><td style=\"text-align: center;\"><strong>11h<\/strong><\/td><td><p><strong>Estudo da diversidade gen\u00e9tica de Babesia bigemina em amostras de sangue de bezerros da ra\u00e7a Canchim naturalmente infectados<\/strong><\/p><p>Gabrielly de Oliveira Lopes<\/p><\/td><\/tr><tr><td style=\"text-align: center;\"><strong>11h20<\/strong><\/td><td><p><strong>Microclima em sistemas integrados de produ\u00e7\u00e3o pecu\u00e1ria sob manejo do componente arb\u00f3reo: radia\u00e7\u00e3o fotossinteticamente ativa<\/strong><\/p><p>Isabela Pedrino Maiello<\/p><\/td><\/tr><tr><td style=\"text-align: center;\"><strong>11h40<\/strong><\/td><td><p><strong>Crescimento de capim-piat\u00e3 adubado com formula\u00e7\u00e3o de libera\u00e7\u00e3o controlada<\/strong><\/p><p>Leonardo Lanhez Garcia<\/p><\/td><\/tr><tr><td style=\"text-align: center;\"><strong>12h<\/strong><\/td><td><strong>Termino apresenta\u00e7\u00f5es parte da manh\u00e3<\/strong><\/td><\/tr><tr><td style=\"text-align: center;\">\u00a0<\/td><td><p><strong>Temas: Ci\u00eancias Agr\u00e1rias e Biol\u00f3gicas &#8211; continua\u00e7\u00e3o<\/strong><\/p><p>Moderadores: Ana Rita de Araujo Nogueira e Cintia Righetti Marcondes &#8211; Embrapa Pecu\u00e1ria Sudeste<\/p><\/td><\/tr><tr><td style=\"text-align: center;\"><strong>14h<\/strong><\/td><td><p><strong>Uso de microchip subcut\u00e2neo para identificar diferen\u00e7as de termotoler\u00e2ncia em vacas leiteiras<\/strong><\/p><p>Let\u00edcia Kr\u00fcgner Zanetti<\/p><\/td><\/tr><tr><td style=\"text-align: center;\"><strong>14h20<\/strong><\/td><td><p><strong>Detec\u00e7\u00e3o em casa de vegeta\u00e7\u00e3o e a campo da resposta fisiol\u00f3gica de milho sob ataque inicial de Spodoptera frugiperda e Dichelops melacanthus<\/strong><\/p><p>Maria Eduarda Costa Gon\u00e7alves<\/p><\/td><\/tr><tr><td style=\"text-align: center;\"><strong>14h40<\/strong><\/td><td><p><strong>Substitui\u00e7\u00e3o de gram\u00ednea por leguminosas como estrat\u00e9gia de redu\u00e7\u00e3o de metano: resultados da produ\u00e7\u00e3o de g\u00e1s in vitro<\/strong><\/p><p>Mariana Nunes Vieira de Melo<\/p><\/td><\/tr><tr><td style=\"text-align: center;\"><strong>15h<\/strong><\/td><td><p><strong>Determina\u00e7\u00e3o da entomofauna associada ao bolo fecal de bovino em sistema convencioal e integra\u00e7\u00e3o pecu\u00e1ria floresta<\/strong><\/p><p>Ruan Lima Santos<\/p><\/td><\/tr><tr><td style=\"text-align: center;\"><strong>15h20<\/strong><\/td><td><p style=\"text-align: center;\"><strong>Intervalo<\/strong><\/p><\/td><\/tr><tr><td style=\"text-align: center;\"><strong>15h40<\/strong><\/td><td><p><strong>Prot\u00f3tipo para controle f\u00edsico de Rhipicephalus microplus<\/strong><\/p><p>Velizie Caldarelli Vazquez<\/p><\/td><\/tr><tr><td style=\"text-align: center;\"><strong>16h<\/strong><\/td><td><p><strong>Microclima e umidade do solo em pastagens a pleno sol e consorciada com feij\u00e3o guandu<\/strong><\/p><p>Vin\u00edcius Moretti Gomes<\/p><\/td><\/tr><tr><td style=\"text-align: center;\"><strong>16h20<\/strong><\/td><td><p><strong>Antibiose de Paspalum spp. \u00e0 cigarrinha-das-pastagens Mahanarva spectabilis (Hemiptera: Cercopidae)<\/strong><\/p><p>Gustavo Fernando Ferreira Gon\u00e7alves<\/p><\/td><\/tr><tr><td style=\"text-align: center;\"><strong>16h40<\/strong><\/td><td><p><strong>Caracteriza\u00e7\u00e3o reprodutiva de h\u00edbridos interespec\u00edficos de Paspalum do grupo Plicatula<\/strong><\/p><p>Maria Luiza Melar\u00e9 Gomes<\/p><\/td><\/tr><tr><td style=\"text-align: center;\"><strong>17h<\/strong><\/td><td><strong>Premia\u00e7\u00e3o e encerramento da Jornada<\/strong><\/td><\/tr><\/tbody><\/table><\/div><\/div>\n\t\t\t\t\t\t\t\t\t<div class=\"elementor-tab-title elementor-tab-mobile-title\" aria-selected=\"false\" data-tab=\"2\" role=\"tab\" tabindex=\"-1\" aria-controls=\"elementor-tab-content-1942\" aria-expanded=\"false\">Sala 2<\/div>\n\t\t\t\t\t<div id=\"elementor-tab-content-1942\" class=\"elementor-tab-content elementor-clearfix\" data-tab=\"2\" role=\"tabpanel\" aria-labelledby=\"elementor-tab-title-1942\" tabindex=\"0\" hidden=\"hidden\"><div class=\"container\"><table><thead><tr><th style=\"text-align: center; background-color: #006c2f;\" width=\"100px;\"><span style=\"color: #ffffff;\">Hor\u00e1rio<\/span><\/th><th style=\"text-align: center; background-color: #006c2f;\">\u00a0<\/th><\/tr><\/thead><tbody><tr><td style=\"text-align: center;\">\u00a0<\/td><td><p><strong>Temas:<\/strong> <strong>Ci\u00eancias Biol\u00f3gicas e Engenharia<\/strong><\/p><p>Moderadores: Cristiane Sanchez Farinas e Maria Alice Martins &#8211; Embrapa Instrumenta\u00e7\u00e3o<\/p><\/td><\/tr><tr><td style=\"text-align: center;\"><strong>10h<\/strong><\/td><td><p><strong>Desempenho do trigo com e sem restri\u00e7\u00e3o h\u00eddrica e com e sem aplica\u00e7\u00e3o de hidrogel ao solo<\/strong><\/p><p>Ana Carolina Woord<\/p><\/td><\/tr><tr><td style=\"text-align: center;\"><strong>10h20<\/strong><\/td><td><p><strong>Obten\u00e7\u00e3o e caracteriza\u00e7\u00e3o de cutina a partir de res\u00edduos de agroind\u00fastrias e produ\u00e7\u00e3o de filmes<\/strong><\/p><p>Lucas Daruiz Mangiaterra<\/p><\/td><\/tr><tr><td style=\"text-align: center;\"><strong>10h40<\/strong><\/td><td><p><strong>Desempenho do milho com e sem restri\u00e7\u00e3o h\u00eddrica e com e sem aplica\u00e7\u00e3o de hidrogel ao solo<\/strong><\/p><p>Mariannah Pravatti Barcellos de Oliveira<\/p><\/td><\/tr><tr><td style=\"text-align: center;\"><strong>11h<\/strong><\/td><td><p><strong>\u00cdndice de \u00e1rea foliar do milho irrigado em fun\u00e7\u00e3o da aplica\u00e7\u00e3o de biofertilizante e de fertilizantes minerais<\/strong><\/p><p>Michelen Alcino de Mello<\/p><\/td><\/tr><tr><td style=\"text-align: center;\"><strong>11h20<\/strong><\/td><td><p><strong>Efeito das condi\u00e7\u00f5es de armazenamento das propriedades a borracha natural<\/strong><\/p><p>Karen Amabille Batista Morais<\/p><\/td><\/tr><tr><td style=\"text-align: center;\"><strong>11h40<\/strong><\/td><td>\u00a0<\/td><\/tr><tr><td style=\"text-align: center;\"><strong>12h<\/strong><\/td><td><strong>Termino apresenta\u00e7\u00f5es parte da manh\u00e3<\/strong><\/td><\/tr><tr><td style=\"text-align: center;\">\u00a0<\/td><td><p><strong>Temas: Exatas e Engenharias<\/strong><\/p><p>Moderadores: Maria Fernanda Berlingieri Durigan e Paulo Sergio de Paula Herrmann Junior &#8211; Embrapa Instrumenta\u00e7\u00e3o<\/p><\/td><\/tr><tr><td style=\"text-align: center;\"><strong>14h<\/strong><\/td><td><p><strong>Otimiza\u00e7\u00e3o de membranas de policaprolactona e polimetilmetacrilato na forma de nanofibras a partir de fia\u00e7\u00e3o por sopro<\/strong><\/p><p>Augusto de Mello Stedile<\/p><\/td><\/tr><tr><td style=\"text-align: center;\"><strong>14h20<\/strong><\/td><td><p><strong>Quantifica\u00e7\u00e3o de Prote\u00edna em Gr\u00e3os de Soja via RMN-DT<\/strong><\/p><p>Gustavo Marques Coelho<\/p><\/td><\/tr><tr><td style=\"text-align: center;\"><strong>14h40<\/strong><\/td><td><p><strong>Quantifica\u00e7\u00e3o de carbono em solo e nutrientes em folhas de soja atrav\u00e9s da t\u00e9cnica LIBS utilizando o one-point calibration<\/strong><\/p><p>Lu\u00eds Carlos Leva Borduchi<\/p><\/td><\/tr><tr><td style=\"text-align: center;\"><strong>15h<\/strong><\/td><td><p><strong>Variabilidade temporal do escoamento superficial e perda de solo em Neossolos Quartzar\u00eanicos<\/strong><\/p><p>Luis Fernando Salas Castro<\/p><\/td><\/tr><tr><td style=\"text-align: center;\"><strong>15h20<\/strong><\/td><td><p style=\"text-align: center;\"><strong>Intervalo<\/strong><\/p><p><strong>Tema:<\/strong> Engenharias<\/p><\/td><\/tr><tr><td style=\"text-align: center;\"><strong>15h40<\/strong><\/td><td><p><strong>Obten\u00e7\u00e3o de fibras cer\u00e2micas de Nb 2 O 5 na presen\u00e7a de tungstato de s\u00f3dio a partir de eletrofia\u00e7\u00e3o visando atividades fotocatal\u00edticas<\/strong><\/p><p>Luiz Henrique Hayama Yamashiro<\/p><\/td><\/tr><tr><td style=\"text-align: center;\"><strong>16h<\/strong><\/td><td><p><strong>Avalia\u00e7\u00e3o da combina\u00e7\u00e3o de aditivos para aumentar a efici\u00eancia do processo de sacarifica\u00e7\u00e3o enzim\u00e1tica da biomassa lignocelul\u00f3sica<\/strong><\/p><p>Igor Ribeiro Sim\u00f5es<\/p><\/td><\/tr><tr><td style=\"text-align: center;\"><strong>16h20<\/strong><\/td><td><p><strong>Avalia\u00e7\u00e3o da qualidade qu\u00edmica do solo em sistemas de integra\u00e7\u00e3o lavoura pecu\u00e1ria floresta<\/strong><\/p><p>Let\u00edcia Guerfe<\/p><\/td><\/tr><tr><td style=\"text-align: center;\"><strong>16h40<\/strong><\/td><td>\u00a0<\/td><\/tr><tr><td style=\"text-align: center;\"><strong>17h<\/strong><\/td><td><strong>Premia\u00e7\u00e3o e encerramento da Jornada<\/strong><\/td><\/tr><\/tbody><\/table><\/div><\/div>\n\t\t\t\t\t\t\t<\/div>\n\t\t<\/div>\n\t\t\t\t<\/div>\n\t\t\t\t<\/div>\n\t\t\t\t\t\t<\/div>\n\t\t\t\t\t<\/div>\n\t\t<\/div>\n\t\t\t\t\t\t\t\t<\/div>\n\t\t\t\t\t<\/div>\n\t\t<\/section>\n\t\t\t\t\t\t\t\t\t<\/div>\n\t\t\t<\/div>\n\t\t\t\t\t<\/div>\n\t\t","protected":false},"excerpt":{"rendered":"<p>Programa\u00e7\u00e3o preliminar Hor\u00e1rio 14 de setembro de 2022 08h30 Abertura da 14\u00aa Jornada Cient\u00edfica Embrapa S\u00e3o Carlos &#8211; Google Meet 08h50 Palestra de AberturaChristiane Abreu de Oliveira Paiva &#8211; Embrapa Milho e Sorgo 09h50 Intervalo e acesso \u00e0s salas Sala 1 Sala 2 Sala 1 Hor\u00e1rio \u00a0 \u00a0 Temas: Ci\u00eancias Agr\u00e1rias Moderadores: Marcelo Mattos Cavallari &#8230; <a title=\"Programa\u00e7\u00e3o\" class=\"read-more\" href=\"https:\/\/www.cnpdia.embrapa.br\/jornada\/programacao\/\" aria-label=\"More on Programa\u00e7\u00e3o\">Ler mais<\/a><\/p>\n","protected":false},"author":1,"featured_media":0,"parent":0,"menu_order":0,"comment_status":"closed","ping_status":"closed","template":"","meta":{"_mi_skip_tracking":false},"_links":{"self":[{"href":"https:\/\/www.cnpdia.embrapa.br\/jornada\/wp-json\/wp\/v2\/pages\/243"}],"collection":[{"href":"https:\/\/www.cnpdia.embrapa.br\/jornada\/wp-json\/wp\/v2\/pages"}],"about":[{"href":"https:\/\/www.cnpdia.embrapa.br\/jornada\/wp-json\/wp\/v2\/types\/page"}],"author":[{"embeddable":true,"href":"https:\/\/www.cnpdia.embrapa.br\/jornada\/wp-json\/wp\/v2\/users\/1"}],"replies":[{"embeddable":true,"href":"https:\/\/www.cnpdia.embrapa.br\/jornada\/wp-json\/wp\/v2\/comments?post=243"}],"version-history":[{"count":74,"href":"https:\/\/www.cnpdia.embrapa.br\/jornada\/wp-json\/wp\/v2\/pages\/243\/revisions"}],"predecessor-version":[{"id":1140,"href":"https:\/\/www.cnpdia.embrapa.br\/jornada\/wp-json\/wp\/v2\/pages\/243\/revisions\/1140"}],"wp:attachment":[{"href":"https:\/\/www.cnpdia.embrapa.br\/jornada\/wp-json\/wp\/v2\/media?parent=243"}],"curies":[{"name":"wp","href":"https:\/\/api.w.org\/{rel}","templated":true}]}}