{"id":50,"date":"2017-08-18T00:19:27","date_gmt":"2017-08-18T03:19:27","guid":{"rendered":"http:\/\/www.cnpdia.embrapa.br\/downloads\/?page_id=50"},"modified":"2023-10-10T14:20:16","modified_gmt":"2023-10-10T17:20:16","slug":"afsoft","status":"publish","type":"page","link":"https:\/\/www.cnpdia.embrapa.br\/downloads\/afsoft\/","title":{"rendered":"afsoft"},"content":{"rendered":"\t\t<div data-elementor-type=\"wp-post\" data-elementor-id=\"50\" class=\"elementor elementor-50\">\n\t\t\t\t\t\t\t\t\t<section class=\"elementor-section elementor-top-section elementor-element elementor-element-571f2da elementor-section-boxed elementor-section-height-default elementor-section-height-default\" data-id=\"571f2da\" data-element_type=\"section\">\n\t\t\t\t\t\t<div class=\"elementor-container elementor-column-gap-default\">\n\t\t\t\t\t<div class=\"elementor-column elementor-col-100 elementor-top-column elementor-element elementor-element-884b1c9\" data-id=\"884b1c9\" data-element_type=\"column\">\n\t\t\t<div class=\"elementor-widget-wrap elementor-element-populated\">\n\t\t\t\t\t\t\t\t<div class=\"elementor-element elementor-element-c78038a elementor-align-center elementor-widget elementor-widget-button\" data-id=\"c78038a\" data-element_type=\"widget\" data-widget_type=\"button.default\">\n\t\t\t\t<div class=\"elementor-widget-container\">\n\t\t\t\t\t<div class=\"elementor-button-wrapper\">\n\t\t\t<a class=\"elementor-button elementor-button-link elementor-size-sm\" href=\"http:\/\/www.cnpdia.embrapa.br\/downloads\">\n\t\t\t\t\t\t<span class=\"elementor-button-content-wrapper\">\n\t\t\t\t\t\t<span class=\"elementor-button-text\">Home<\/span>\n\t\t<\/span>\n\t\t\t\t\t<\/a>\n\t\t<\/div>\n\t\t\t\t<\/div>\n\t\t\t\t<\/div>\n\t\t\t\t\t<\/div>\n\t\t<\/div>\n\t\t\t\t\t\t\t<\/div>\n\t\t<\/section>\n\t\t\t\t<section class=\"elementor-section elementor-top-section elementor-element elementor-element-9405e57 elementor-section-boxed elementor-section-height-default elementor-section-height-default\" data-id=\"9405e57\" data-element_type=\"section\">\n\t\t\t\t\t\t<div class=\"elementor-container elementor-column-gap-default\">\n\t\t\t\t\t<div class=\"elementor-column elementor-col-20 elementor-top-column elementor-element elementor-element-b9b89ca\" data-id=\"b9b89ca\" data-element_type=\"column\">\n\t\t\t<div class=\"elementor-widget-wrap\">\n\t\t\t\t\t\t\t\t\t<\/div>\n\t\t<\/div>\n\t\t\t\t<div class=\"elementor-column elementor-col-20 elementor-top-column elementor-element elementor-element-1898a9f\" data-id=\"1898a9f\" data-element_type=\"column\">\n\t\t\t<div class=\"elementor-widget-wrap\">\n\t\t\t\t\t\t\t\t\t<\/div>\n\t\t<\/div>\n\t\t\t\t<div class=\"elementor-column elementor-col-20 elementor-top-column elementor-element elementor-element-3e3a68f\" data-id=\"3e3a68f\" data-element_type=\"column\">\n\t\t\t<div class=\"elementor-widget-wrap elementor-element-populated\">\n\t\t\t\t\t\t\t\t<div class=\"elementor-element elementor-element-2625ca5 elementor-widget elementor-widget-image\" data-id=\"2625ca5\" data-element_type=\"widget\" data-widget_type=\"image.default\">\n\t\t\t\t<div class=\"elementor-widget-container\">\n\t\t\t\t\t\t\t\t\t\t\t\t\t\t\t<img decoding=\"async\" loading=\"lazy\" width=\"200\" height=\"53\" src=\"https:\/\/www.cnpdia.embrapa.br\/downloads\/wp-content\/uploads\/2017\/08\/logoafsoft.jpg\" class=\"attachment-large size-large wp-image-59\" alt=\"\" \/>\t\t\t\t\t\t\t\t\t\t\t\t\t\t\t<\/div>\n\t\t\t\t<\/div>\n\t\t\t\t\t<\/div>\n\t\t<\/div>\n\t\t\t\t<div class=\"elementor-column elementor-col-20 elementor-top-column elementor-element elementor-element-52849a8\" data-id=\"52849a8\" data-element_type=\"column\">\n\t\t\t<div class=\"elementor-widget-wrap\">\n\t\t\t\t\t\t\t\t\t<\/div>\n\t\t<\/div>\n\t\t\t\t<div class=\"elementor-column elementor-col-20 elementor-top-column elementor-element elementor-element-9932754\" data-id=\"9932754\" data-element_type=\"column\">\n\t\t\t<div class=\"elementor-widget-wrap\">\n\t\t\t\t\t\t\t\t\t<\/div>\n\t\t<\/div>\n\t\t\t\t\t\t\t<\/div>\n\t\t<\/section>\n\t\t\t\t<section class=\"elementor-section elementor-top-section elementor-element elementor-element-48818dc7 elementor-section-boxed elementor-section-height-default elementor-section-height-default\" data-id=\"48818dc7\" data-element_type=\"section\">\n\t\t\t\t\t\t<div class=\"elementor-container elementor-column-gap-default\">\n\t\t\t\t\t<div class=\"elementor-column elementor-col-100 elementor-top-column elementor-element elementor-element-17451e80\" data-id=\"17451e80\" data-element_type=\"column\">\n\t\t\t<div class=\"elementor-widget-wrap elementor-element-populated\">\n\t\t\t\t\t\t\t\t<div class=\"elementor-element elementor-element-657511d elementor-widget elementor-widget-text-editor\" data-id=\"657511d\" data-element_type=\"widget\" data-widget_type=\"text-editor.default\">\n\t\t\t\t<div class=\"elementor-widget-container\">\n\t\t\t\t\t\t\t<p>O AFSoft \u00e9 um software para an\u00e1lise foliar. Com o AFSoft \u00e9 poss\u00edvel analisar imagens digitais de folhas capturadas com a utiliza\u00e7\u00e3o de c\u00e2meras fotogr\u00e1ficas digitais, scanners ou c\u00e2meras de v\u00eddeo. Formatos padr\u00f5es de imagem podem ser utilizados incluindo bitmap e jpeg. As imagens coletadas podem ser analisadas individualmente utilizando-se as ferramentas dispon\u00edveis. Atrav\u00e9s da identifica\u00e7\u00e3o de regi\u00f5es nas folhas \u00e9 poss\u00edvel medir as \u00e1reas infestas por pragas ou lesionada por doen\u00e7as, \u00e1rea de buracos, entre outras.<\/p><p>Uma das principais caracter\u00edsticas do AFSoft \u00e9 a realiza\u00e7\u00e3o de an\u00e1lises em lotes de imagens. S\u00e3o utilizadas t\u00e9cnicas baseadas em intelig\u00eancia artificial para classificar os padr\u00f5es encontrados nas folhas. O AFSoft permite avalia\u00e7\u00f5es da evolu\u00e7\u00e3o da cultura.<\/p><p>Sa\u00eddas simples facilitam a visualiza\u00e7\u00e3o dos resultados das an\u00e1lises. Os relat\u00f3rios podem ser exportados para planilhas do tipo Microsoft Excel, permitindo a manipula\u00e7\u00e3o estat\u00edstica dos dados obtidos.<\/p><p>Para cada cultura espec\u00edfica como soja, milho, cana-de-a\u00e7\u00facar, florestas, podem ser gerados padr\u00f5es que permitem fazer automaticamente a an\u00e1lise da cultura. Esses bancos de padr\u00f5es permitem a identifica\u00e7\u00e3o e quantifica\u00e7\u00e3o dos principais problemas que afetam tais culturas . Com base nestes dados, pode-se fazer um diagn\u00f3stico preciso da situa\u00e7\u00e3o da cultura, possibilitando a ado\u00e7\u00e3o de medidas corretivas.<\/p><p>O AFSoft \u00e9 gratuito e v\u00e1rias atualiza\u00e7\u00f5es est\u00e3o sendo geradas, cabendo ao usu\u00e1rio apenas a responsabilidade de informar quais outros requisitos s\u00e3o necess\u00e1rios, para a equipe de desenvolvimento providenciar em novas vers\u00f5es. As imagens de folhas analisadas pelo AFsoft , quando geo-referenciadas, podem ser utilizadas para gerar mapas da cultura permitindo a visualiza\u00e7\u00e3o da distribui\u00e7\u00e3o de doen\u00e7as, \u00e1reas de maior incid\u00eancia de ataques por insetos, entre outras.<\/p><p><b>Aplica\u00e7\u00f5es principais:<\/b><br \/>\u2022 Medida de \u00e1rea foliar;<br \/>\u2022 An\u00e1lise foliar de culturas para gerenciamento da produ\u00e7\u00e3o agr\u00edcola;<br \/>\u2022 Pesquisa em fitopatologias;<br \/>\u2022 Pesquisa na incid\u00eancia de ataques por pragas.<\/p><p><img decoding=\"async\" loading=\"lazy\" class=\"wp-image-623 size-full aligncenter\" src=\"http:\/\/www.cnpdia.embrapa.br\/downloads\/wp-content\/uploads\/2023\/10\/afsoft1.jpg\" alt=\"\" width=\"551\" height=\"192\" srcset=\"https:\/\/www.cnpdia.embrapa.br\/downloads\/wp-content\/uploads\/2023\/10\/afsoft1.jpg 551w, https:\/\/www.cnpdia.embrapa.br\/downloads\/wp-content\/uploads\/2023\/10\/afsoft1-300x105.jpg 300w\" sizes=\"(max-width: 551px) 100vw, 551px\" \/><\/p><p>\u00a0<\/p><p><img decoding=\"async\" loading=\"lazy\" class=\"aligncenter wp-image-55 size-full\" src=\"http:\/\/www.cnpdia.embrapa.br\/downloads\/wp-content\/uploads\/2017\/08\/afsoft5.jpg\" alt=\"\" width=\"506\" height=\"312\" srcset=\"https:\/\/www.cnpdia.embrapa.br\/downloads\/wp-content\/uploads\/2017\/08\/afsoft5.jpg 506w, https:\/\/www.cnpdia.embrapa.br\/downloads\/wp-content\/uploads\/2017\/08\/afsoft5-300x185.jpg 300w\" sizes=\"(max-width: 506px) 100vw, 506px\" \/><\/p><p><b>Vantagens na utiliza\u00e7\u00e3o do AFSoft:<\/b><br \/>\u2022 Medi\u00e7\u00e3o precisa de \u00e1reas e dimens\u00f5es nas folhas;<br \/>\u2022 Opera\u00e7\u00e3o autom\u00e1tica em lotes de folhas;<br \/>\u2022 Identifica\u00e7\u00e3o e quantifica\u00e7\u00e3o autom\u00e1tica de problemas em culturas atrav\u00e9s da an\u00e1lise foliar;<br \/>\u2022 Aumento da efetividade e redu\u00e7\u00e3o de custos no uso de fertilizantes e defensivos p\u00f3s emergentes.<\/p><p><b>Caracter\u00edsticas t\u00e9cnicas:<\/b><br \/>\u2022 Licen\u00e7a gratuita;<br \/>\u2022 Requisitos m\u00ednimos para uso:<br \/>\u2022 Sistema Operacional XP<br \/>\u2022 Processador Core 2 Duo de 2.0GHz ou melhor;<br \/>\u2022 2GB de mem\u00f3ria RAM;<br \/>\u2022 50 MB de espa\u00e7o livre em disco r\u00edgido;<br \/>\u2022 Resolu\u00e7\u00e3o do monitor recomendada 1024 x 768.<\/p><p><div class='w3eden'><!-- WPDM Link Template: Default Template -->\n\n<div class=\"link-template-default card mb-2\">\n    <div class=\"card-body\">\n        <div class=\"media\">\n            <div class=\"mr-3 img-48\"><img decoding=\"async\" class=\"wpdm_icon\" alt=\"\u00edcone\"   src=\"http:\/\/www.cnpdia.embrapa.br\/downloads\/wp-content\/plugins\/download-manager\/assets\/file-type-icons\/download2.png\" \/><\/div>\n            <div class=\"media-body\">\n                <h3 class=\"package-title\"><a href='https:\/\/www.cnpdia.embrapa.br\/downloads\/download\/afsoft\/'>afsoft<\/a><\/h3>\n                <div class=\"text-muted text-small\"><i class=\"fas fa-copy\"><\/i> 1  arquivo(s) <i class=\"fas fa-hdd ml-3\"><\/i> 16MB<\/div>\n            <\/div>\n            <div class=\"ml-3\">\n                <a href='#unlock' class='wpdm-download-link wpdm-download-locked btn btn-primary ' data-package='46'>Download<\/a>\n            <\/div>\n        <\/div>\n    <\/div>\n<\/div>\n\n<\/div><\/p>\t\t\t\t\t\t<\/div>\n\t\t\t\t<\/div>\n\t\t\t\t\t<\/div>\n\t\t<\/div>\n\t\t\t\t\t\t\t<\/div>\n\t\t<\/section>\n\t\t\t\t\t\t\t<\/div>\n\t\t","protected":false},"excerpt":{"rendered":"<p>Home O AFSoft \u00e9 um software para an\u00e1lise foliar. Com o AFSoft \u00e9 poss\u00edvel analisar imagens digitais de folhas capturadas com a utiliza\u00e7\u00e3o de c\u00e2meras fotogr\u00e1ficas digitais, scanners ou c\u00e2meras de v\u00eddeo. Formatos padr\u00f5es de imagem podem ser utilizados incluindo bitmap e jpeg. As imagens coletadas podem ser analisadas individualmente utilizando-se as ferramentas dispon\u00edveis. Atrav\u00e9s [&hellip;]<\/p>\n","protected":false},"author":1,"featured_media":0,"parent":0,"menu_order":0,"comment_status":"closed","ping_status":"closed","template":"","meta":{"footnotes":""},"_links":{"self":[{"href":"https:\/\/www.cnpdia.embrapa.br\/downloads\/wp-json\/wp\/v2\/pages\/50"}],"collection":[{"href":"https:\/\/www.cnpdia.embrapa.br\/downloads\/wp-json\/wp\/v2\/pages"}],"about":[{"href":"https:\/\/www.cnpdia.embrapa.br\/downloads\/wp-json\/wp\/v2\/types\/page"}],"author":[{"embeddable":true,"href":"https:\/\/www.cnpdia.embrapa.br\/downloads\/wp-json\/wp\/v2\/users\/1"}],"replies":[{"embeddable":true,"href":"https:\/\/www.cnpdia.embrapa.br\/downloads\/wp-json\/wp\/v2\/comments?post=50"}],"version-history":[{"count":58,"href":"https:\/\/www.cnpdia.embrapa.br\/downloads\/wp-json\/wp\/v2\/pages\/50\/revisions"}],"predecessor-version":[{"id":638,"href":"https:\/\/www.cnpdia.embrapa.br\/downloads\/wp-json\/wp\/v2\/pages\/50\/revisions\/638"}],"wp:attachment":[{"href":"https:\/\/www.cnpdia.embrapa.br\/downloads\/wp-json\/wp\/v2\/media?parent=50"}],"curies":[{"name":"wp","href":"https:\/\/api.w.org\/{rel}","templated":true}]}}