{"id":148,"date":"2017-08-22T22:05:16","date_gmt":"2017-08-23T01:05:16","guid":{"rendered":"http:\/\/www.cnpdia.embrapa.br\/downloads\/?page_id=148"},"modified":"2022-08-23T12:52:19","modified_gmt":"2022-08-23T15:52:19","slug":"softwares","status":"publish","type":"page","link":"https:\/\/www.cnpdia.embrapa.br\/downloads\/softwares\/","title":{"rendered":"Softwares"},"content":{"rendered":"\t\t<div data-elementor-type=\"wp-post\" data-elementor-id=\"148\" class=\"elementor elementor-148\">\n\t\t\t\t\t\t\t\t\t<section class=\"elementor-section elementor-top-section elementor-element elementor-element-uq0ll7l elementor-section-boxed elementor-section-height-default elementor-section-height-default\" data-id=\"uq0ll7l\" data-element_type=\"section\" data-settings=\"{&quot;background_background&quot;:&quot;classic&quot;}\">\n\t\t\t\t\t\t<div class=\"elementor-container elementor-column-gap-default\">\n\t\t\t\t\t<div class=\"elementor-column elementor-col-100 elementor-top-column elementor-element elementor-element-acdjuh2\" data-id=\"acdjuh2\" data-element_type=\"column\">\n\t\t\t<div class=\"elementor-widget-wrap elementor-element-populated\">\n\t\t\t\t\t\t\t\t<div class=\"elementor-element elementor-element-kegs13i elementor-widget elementor-widget-text-editor\" data-id=\"kegs13i\" data-element_type=\"widget\" data-widget_type=\"text-editor.default\">\n\t\t\t\t<div class=\"elementor-widget-container\">\n\t\t\t\t\t\t\t<p>Softwares dispon\u00edveis para download<\/p>\t\t\t\t\t\t<\/div>\n\t\t\t\t<\/div>\n\t\t\t\t<section class=\"elementor-section elementor-inner-section elementor-element elementor-element-7npiojs elementor-section-boxed elementor-section-height-default elementor-section-height-default\" data-id=\"7npiojs\" data-element_type=\"section\">\n\t\t\t\t\t\t<div class=\"elementor-container elementor-column-gap-default\">\n\t\t\t\t\t<div class=\"elementor-column elementor-col-25 elementor-inner-column elementor-element elementor-element-uwozv5z\" data-id=\"uwozv5z\" data-element_type=\"column\">\n\t\t\t<div class=\"elementor-widget-wrap elementor-element-populated\">\n\t\t\t\t\t\t\t\t<div class=\"elementor-element elementor-element-zmnkjgk elementor-widget elementor-widget-image\" data-id=\"zmnkjgk\" data-element_type=\"widget\" data-widget_type=\"image.default\">\n\t\t\t\t<div class=\"elementor-widget-container\">\n\t\t\t\t\t\t\t\t\t\t\t\t\t\t\t\t<a href=\"http:\/\/www.cnpdia.embrapa.br\/downloads\/afsoft\/\">\n\t\t\t\t\t\t\t<img decoding=\"async\" loading=\"lazy\" width=\"200\" height=\"53\" src=\"https:\/\/www.cnpdia.embrapa.br\/downloads\/wp-content\/uploads\/2017\/08\/logoafsoft.jpg\" class=\"attachment-large size-large wp-image-59\" alt=\"\" \/>\t\t\t\t\t\t\t\t<\/a>\n\t\t\t\t\t\t\t\t\t\t\t\t\t\t\t<\/div>\n\t\t\t\t<\/div>\n\t\t\t\t<div class=\"elementor-element elementor-element-f18b0c3 elementor-widget elementor-widget-eael-adv-accordion\" data-id=\"f18b0c3\" data-element_type=\"widget\" data-widget_type=\"eael-adv-accordion.default\">\n\t\t\t\t<div class=\"elementor-widget-container\">\n\t\t\t        <div class=\"eael-adv-accordion\" id=\"eael-adv-accordion-f18b0c3\" data-accordion-id=\"f18b0c3\" data-accordion-type=\"accordion\" data-toogle-speed=\"300\">\n    <div class=\"eael-accordion-list\">\n                <div id=\"descrio\" class=\"elementor-tab-title eael-accordion-header\" tabindex=\"0\" data-tab=\"1\" aria-controls=\"elementor-tab-content-2531\"><span class=\"eael-advanced-accordion-icon-closed\"><i aria-hidden=\"true\" class=\"fa-accordion-icon icon icon-right-arrow1\"><\/i><\/span><span class=\"eael-advanced-accordion-icon-opened\"><i aria-hidden=\"true\" class=\"fa-accordion-icon icon icon-up-arrow1\"><\/i><\/span><span class=\"eael-accordion-tab-title\">Descri\u00e7\u00e3o<\/span><\/div><div id=\"elementor-tab-content-2531\" class=\"eael-accordion-content clearfix\" data-tab=\"1\" aria-labelledby=\"descrio\"><p><p>O AFSoft \u00e9 um software para an\u00e1lise foliar.<\/p><p>Com o AFSoft \u00e9 poss\u00edvel analisar imagens digitais de folhas capturadas com a utiliza\u00e7\u00e3o de c\u00e2meras fotogr\u00e1ficas digitais, scanners ou c\u00e2meras de v\u00eddeo.<\/p><p>Formatos padr\u00f5es de imagem podem ser utilizados incluindo bitmap e jpeg.<\/p><p>As imagens coletadas podem ser analisadas individualmente utilizando-se as ferramentas dispon\u00edveis.<\/p><p>Atrav\u00e9s da identifica\u00e7\u00e3o de regi\u00f5es nas folhas \u00e9 poss\u00edvel medir as \u00e1reas infestas por pragas ou lesionada por doen\u00e7as, \u00e1rea de buracos, entre outras.<\/p><\/p><\/div>\n                <\/div><\/div>\t\t<\/div>\n\t\t\t\t<\/div>\n\t\t\t\t\t<\/div>\n\t\t<\/div>\n\t\t\t\t<div class=\"elementor-column elementor-col-25 elementor-inner-column elementor-element elementor-element-114592b\" data-id=\"114592b\" data-element_type=\"column\">\n\t\t\t<div class=\"elementor-widget-wrap elementor-element-populated\">\n\t\t\t\t\t\t\t\t<div class=\"elementor-element elementor-element-9a33887 elementor-widget elementor-widget-image\" data-id=\"9a33887\" data-element_type=\"widget\" data-widget_type=\"image.default\">\n\t\t\t\t<div class=\"elementor-widget-container\">\n\t\t\t\t\t\t\t\t\t\t\t\t\t\t\t\t<a href=\"http:\/\/www.cnpdia.embrapa.br\/downloads\/siscob\">\n\t\t\t\t\t\t\t<img decoding=\"async\" loading=\"lazy\" width=\"200\" height=\"53\" src=\"https:\/\/www.cnpdia.embrapa.br\/downloads\/wp-content\/uploads\/2017\/08\/logosiscob.jpg\" class=\"attachment-large size-large wp-image-191\" alt=\"\" \/>\t\t\t\t\t\t\t\t<\/a>\n\t\t\t\t\t\t\t\t\t\t\t\t\t\t\t<\/div>\n\t\t\t\t<\/div>\n\t\t\t\t<div class=\"elementor-element elementor-element-e80e38b elementor-widget elementor-widget-eael-adv-accordion\" data-id=\"e80e38b\" data-element_type=\"widget\" data-widget_type=\"eael-adv-accordion.default\">\n\t\t\t\t<div class=\"elementor-widget-container\">\n\t\t\t        <div class=\"eael-adv-accordion\" id=\"eael-adv-accordion-e80e38b\" data-accordion-id=\"e80e38b\" data-accordion-type=\"accordion\" data-toogle-speed=\"300\">\n    <div class=\"eael-accordion-list\">\n                <div id=\"descrio\" class=\"elementor-tab-title eael-accordion-header\" tabindex=\"0\" data-tab=\"1\" aria-controls=\"elementor-tab-content-2431\"><span class=\"eael-advanced-accordion-icon-closed\"><i aria-hidden=\"true\" class=\"fa-accordion-icon icon icon-right-arrow1\"><\/i><\/span><span class=\"eael-advanced-accordion-icon-opened\"><i aria-hidden=\"true\" class=\"fa-accordion-icon icon icon-up-arrow1\"><\/i><\/span><span class=\"eael-accordion-tab-title\">Descri\u00e7\u00e3o<\/span><\/div><div id=\"elementor-tab-content-2431\" class=\"eael-accordion-content clearfix\" data-tab=\"1\" aria-labelledby=\"descrio\"><p><p>O Siscob \u00e9 um software para an\u00e1lise da cobertura sobre o solo.<\/p><p>As imagens adquiridas s\u00e3o classificadas, possibilitando a quantifica\u00e7\u00e3o de altera\u00e7\u00f5es e gera\u00e7\u00e3o de mapas tem\u00e1ticos.<\/p><p>Tais aplica\u00e7\u00f5es s\u00e3o voltadas ao monitoramento de pragas, doen\u00e7as, defici\u00eancias na lavoura ou mesmo suas necessidades espec\u00edficas.<\/p><p>Utilizando t\u00e9cnicas avan\u00e7adas de processamento baseadas em sistemas inteligentes, obt\u00e9m-se an\u00e1lises r\u00e1pidas e precisas. Proporcione ao agricultor e consultores informa\u00e7\u00f5es para o diagn\u00f3stico e progn\u00f3stico da lavoura para acompanhar o desenvolvimento da cultura.<\/p><\/p><\/div>\n                <\/div><\/div>\t\t<\/div>\n\t\t\t\t<\/div>\n\t\t\t\t\t<\/div>\n\t\t<\/div>\n\t\t\t\t<div class=\"elementor-column elementor-col-25 elementor-inner-column elementor-element elementor-element-ysbuww2\" data-id=\"ysbuww2\" data-element_type=\"column\">\n\t\t\t<div class=\"elementor-widget-wrap elementor-element-populated\">\n\t\t\t\t\t\t\t\t<div class=\"elementor-element elementor-element-9wp5ti1 elementor-widget elementor-widget-image\" data-id=\"9wp5ti1\" data-element_type=\"widget\" data-widget_type=\"image.default\">\n\t\t\t\t<div class=\"elementor-widget-container\">\n\t\t\t\t\t\t\t\t\t\t\t\t\t\t\t\t<a href=\"http:\/\/www.cnpdia.embrapa.br\/downloads\/safira\/\">\n\t\t\t\t\t\t\t<img decoding=\"async\" loading=\"lazy\" width=\"150\" height=\"89\" src=\"https:\/\/www.cnpdia.embrapa.br\/downloads\/wp-content\/uploads\/2017\/08\/logosafira-150x89.png\" class=\"attachment-thumbnail size-thumbnail wp-image-265\" alt=\"\" \/>\t\t\t\t\t\t\t\t<\/a>\n\t\t\t\t\t\t\t\t\t\t\t\t\t\t\t<\/div>\n\t\t\t\t<\/div>\n\t\t\t\t<div class=\"elementor-element elementor-element-9041d4d elementor-widget elementor-widget-eael-adv-accordion\" data-id=\"9041d4d\" data-element_type=\"widget\" data-widget_type=\"eael-adv-accordion.default\">\n\t\t\t\t<div class=\"elementor-widget-container\">\n\t\t\t        <div class=\"eael-adv-accordion\" id=\"eael-adv-accordion-9041d4d\" data-accordion-id=\"9041d4d\" data-accordion-type=\"accordion\" data-toogle-speed=\"300\">\n    <div class=\"eael-accordion-list\">\n                <div id=\"descrio\" class=\"elementor-tab-title eael-accordion-header\" tabindex=\"0\" data-tab=\"1\" aria-controls=\"elementor-tab-content-1511\"><span class=\"eael-advanced-accordion-icon-closed\"><i aria-hidden=\"true\" class=\"fa-accordion-icon icon icon-right-arrow1\"><\/i><\/span><span class=\"eael-advanced-accordion-icon-opened\"><i aria-hidden=\"true\" class=\"fa-accordion-icon icon icon-up-arrow1\"><\/i><\/span><span class=\"eael-accordion-tab-title\">Descri\u00e7\u00e3o<\/span><\/div><div id=\"elementor-tab-content-1511\" class=\"eael-accordion-content clearfix\" data-tab=\"1\" aria-labelledby=\"descrio\"><p><p>O Safira \u00e9 um sistema de an\u00e1lise de fibras e ra\u00edzes por imagem, que facilita a determina\u00e7\u00e3o de volume, \u00e1rea superficial e comprimento por faixa de di\u00e2metros.<\/p><p>Muito \u00fatil no estudo do desenvolvimento de culturas e materiais a base de fibras.<\/p><\/p><\/div>\n                <\/div><\/div>\t\t<\/div>\n\t\t\t\t<\/div>\n\t\t\t\t\t<\/div>\n\t\t<\/div>\n\t\t\t\t<div class=\"elementor-column elementor-col-25 elementor-inner-column elementor-element elementor-element-ky7r9nk\" data-id=\"ky7r9nk\" data-element_type=\"column\">\n\t\t\t<div class=\"elementor-widget-wrap elementor-element-populated\">\n\t\t\t\t\t\t\t\t<div class=\"elementor-element elementor-element-6ff1e7b elementor-widget elementor-widget-image\" data-id=\"6ff1e7b\" data-element_type=\"widget\" data-widget_type=\"image.default\">\n\t\t\t\t<div class=\"elementor-widget-container\">\n\t\t\t\t\t\t\t\t\t\t\t\t\t\t\t\t<a href=\"http:\/\/www.cnpdia.embrapa.br\/downloads\/qualisolo\/\">\n\t\t\t\t\t\t\t<img decoding=\"async\" loading=\"lazy\" width=\"200\" height=\"57\" src=\"https:\/\/www.cnpdia.embrapa.br\/downloads\/wp-content\/uploads\/2018\/01\/Qualisolo.jpg\" class=\"attachment-medium size-medium wp-image-348\" alt=\"\" \/>\t\t\t\t\t\t\t\t<\/a>\n\t\t\t\t\t\t\t\t\t\t\t\t\t\t\t<\/div>\n\t\t\t\t<\/div>\n\t\t\t\t<div class=\"elementor-element elementor-element-231b885 elementor-widget elementor-widget-eael-adv-accordion\" data-id=\"231b885\" data-element_type=\"widget\" data-widget_type=\"eael-adv-accordion.default\">\n\t\t\t\t<div class=\"elementor-widget-container\">\n\t\t\t        <div class=\"eael-adv-accordion\" id=\"eael-adv-accordion-231b885\" data-accordion-id=\"231b885\" data-accordion-type=\"accordion\" data-toogle-speed=\"300\">\n    <div class=\"eael-accordion-list\">\n                <div id=\"descrio\" class=\"elementor-tab-title eael-accordion-header\" tabindex=\"0\" data-tab=\"1\" aria-controls=\"elementor-tab-content-3681\"><span class=\"eael-advanced-accordion-icon-closed\"><i aria-hidden=\"true\" class=\"fa-accordion-icon icon icon-right-arrow1\"><\/i><\/span><span class=\"eael-advanced-accordion-icon-opened\"><i aria-hidden=\"true\" class=\"fa-accordion-icon icon icon-up-arrow1\"><\/i><\/span><span class=\"eael-accordion-tab-title\">Descri\u00e7\u00e3o<\/span><\/div><div id=\"elementor-tab-content-3681\" class=\"eael-accordion-content clearfix\" data-tab=\"1\" aria-labelledby=\"descrio\"><p><p>Qualisolo \u00e9 um programa de computador que utiliza dados da an\u00e1lise granulom\u00e9trica, obtidos por m\u00e9todos convencionais\u00b9 ou pelo analisador granulom\u00e9trico automatizado\u00b2, para obter os seguintes resultados:<br \/>Gr\u00e1fico da curva completa de distribui\u00e7\u00e3o de tamanho de part\u00edculas;<br \/>Porcentagens de areia, silte e argila;<br \/>Gr\u00e1fico da curva de reten\u00e7\u00e3o da \u00e1gua no solo;<br \/>Qualidade f\u00edsica do solo (\u00edndice S);<br \/>Faixa de umidade de manejo com indica\u00e7\u00e3o dos pontos: \u00f3timo, m\u00ednimo e m\u00e1ximo;<br \/>Gr\u00e1fico da condutividade em fun\u00e7\u00e3o da suc\u00e7\u00e3o ou da umidade;<br \/>Gr\u00e1fico da Qualidade F\u00edsica em fun\u00e7\u00e3o de densidade global.<br \/>Os dados de entrada, os pontos calculados e os par\u00e2metros das equa\u00e7\u00f5es de interpola\u00e7\u00e3o podem ser gravados em arquivo formato texto. Os gr\u00e1ficos apresentados pelo programa podem ser gravados como imagem(png) e podem ser impressos.<br \/>S\u00e3o necess\u00e1rios os seguintes dados de entrada:<br \/>Medidas da granulometria: concentra\u00e7\u00e3o acumulada (%) x di\u00e2metro da part\u00edcula (\u00b5m);<br \/>Densidade das part\u00edculas (g\/cm\u00b3);<br \/>Densidade global do solo (g\/cm\u00b3).<br \/>\u00b9 M\u00e9todo da pipeta ou dens\u00edmetro de Boyoucos.<br \/>\u00b2 Equipamento que utiliza medida de atenua\u00e7\u00e3o de raios gama para determina\u00e7\u00e3o de 33 pontos da granulometria entre os tamanhos de 2 \u00b5m e 2mm.<\/p><\/p><\/div>\n                <\/div><\/div>\t\t<\/div>\n\t\t\t\t<\/div>\n\t\t\t\t\t<\/div>\n\t\t<\/div>\n\t\t\t\t\t\t\t<\/div>\n\t\t<\/section>\n\t\t\t\t\t<\/div>\n\t\t<\/div>\n\t\t\t\t\t\t\t<\/div>\n\t\t<\/section>\n\t\t\t\t\t\t\t<\/div>\n\t\t","protected":false},"excerpt":{"rendered":"<p>Softwares dispon\u00edveis para download Descri\u00e7\u00e3o O AFSoft \u00e9 um software para an\u00e1lise foliar. Com o AFSoft \u00e9 poss\u00edvel analisar imagens digitais de folhas capturadas com a utiliza\u00e7\u00e3o de c\u00e2meras fotogr\u00e1ficas digitais, scanners ou c\u00e2meras de v\u00eddeo. Formatos padr\u00f5es de imagem podem ser utilizados incluindo bitmap e jpeg. As imagens coletadas podem ser analisadas individualmente utilizando-se [&hellip;]<\/p>\n","protected":false},"author":1,"featured_media":0,"parent":0,"menu_order":0,"comment_status":"closed","ping_status":"closed","template":"","meta":{"footnotes":""},"_links":{"self":[{"href":"https:\/\/www.cnpdia.embrapa.br\/downloads\/wp-json\/wp\/v2\/pages\/148"}],"collection":[{"href":"https:\/\/www.cnpdia.embrapa.br\/downloads\/wp-json\/wp\/v2\/pages"}],"about":[{"href":"https:\/\/www.cnpdia.embrapa.br\/downloads\/wp-json\/wp\/v2\/types\/page"}],"author":[{"embeddable":true,"href":"https:\/\/www.cnpdia.embrapa.br\/downloads\/wp-json\/wp\/v2\/users\/1"}],"replies":[{"embeddable":true,"href":"https:\/\/www.cnpdia.embrapa.br\/downloads\/wp-json\/wp\/v2\/comments?post=148"}],"version-history":[{"count":103,"href":"https:\/\/www.cnpdia.embrapa.br\/downloads\/wp-json\/wp\/v2\/pages\/148\/revisions"}],"predecessor-version":[{"id":561,"href":"https:\/\/www.cnpdia.embrapa.br\/downloads\/wp-json\/wp\/v2\/pages\/148\/revisions\/561"}],"wp:attachment":[{"href":"https:\/\/www.cnpdia.embrapa.br\/downloads\/wp-json\/wp\/v2\/media?parent=148"}],"curies":[{"name":"wp","href":"https:\/\/api.w.org\/{rel}","templated":true}]}}