{"id":336,"date":"2017-08-28T10:10:54","date_gmt":"2017-08-28T13:10:54","guid":{"rendered":"http:\/\/www.cnpdia.embrapa.br\/downloads\/?page_id=336"},"modified":"2023-10-10T12:25:33","modified_gmt":"2023-10-10T15:25:33","slug":"qualisolo","status":"publish","type":"page","link":"http:\/\/www.cnpdia.embrapa.br\/downloads\/qualisolo\/","title":{"rendered":"Qualisolo"},"content":{"rendered":"\t\t<div data-elementor-type=\"wp-post\" data-elementor-id=\"336\" class=\"elementor elementor-336\">\n\t\t\t\t\t\t\t\t\t<section class=\"elementor-section elementor-top-section elementor-element elementor-element-f4f6ec7 elementor-section-boxed elementor-section-height-default elementor-section-height-default\" data-id=\"f4f6ec7\" data-element_type=\"section\">\n\t\t\t\t\t\t<div class=\"elementor-container elementor-column-gap-default\">\n\t\t\t\t\t<div class=\"elementor-column elementor-col-100 elementor-top-column elementor-element elementor-element-137083c\" data-id=\"137083c\" data-element_type=\"column\">\n\t\t\t<div class=\"elementor-widget-wrap elementor-element-populated\">\n\t\t\t\t\t\t\t\t<div class=\"elementor-element elementor-element-6198414 elementor-align-center elementor-widget elementor-widget-button\" data-id=\"6198414\" data-element_type=\"widget\" data-widget_type=\"button.default\">\n\t\t\t\t<div class=\"elementor-widget-container\">\n\t\t\t\t\t<div class=\"elementor-button-wrapper\">\n\t\t\t<a class=\"elementor-button elementor-button-link elementor-size-sm\" href=\"https:\/\/www.cnpdia.embrapa.br\/downloads\">\n\t\t\t\t\t\t<span class=\"elementor-button-content-wrapper\">\n\t\t\t\t\t\t<span class=\"elementor-button-text\">Home<\/span>\n\t\t<\/span>\n\t\t\t\t\t<\/a>\n\t\t<\/div>\n\t\t\t\t<\/div>\n\t\t\t\t<\/div>\n\t\t\t\t\t<\/div>\n\t\t<\/div>\n\t\t\t\t\t\t\t<\/div>\n\t\t<\/section>\n\t\t\t\t<section class=\"elementor-section elementor-top-section elementor-element elementor-element-1i74628 elementor-section-boxed elementor-section-height-default elementor-section-height-default\" data-id=\"1i74628\" data-element_type=\"section\">\n\t\t\t\t\t\t<div class=\"elementor-container elementor-column-gap-default\">\n\t\t\t\t\t<div class=\"elementor-column elementor-col-100 elementor-top-column elementor-element elementor-element-8bo468n\" data-id=\"8bo468n\" data-element_type=\"column\">\n\t\t\t<div class=\"elementor-widget-wrap elementor-element-populated\">\n\t\t\t\t\t\t\t\t<div class=\"elementor-element elementor-element-bhu8hum elementor-widget elementor-widget-text-editor\" data-id=\"bhu8hum\" data-element_type=\"widget\" data-widget_type=\"text-editor.default\">\n\t\t\t\t<div class=\"elementor-widget-container\">\n\t\t\t\t\t\t\t<h1 style=\"text-align: center;\"><span style=\"color: #7a7a7a;\">Introdu\u00e7\u00e3o<\/span><\/h1><p>Qualisolo \u00e9 um programa de computador que utiliza dados da an\u00e1lise granulom\u00e9trica, obtidos por m\u00e9todos convencionais\u00b9 ou pelo analisador granulom\u00e9trico automatizado\u00b2, para obter os seguintes resultados:<\/p><ul><li>Gr\u00e1fico da curva completa de distribui\u00e7\u00e3o de tamanho de part\u00edculas;<\/li><li>Porcentagens de areia, silte e argila;<\/li><li>Gr\u00e1fico da curva de reten\u00e7\u00e3o da \u00e1gua no solo;<\/li><li>Qualidade f\u00edsica do solo (\u00edndice S);<\/li><li>Faixa de umidade de manejo com indica\u00e7\u00e3o dos pontos: \u00f3timo, m\u00ednimo e m\u00e1ximo;<\/li><li>Gr\u00e1fico da condutividade em fun\u00e7\u00e3o da suc\u00e7\u00e3o ou da umidade;<\/li><li>Gr\u00e1fico da Qualidade F\u00edsica em fun\u00e7\u00e3o de densidade global.<\/li><\/ul><p>Os dados de entrada, os pontos calculados e os par\u00e2metros das equa\u00e7\u00f5es de interpola\u00e7\u00e3o podem ser gravados em arquivo formato texto. Os gr\u00e1ficos apresentados pelo programa podem ser gravados como imagem(png) e podem ser impressos.<br \/> S\u00e3o necess\u00e1rios os seguintes dados de entrada:<\/p><ul><li>Medidas da granulometria: concentra\u00e7\u00e3o acumulada (%) x di\u00e2metro da part\u00edcula (\u00b5m);<\/li><li>Densidade das part\u00edculas (g\/cm\u00b3);<\/li><li>Densidade global do solo (g\/cm\u00b3).<\/li><\/ul><p>\u00b9 M\u00e9todo da pipeta ou dens\u00edmetro de Boyoucos.<br \/> \u00b2 Equipamento que utiliza medida de atenua\u00e7\u00e3o de raios gama para determina\u00e7\u00e3o de 33 pontos da granulometria entre os tamanhos de 2 \u00b5m e 2mm.<\/p><div><h1>\u00a0<\/h1><h1 style=\"text-align: center;\"><span style=\"color: #7a7a7a;\"><strong>Procedimento de uso<\/strong><\/span><\/h1><\/div><div><ul><li><a>Entrada de dados<\/a><\/li><li><a>Resultados<\/a><\/li><li><a>Gr\u00e1ficos<\/a><\/li><li><a>Salvar resultados em arquivo texto<\/a><\/li><li><a>Atalhos do teclado<\/a><\/li><\/ul><div><h1>Entrada de Dados<\/h1><\/div><div><p><b>Densidade global do solo \u2013<\/b>\u00a0o programa inicia com o cursor no campo de digita\u00e7\u00e3o da densidade global (\u201cdefault\u201d: 1.50 g\/cm\u00b3).<\/p><p>Importante: o computador deve estar ajustado para utilizar o ponto como separador decimal e a v\u00edrgula como separador de milhares. Se necess\u00e1rio, esse ajuste pode ser feito no Painel de Controle (Control Panel), Op\u00e7\u00f5es regionais e de idioma (Regional and language options), na aba Op\u00e7\u00f5es regionais clique no bot\u00e3o Personalizar (Customize) e fa\u00e7a as altera\u00e7\u00f5es nos campos correspondentes.<\/p><p><b>Granulometria \u2013<\/b>\u00a0para informar a granulometria o usu\u00e1rio tem duas op\u00e7\u00f5es nos bot\u00f5es:<\/p><p><b>Ler Arquivo &#8211;<\/b>\u00a0este bot\u00e3o abre uma caixa de di\u00e1logo para que o usu\u00e1rio selecione o arquivo, formato texto (.txt), que foi gerado pelo analisador granulom\u00e9trico ou at\u00e9 criado pelo usu\u00e1rio em editor de texto como o Bloco de Notas (Notepad), desde que tenha o padr\u00e3o mostrado no exemplo abaixo:<\/p><table border=\"1\" cellspacing=\"0\" cellpadding=\"5px\" align=\"center\"><tbody><tr><td><b>Linha<\/b><\/td><td><b>Conte\u00fado do Arquivo<\/b><\/td><td><b>Coment\u00e1rio<\/b><\/td><\/tr><tr><td>1<\/td><td>Dados da Analise Granulometrica &#8211; Amostra na Posicao: 6<\/td><td>Cabe\u00e7alho do arquivo<\/td><\/tr><tr><td>2<\/td><td>\u00a0<\/td><td>Linha em branco<\/td><\/tr><tr><td>3<\/td><td>XI = 5.0<\/td><td>Dimens\u00e3o interna do recipiente<\/td><\/tr><tr><td>4<\/td><td>CAS = 0.439<\/td><td>Coeficiente de atenua\u00e7\u00e3o em massa do solo (cm\u00b2\/g)<\/td><\/tr><tr><td>5<\/td><td>CAA<\/td><td>Coeficiente de atenua\u00e7\u00e3o em massa da \u00e1gua (cm\u00b2\/g)<\/td><\/tr><tr><td>6<\/td><td>DP = 3.04667<\/td><td>Densidade das part\u00edculas do solo<\/td><\/tr><tr><td>7<\/td><td>VA = 0.899753<\/td><td>Viscosidade da \u00e1gua na temperatura da amostra<\/td><\/tr><tr><td>8<\/td><td>DA = 1.0<\/td><td>Densidade da \u00e1gua (g\/cm\u00b3)<\/td><\/tr><tr><td>9<\/td><td>Repeti\u00e7\u00f5es = 3<\/td><td>Repeti\u00e7\u00f5es das medidas das fra\u00e7\u00f5es de areia<\/td><\/tr><tr><td>10<\/td><td>Data: 23\/03\/2009 09:34:52<\/td><td>Data e hor\u00e1rio da medida<\/td><\/tr><tr><td>11<\/td><td>\u00a0<\/td><td>Linha em branco<\/td><\/tr><tr><td>12<\/td><td>IC(i) x I0Medio (Contagem com correcao de tempo morto)<\/td><td>Contagem da amostra na posi\u00e7\u00e3o \u201ci\u201d e contagem m\u00e9dia da \u00e1gua (branco) &#8211; contagem\/s<\/td><\/tr><tr><td>13<\/td><td>6032 6928<\/td><td>IC(0) = 6032 cps e I0 m\u00e9dio = 6928<\/td><\/tr><tr><td>14<\/td><td>5977<\/td><td>Contagens em diferentes alturas<\/td><\/tr><tr><td>&#8230;<\/td><td>&#8230;<\/td><td>\/\/<\/td><\/tr><tr><td>44<\/td><td>6492<\/td><td>\u00daltima linha de contagem<\/td><\/tr><tr><td>45<\/td><td>\u00a0<\/td><td>Linha em branco<\/td><\/tr><tr><td>46<\/td><td>Concentra\u00e7\u00e3o(i) x Di\u00e2metro da Part\u00edcula (d)<\/td><td>\u00a0<\/td><\/tr><tr><td>47<\/td><td>86.20 400.00<\/td><td>C = 86.2% d = 400\u00b5m<\/td><\/tr><tr><td>&#8230;<\/td><td>&#8230;<\/td><td>\/\/<\/td><\/tr><tr><td>78<\/td><td>41.90 1.90<\/td><td>\u00daltima linha do arquivo \u2013 total de 32 medidas<\/td><\/tr><\/tbody><\/table><p>Os dados, granulometria e densidade das part\u00edculas, lidos do arquivo s\u00e3o apresentados na tabela e no quadro texto do Qualisolo, conforme mostrado na Fig. 1.<\/p><\/div><\/div>\t\t\t\t\t\t<\/div>\n\t\t\t\t<\/div>\n\t\t\t\t<div class=\"elementor-element elementor-element-vzprm1r elementor-widget elementor-widget-image\" data-id=\"vzprm1r\" data-element_type=\"widget\" data-widget_type=\"image.default\">\n\t\t\t\t<div class=\"elementor-widget-container\">\n\t\t\t\t\t\t\t\t\t\t\t\t<figure class=\"wp-caption\">\n\t\t\t\t\t\t\t\t\t\t<img decoding=\"async\" loading=\"lazy\" width=\"1001\" height=\"262\" src=\"http:\/\/www.cnpdia.embrapa.br\/downloads\/wp-content\/uploads\/2017\/08\/figura1.jpg\" class=\"attachment-large size-large wp-image-339\" alt=\"\" srcset=\"http:\/\/www.cnpdia.embrapa.br\/downloads\/wp-content\/uploads\/2017\/08\/figura1.jpg 1001w, http:\/\/www.cnpdia.embrapa.br\/downloads\/wp-content\/uploads\/2017\/08\/figura1-300x79.jpg 300w, http:\/\/www.cnpdia.embrapa.br\/downloads\/wp-content\/uploads\/2017\/08\/figura1-768x201.jpg 768w\" sizes=\"(max-width: 1001px) 100vw, 1001px\" \/>\t\t\t\t\t\t\t\t\t\t\t<figcaption class=\"widget-image-caption wp-caption-text\">Figura 1 \u2013 Parte da tela do Qualisolo mostrando as informa\u00e7\u00f5es lidas do arquivo gerado pelo analisador granulom\u00e9trico ou criado pelo usu\u00e1rio.<\/figcaption>\n\t\t\t\t\t\t\t\t\t\t<\/figure>\n\t\t\t\t\t\t\t\t\t<\/div>\n\t\t\t\t<\/div>\n\t\t\t\t<div class=\"elementor-element elementor-element-a4446cc elementor-widget elementor-widget-text-editor\" data-id=\"a4446cc\" data-element_type=\"widget\" data-widget_type=\"text-editor.default\">\n\t\t\t\t<div class=\"elementor-widget-container\">\n\t\t\t\t\t\t\t<p><div class='w3eden'><!-- WPDM Link Template: Default Template -->\n\n<div class=\"link-template-default card mb-2\">\n    <div class=\"card-body\">\n        <div class=\"media\">\n            <div class=\"mr-3 img-48\"><img decoding=\"async\" class=\"wpdm_icon\" alt=\"\u00edcone\"   src=\"http:\/\/www.cnpdia.embrapa.br\/downloads\/wp-content\/plugins\/download-manager\/assets\/file-type-icons\/download2.png\" \/><\/div>\n            <div class=\"media-body\">\n                <h3 class=\"package-title\"><a href='http:\/\/www.cnpdia.embrapa.br\/downloads\/download\/qualisolo\/'>qualisolo<\/a><\/h3>\n                <div class=\"text-muted text-small\"><i class=\"fas fa-copy\"><\/i> 1  arquivo(s) <i class=\"fas fa-hdd ml-3\"><\/i> 3 MB<\/div>\n            <\/div>\n            <div class=\"ml-3\">\n                <a href='#unlock' class='wpdm-download-link wpdm-download-locked btn btn-primary ' data-package='363'>Download<\/a>\n            <\/div>\n        <\/div>\n    <\/div>\n<\/div>\n\n<\/div><\/p>\t\t\t\t\t\t<\/div>\n\t\t\t\t<\/div>\n\t\t\t\t\t<\/div>\n\t\t<\/div>\n\t\t\t\t\t\t\t<\/div>\n\t\t<\/section>\n\t\t\t\t\t\t\t<\/div>\n\t\t","protected":false},"excerpt":{"rendered":"<p>Home Introdu\u00e7\u00e3o Qualisolo \u00e9 um programa de computador que utiliza dados da an\u00e1lise granulom\u00e9trica, obtidos por m\u00e9todos convencionais\u00b9 ou pelo analisador granulom\u00e9trico automatizado\u00b2, para obter os seguintes resultados: Gr\u00e1fico da curva completa de distribui\u00e7\u00e3o de tamanho de part\u00edculas; Porcentagens de areia, silte e argila; Gr\u00e1fico da curva de reten\u00e7\u00e3o da \u00e1gua no solo; Qualidade f\u00edsica [&hellip;]<\/p>\n","protected":false},"author":1,"featured_media":0,"parent":0,"menu_order":0,"comment_status":"closed","ping_status":"closed","template":"","meta":{"footnotes":""},"_links":{"self":[{"href":"http:\/\/www.cnpdia.embrapa.br\/downloads\/wp-json\/wp\/v2\/pages\/336"}],"collection":[{"href":"http:\/\/www.cnpdia.embrapa.br\/downloads\/wp-json\/wp\/v2\/pages"}],"about":[{"href":"http:\/\/www.cnpdia.embrapa.br\/downloads\/wp-json\/wp\/v2\/types\/page"}],"author":[{"embeddable":true,"href":"http:\/\/www.cnpdia.embrapa.br\/downloads\/wp-json\/wp\/v2\/users\/1"}],"replies":[{"embeddable":true,"href":"http:\/\/www.cnpdia.embrapa.br\/downloads\/wp-json\/wp\/v2\/comments?post=336"}],"version-history":[{"count":17,"href":"http:\/\/www.cnpdia.embrapa.br\/downloads\/wp-json\/wp\/v2\/pages\/336\/revisions"}],"predecessor-version":[{"id":590,"href":"http:\/\/www.cnpdia.embrapa.br\/downloads\/wp-json\/wp\/v2\/pages\/336\/revisions\/590"}],"wp:attachment":[{"href":"http:\/\/www.cnpdia.embrapa.br\/downloads\/wp-json\/wp\/v2\/media?parent=336"}],"curies":[{"name":"wp","href":"https:\/\/api.w.org\/{rel}","templated":true}]}}