{"id":283,"date":"2017-08-24T08:24:56","date_gmt":"2017-08-24T11:24:56","guid":{"rendered":"http:\/\/www.cnpdia.embrapa.br\/downloads\/?page_id=283"},"modified":"2023-10-10T14:24:26","modified_gmt":"2023-10-10T17:24:26","slug":"safira","status":"publish","type":"page","link":"http:\/\/www.cnpdia.embrapa.br\/downloads\/safira\/","title":{"rendered":"safira"},"content":{"rendered":"\t\t<div data-elementor-type=\"wp-post\" data-elementor-id=\"283\" class=\"elementor elementor-283\">\n\t\t\t\t\t\t\t\t\t<section class=\"elementor-section elementor-top-section elementor-element elementor-element-e4bdb27 elementor-section-boxed elementor-section-height-default elementor-section-height-default\" data-id=\"e4bdb27\" data-element_type=\"section\">\n\t\t\t\t\t\t<div class=\"elementor-container elementor-column-gap-default\">\n\t\t\t\t\t<div class=\"elementor-column elementor-col-100 elementor-top-column elementor-element elementor-element-9c54064\" data-id=\"9c54064\" data-element_type=\"column\">\n\t\t\t<div class=\"elementor-widget-wrap elementor-element-populated\">\n\t\t\t\t\t\t\t\t<div class=\"elementor-element elementor-element-6052f9d elementor-align-center elementor-widget elementor-widget-button\" data-id=\"6052f9d\" data-element_type=\"widget\" data-widget_type=\"button.default\">\n\t\t\t\t<div class=\"elementor-widget-container\">\n\t\t\t\t\t<div class=\"elementor-button-wrapper\">\n\t\t\t<a class=\"elementor-button elementor-button-link elementor-size-sm\" href=\"https:\/\/www.cnpdia.embrapa.br\/downloads\">\n\t\t\t\t\t\t<span class=\"elementor-button-content-wrapper\">\n\t\t\t\t\t\t<span class=\"elementor-button-text\">Home<\/span>\n\t\t<\/span>\n\t\t\t\t\t<\/a>\n\t\t<\/div>\n\t\t\t\t<\/div>\n\t\t\t\t<\/div>\n\t\t\t\t\t<\/div>\n\t\t<\/div>\n\t\t\t\t\t\t\t<\/div>\n\t\t<\/section>\n\t\t\t\t<section class=\"elementor-section elementor-top-section elementor-element elementor-element-7qaa01p elementor-section-boxed elementor-section-height-default elementor-section-height-default\" data-id=\"7qaa01p\" data-element_type=\"section\">\n\t\t\t\t\t\t<div class=\"elementor-container elementor-column-gap-default\">\n\t\t\t\t\t<div class=\"elementor-column elementor-col-100 elementor-top-column elementor-element elementor-element-4qop81i\" data-id=\"4qop81i\" data-element_type=\"column\">\n\t\t\t<div class=\"elementor-widget-wrap elementor-element-populated\">\n\t\t\t\t\t\t\t\t<div class=\"elementor-element elementor-element-v4h4vv7 elementor-widget elementor-widget-image\" data-id=\"v4h4vv7\" data-element_type=\"widget\" data-widget_type=\"image.default\">\n\t\t\t\t<div class=\"elementor-widget-container\">\n\t\t\t\t\t\t\t\t\t\t\t\t\t\t\t<img decoding=\"async\" loading=\"lazy\" width=\"200\" height=\"89\" src=\"http:\/\/www.cnpdia.embrapa.br\/downloads\/wp-content\/uploads\/2017\/08\/logosafira.png\" class=\"attachment-large size-large wp-image-265\" alt=\"\" \/>\t\t\t\t\t\t\t\t\t\t\t\t\t\t\t<\/div>\n\t\t\t\t<\/div>\n\t\t\t\t\t<\/div>\n\t\t<\/div>\n\t\t\t\t\t\t\t<\/div>\n\t\t<\/section>\n\t\t\t\t<section class=\"elementor-section elementor-top-section elementor-element elementor-element-aiv542u elementor-section-boxed elementor-section-height-default elementor-section-height-default\" data-id=\"aiv542u\" data-element_type=\"section\">\n\t\t\t\t\t\t<div class=\"elementor-container elementor-column-gap-default\">\n\t\t\t\t\t<div class=\"elementor-column elementor-col-100 elementor-top-column elementor-element elementor-element-7s7n0c2\" data-id=\"7s7n0c2\" data-element_type=\"column\">\n\t\t\t<div class=\"elementor-widget-wrap elementor-element-populated\">\n\t\t\t\t\t\t\t\t<div class=\"elementor-element elementor-element-u21rrts elementor-widget elementor-widget-text-editor\" data-id=\"u21rrts\" data-element_type=\"widget\" data-widget_type=\"text-editor.default\">\n\t\t\t\t<div class=\"elementor-widget-container\">\n\t\t\t\t\t\t\t<p>O Safira \u00e9 um sistema de an\u00e1lise de fibras e ra\u00edzes por imagem, que facilita a determina\u00e7\u00e3o de volume, \u00e1rea superficial e comprimento por faixa de di\u00e2metros. Muito \u00fatil no estudo do desenvolvimento de culturas e materiais a base de fibras .<\/p>\t\t\t\t\t\t<\/div>\n\t\t\t\t<\/div>\n\t\t\t\t\t<\/div>\n\t\t<\/div>\n\t\t\t\t\t\t\t<\/div>\n\t\t<\/section>\n\t\t\t\t<section class=\"elementor-section elementor-top-section elementor-element elementor-element-bi6v5hk elementor-section-boxed elementor-section-height-default elementor-section-height-default\" data-id=\"bi6v5hk\" data-element_type=\"section\">\n\t\t\t\t\t\t<div class=\"elementor-container elementor-column-gap-default\">\n\t\t\t\t\t<div class=\"elementor-column elementor-col-100 elementor-top-column elementor-element elementor-element-yac6ra8\" data-id=\"yac6ra8\" data-element_type=\"column\">\n\t\t\t<div class=\"elementor-widget-wrap elementor-element-populated\">\n\t\t\t\t\t\t\t\t<div class=\"elementor-element elementor-element-co1voex elementor-widget elementor-widget-image\" data-id=\"co1voex\" data-element_type=\"widget\" data-widget_type=\"image.default\">\n\t\t\t\t<div class=\"elementor-widget-container\">\n\t\t\t\t\t\t\t\t\t\t\t\t<figure class=\"wp-caption\">\n\t\t\t\t\t\t\t\t\t\t<img decoding=\"async\" loading=\"lazy\" width=\"325\" height=\"200\" src=\"http:\/\/www.cnpdia.embrapa.br\/downloads\/wp-content\/uploads\/2017\/08\/safira1.jpg\" class=\"attachment-large size-large wp-image-266\" alt=\"\" srcset=\"http:\/\/www.cnpdia.embrapa.br\/downloads\/wp-content\/uploads\/2017\/08\/safira1.jpg 325w, http:\/\/www.cnpdia.embrapa.br\/downloads\/wp-content\/uploads\/2017\/08\/safira1-300x185.jpg 300w\" sizes=\"(max-width: 325px) 100vw, 325px\" \/>\t\t\t\t\t\t\t\t\t\t\t<figcaption class=\"widget-image-caption wp-caption-text\">Tela principal com imagem de ra\u00edzes lavadas<\/figcaption>\n\t\t\t\t\t\t\t\t\t\t<\/figure>\n\t\t\t\t\t\t\t\t\t<\/div>\n\t\t\t\t<\/div>\n\t\t\t\t\t<\/div>\n\t\t<\/div>\n\t\t\t\t\t\t\t<\/div>\n\t\t<\/section>\n\t\t\t\t<section class=\"elementor-section elementor-top-section elementor-element elementor-element-1iaf9yl elementor-section-boxed elementor-section-height-default elementor-section-height-default\" data-id=\"1iaf9yl\" data-element_type=\"section\">\n\t\t\t\t\t\t<div class=\"elementor-container elementor-column-gap-default\">\n\t\t\t\t\t<div class=\"elementor-column elementor-col-100 elementor-top-column elementor-element elementor-element-ryerkza\" data-id=\"ryerkza\" data-element_type=\"column\">\n\t\t\t<div class=\"elementor-widget-wrap elementor-element-populated\">\n\t\t\t\t\t\t\t\t<div class=\"elementor-element elementor-element-0paaevm elementor-widget elementor-widget-text-editor\" data-id=\"0paaevm\" data-element_type=\"widget\" data-widget_type=\"text-editor.default\">\n\t\t\t\t<div class=\"elementor-widget-container\">\n\t\t\t\t\t\t\t<p><strong>Binariza\u00e7\u00e3o e Identifica\u00e7\u00e3o do n\u00famero de fibras e ra\u00edzes:<\/strong><br \/>Uma vez separadas as fibras atrav\u00e9s da opera\u00e7\u00e3o de binariza\u00e7\u00e3o, s\u00e3o contados os n\u00fameros de fibras ou ra\u00edzes, considerando cada segmento presente na imagem que esteja desconectado de outro. A partir destes s\u00e3o determinados todos os di\u00e2metros e as respectivas classes. As classes de di\u00e2metros s\u00e3o identificadas por diferentes cores formando os respectivos histogramas presentes na sa\u00edda do sistema.<\/p>\t\t\t\t\t\t<\/div>\n\t\t\t\t<\/div>\n\t\t\t\t\t<\/div>\n\t\t<\/div>\n\t\t\t\t\t\t\t<\/div>\n\t\t<\/section>\n\t\t\t\t<section class=\"elementor-section elementor-top-section elementor-element elementor-element-rl4d6ig elementor-section-boxed elementor-section-height-default elementor-section-height-default\" data-id=\"rl4d6ig\" data-element_type=\"section\">\n\t\t\t\t\t\t<div class=\"elementor-container elementor-column-gap-default\">\n\t\t\t\t\t<div class=\"elementor-column elementor-col-100 elementor-top-column elementor-element elementor-element-2lojm0q\" data-id=\"2lojm0q\" data-element_type=\"column\">\n\t\t\t<div class=\"elementor-widget-wrap elementor-element-populated\">\n\t\t\t\t\t\t\t\t<div class=\"elementor-element elementor-element-v6tkzyv elementor-widget elementor-widget-image\" data-id=\"v6tkzyv\" data-element_type=\"widget\" data-widget_type=\"image.default\">\n\t\t\t\t<div class=\"elementor-widget-container\">\n\t\t\t\t\t\t\t\t\t\t\t\t<figure class=\"wp-caption\">\n\t\t\t\t\t\t\t\t\t\t<img decoding=\"async\" loading=\"lazy\" width=\"324\" height=\"199\" src=\"http:\/\/www.cnpdia.embrapa.br\/downloads\/wp-content\/uploads\/2017\/08\/safira2.jpg\" class=\"attachment-large size-large wp-image-267\" alt=\"\" srcset=\"http:\/\/www.cnpdia.embrapa.br\/downloads\/wp-content\/uploads\/2017\/08\/safira2.jpg 324w, http:\/\/www.cnpdia.embrapa.br\/downloads\/wp-content\/uploads\/2017\/08\/safira2-300x184.jpg 300w\" sizes=\"(max-width: 324px) 100vw, 324px\" \/>\t\t\t\t\t\t\t\t\t\t\t<figcaption class=\"widget-image-caption wp-caption-text\">Imagens bin\u00e1rias com as ra\u00edzes separadas do fundo<\/figcaption>\n\t\t\t\t\t\t\t\t\t\t<\/figure>\n\t\t\t\t\t\t\t\t\t<\/div>\n\t\t\t\t<\/div>\n\t\t\t\t\t<\/div>\n\t\t<\/div>\n\t\t\t\t\t\t\t<\/div>\n\t\t<\/section>\n\t\t\t\t<section class=\"elementor-section elementor-top-section elementor-element elementor-element-1nmgaps elementor-section-boxed elementor-section-height-default elementor-section-height-default\" data-id=\"1nmgaps\" data-element_type=\"section\">\n\t\t\t\t\t\t<div class=\"elementor-container elementor-column-gap-default\">\n\t\t\t\t\t<div class=\"elementor-column elementor-col-100 elementor-top-column elementor-element elementor-element-kme8kbx\" data-id=\"kme8kbx\" data-element_type=\"column\">\n\t\t\t<div class=\"elementor-widget-wrap elementor-element-populated\">\n\t\t\t\t\t\t\t\t<div class=\"elementor-element elementor-element-7k7z1xp elementor-widget elementor-widget-image\" data-id=\"7k7z1xp\" data-element_type=\"widget\" data-widget_type=\"image.default\">\n\t\t\t\t<div class=\"elementor-widget-container\">\n\t\t\t\t\t\t\t\t\t\t\t\t<figure class=\"wp-caption\">\n\t\t\t\t\t\t\t\t\t\t<img decoding=\"async\" loading=\"lazy\" width=\"325\" height=\"199\" src=\"http:\/\/www.cnpdia.embrapa.br\/downloads\/wp-content\/uploads\/2017\/08\/safira3.jpg\" class=\"attachment-large size-large wp-image-268\" alt=\"\" srcset=\"http:\/\/www.cnpdia.embrapa.br\/downloads\/wp-content\/uploads\/2017\/08\/safira3.jpg 325w, http:\/\/www.cnpdia.embrapa.br\/downloads\/wp-content\/uploads\/2017\/08\/safira3-300x184.jpg 300w\" sizes=\"(max-width: 325px) 100vw, 325px\" \/>\t\t\t\t\t\t\t\t\t\t\t<figcaption class=\"widget-image-caption wp-caption-text\">Contagem de ra\u00edzes presentes na imagem<\/figcaption>\n\t\t\t\t\t\t\t\t\t\t<\/figure>\n\t\t\t\t\t\t\t\t\t<\/div>\n\t\t\t\t<\/div>\n\t\t\t\t\t<\/div>\n\t\t<\/div>\n\t\t\t\t\t\t\t<\/div>\n\t\t<\/section>\n\t\t\t\t<section class=\"elementor-section elementor-top-section elementor-element elementor-element-zp7y3wn elementor-section-boxed elementor-section-height-default elementor-section-height-default\" data-id=\"zp7y3wn\" data-element_type=\"section\">\n\t\t\t\t\t\t<div class=\"elementor-container elementor-column-gap-default\">\n\t\t\t\t\t<div class=\"elementor-column elementor-col-100 elementor-top-column elementor-element elementor-element-53i9pmm\" data-id=\"53i9pmm\" data-element_type=\"column\">\n\t\t\t<div class=\"elementor-widget-wrap elementor-element-populated\">\n\t\t\t\t\t\t\t\t<div class=\"elementor-element elementor-element-an86lnw elementor-widget elementor-widget-image\" data-id=\"an86lnw\" data-element_type=\"widget\" data-widget_type=\"image.default\">\n\t\t\t\t<div class=\"elementor-widget-container\">\n\t\t\t\t\t\t\t\t\t\t\t\t<figure class=\"wp-caption\">\n\t\t\t\t\t\t\t\t\t\t<img decoding=\"async\" loading=\"lazy\" width=\"332\" height=\"204\" src=\"http:\/\/www.cnpdia.embrapa.br\/downloads\/wp-content\/uploads\/2017\/08\/safira4.jpg\" class=\"attachment-large size-large wp-image-269\" alt=\"\" srcset=\"http:\/\/www.cnpdia.embrapa.br\/downloads\/wp-content\/uploads\/2017\/08\/safira4.jpg 332w, http:\/\/www.cnpdia.embrapa.br\/downloads\/wp-content\/uploads\/2017\/08\/safira4-300x184.jpg 300w\" sizes=\"(max-width: 332px) 100vw, 332px\" \/>\t\t\t\t\t\t\t\t\t\t\t<figcaption class=\"widget-image-caption wp-caption-text\">Identifica\u00e7\u00e3o do eixo principal das ra\u00edzes<\/figcaption>\n\t\t\t\t\t\t\t\t\t\t<\/figure>\n\t\t\t\t\t\t\t\t\t<\/div>\n\t\t\t\t<\/div>\n\t\t\t\t\t<\/div>\n\t\t<\/div>\n\t\t\t\t\t\t\t<\/div>\n\t\t<\/section>\n\t\t\t\t<section class=\"elementor-section elementor-top-section elementor-element elementor-element-8ln2jnd elementor-section-boxed elementor-section-height-default elementor-section-height-default\" data-id=\"8ln2jnd\" data-element_type=\"section\">\n\t\t\t\t\t\t<div class=\"elementor-container elementor-column-gap-default\">\n\t\t\t\t\t<div class=\"elementor-column elementor-col-100 elementor-top-column elementor-element elementor-element-5amlb4q\" data-id=\"5amlb4q\" data-element_type=\"column\">\n\t\t\t<div class=\"elementor-widget-wrap elementor-element-populated\">\n\t\t\t\t\t\t\t\t<div class=\"elementor-element elementor-element-kzrhlvf elementor-widget elementor-widget-image\" data-id=\"kzrhlvf\" data-element_type=\"widget\" data-widget_type=\"image.default\">\n\t\t\t\t<div class=\"elementor-widget-container\">\n\t\t\t\t\t\t\t\t\t\t\t\t<figure class=\"wp-caption\">\n\t\t\t\t\t\t\t\t\t\t<img decoding=\"async\" loading=\"lazy\" width=\"333\" height=\"205\" src=\"http:\/\/www.cnpdia.embrapa.br\/downloads\/wp-content\/uploads\/2017\/08\/safira5.jpg\" class=\"attachment-large size-large wp-image-270\" alt=\"\" srcset=\"http:\/\/www.cnpdia.embrapa.br\/downloads\/wp-content\/uploads\/2017\/08\/safira5.jpg 333w, http:\/\/www.cnpdia.embrapa.br\/downloads\/wp-content\/uploads\/2017\/08\/safira5-300x185.jpg 300w\" sizes=\"(max-width: 333px) 100vw, 333px\" \/>\t\t\t\t\t\t\t\t\t\t\t<figcaption class=\"widget-image-caption wp-caption-text\">C\u00e1lculo dos di\u00e2metros presentes na imagem<\/figcaption>\n\t\t\t\t\t\t\t\t\t\t<\/figure>\n\t\t\t\t\t\t\t\t\t<\/div>\n\t\t\t\t<\/div>\n\t\t\t\t\t<\/div>\n\t\t<\/div>\n\t\t\t\t\t\t\t<\/div>\n\t\t<\/section>\n\t\t\t\t<section class=\"elementor-section elementor-top-section elementor-element elementor-element-pi7zc5n elementor-section-boxed elementor-section-height-default elementor-section-height-default\" data-id=\"pi7zc5n\" data-element_type=\"section\">\n\t\t\t\t\t\t<div class=\"elementor-container elementor-column-gap-default\">\n\t\t\t\t\t<div class=\"elementor-column elementor-col-100 elementor-top-column elementor-element elementor-element-phw273h\" data-id=\"phw273h\" data-element_type=\"column\">\n\t\t\t<div class=\"elementor-widget-wrap elementor-element-populated\">\n\t\t\t\t\t\t\t\t<div class=\"elementor-element elementor-element-0ovvrwr elementor-widget elementor-widget-image\" data-id=\"0ovvrwr\" data-element_type=\"widget\" data-widget_type=\"image.default\">\n\t\t\t\t<div class=\"elementor-widget-container\">\n\t\t\t\t\t\t\t\t\t\t\t\t<figure class=\"wp-caption\">\n\t\t\t\t\t\t\t\t\t\t<img decoding=\"async\" loading=\"lazy\" width=\"339\" height=\"207\" src=\"http:\/\/www.cnpdia.embrapa.br\/downloads\/wp-content\/uploads\/2017\/08\/safira6.jpg\" class=\"attachment-large size-large wp-image-271\" alt=\"\" srcset=\"http:\/\/www.cnpdia.embrapa.br\/downloads\/wp-content\/uploads\/2017\/08\/safira6.jpg 339w, http:\/\/www.cnpdia.embrapa.br\/downloads\/wp-content\/uploads\/2017\/08\/safira6-300x183.jpg 300w\" sizes=\"(max-width: 339px) 100vw, 339px\" \/>\t\t\t\t\t\t\t\t\t\t\t<figcaption class=\"widget-image-caption wp-caption-text\">Classifica\u00e7\u00e3o final das ra\u00edzes por faixa de di\u00e2metros<\/figcaption>\n\t\t\t\t\t\t\t\t\t\t<\/figure>\n\t\t\t\t\t\t\t\t\t<\/div>\n\t\t\t\t<\/div>\n\t\t\t\t\t<\/div>\n\t\t<\/div>\n\t\t\t\t\t\t\t<\/div>\n\t\t<\/section>\n\t\t\t\t<section class=\"elementor-section elementor-top-section elementor-element elementor-element-jqcn1m2 elementor-section-boxed elementor-section-height-default elementor-section-height-default\" data-id=\"jqcn1m2\" data-element_type=\"section\">\n\t\t\t\t\t\t<div class=\"elementor-container elementor-column-gap-default\">\n\t\t\t\t\t<div class=\"elementor-column elementor-col-100 elementor-top-column elementor-element elementor-element-rekgvif\" data-id=\"rekgvif\" data-element_type=\"column\">\n\t\t\t<div class=\"elementor-widget-wrap elementor-element-populated\">\n\t\t\t\t\t\t\t\t<div class=\"elementor-element elementor-element-qw3gzdz elementor-widget elementor-widget-text-editor\" data-id=\"qw3gzdz\" data-element_type=\"widget\" data-widget_type=\"text-editor.default\">\n\t\t\t\t<div class=\"elementor-widget-container\">\n\t\t\t\t\t\t\t<p>\u00c9 poss\u00edvel visualizar cada segmento com diferentes di\u00e2metros diretamentamente na imagem, por meio de cores. As cores utilizadas s\u00e3o as mesmas presentes nos histogramas de sa\u00edda, facilitando assim a visualiza\u00e7\u00e3o r\u00e1pida das amostras. As tabelas geradas s\u00e3o exportadas em formatos padr\u00f5es para planilhas de c\u00e1lculo.<br \/><br \/><\/p><p><strong>Identifica\u00e7\u00e3o autom\u00e1tica<\/strong><br \/><em>Determina\u00e7\u00e3o autom\u00e1tica de volume, \u00e1rea superficial e comprimento por classes de<\/em>\u00a0<em>di\u00e2metros de fibras ou ra\u00edzes.<\/em><br \/><em>Esta an\u00e1lise \u00e9 realizada atrav\u00e9s do di\u00e2metro m\u00e9dio ponderado por segmento de fibra ou raiz presente na imagem<\/em><\/p>\t\t\t\t\t\t<\/div>\n\t\t\t\t<\/div>\n\t\t\t\t\t<\/div>\n\t\t<\/div>\n\t\t\t\t\t\t\t<\/div>\n\t\t<\/section>\n\t\t\t\t<section class=\"elementor-section elementor-top-section elementor-element elementor-element-yikb3w6 elementor-section-boxed elementor-section-height-default elementor-section-height-default\" data-id=\"yikb3w6\" data-element_type=\"section\">\n\t\t\t\t\t\t<div class=\"elementor-container elementor-column-gap-default\">\n\t\t\t\t\t<div class=\"elementor-column elementor-col-100 elementor-top-column elementor-element elementor-element-sv9atib\" data-id=\"sv9atib\" data-element_type=\"column\">\n\t\t\t<div class=\"elementor-widget-wrap elementor-element-populated\">\n\t\t\t\t\t\t\t\t<div class=\"elementor-element elementor-element-ov1j1av elementor-widget elementor-widget-image\" data-id=\"ov1j1av\" data-element_type=\"widget\" data-widget_type=\"image.default\">\n\t\t\t\t<div class=\"elementor-widget-container\">\n\t\t\t\t\t\t\t\t\t\t\t\t<figure class=\"wp-caption\">\n\t\t\t\t\t\t\t\t\t\t<img decoding=\"async\" loading=\"lazy\" width=\"324\" height=\"142\" src=\"http:\/\/www.cnpdia.embrapa.br\/downloads\/wp-content\/uploads\/2017\/08\/safira7.jpg\" class=\"attachment-large size-large wp-image-272\" alt=\"\" srcset=\"http:\/\/www.cnpdia.embrapa.br\/downloads\/wp-content\/uploads\/2017\/08\/safira7.jpg 324w, http:\/\/www.cnpdia.embrapa.br\/downloads\/wp-content\/uploads\/2017\/08\/safira7-300x131.jpg 300w\" sizes=\"(max-width: 324px) 100vw, 324px\" \/>\t\t\t\t\t\t\t\t\t\t\t<figcaption class=\"widget-image-caption wp-caption-text\">Histograma e dados analisados<\/figcaption>\n\t\t\t\t\t\t\t\t\t\t<\/figure>\n\t\t\t\t\t\t\t\t\t<\/div>\n\t\t\t\t<\/div>\n\t\t\t\t\t<\/div>\n\t\t<\/div>\n\t\t\t\t\t\t\t<\/div>\n\t\t<\/section>\n\t\t\t\t<section class=\"elementor-section elementor-top-section elementor-element elementor-element-sb12cxk elementor-section-boxed elementor-section-height-default elementor-section-height-default\" data-id=\"sb12cxk\" data-element_type=\"section\">\n\t\t\t\t\t\t<div class=\"elementor-container elementor-column-gap-default\">\n\t\t\t\t\t<div class=\"elementor-column elementor-col-100 elementor-top-column elementor-element elementor-element-trixv0d\" data-id=\"trixv0d\" data-element_type=\"column\">\n\t\t\t<div class=\"elementor-widget-wrap elementor-element-populated\">\n\t\t\t\t\t\t\t\t<div class=\"elementor-element elementor-element-fb25h26 elementor-widget elementor-widget-text-editor\" data-id=\"fb25h26\" data-element_type=\"widget\" data-widget_type=\"text-editor.default\">\n\t\t\t\t<div class=\"elementor-widget-container\">\n\t\t\t\t\t\t\t<p><strong>Vantagens:<\/strong><\/p><p>Este sistema pode ser usado por grupos de pesquisa durante o desenvolvimento da cultura, bem como para agricultores que desejam monitorar o sistema radicular da sua cultura. Al\u00e9m disso, tem grande utilidade junto \u00e0 caracteriza\u00e7\u00e3o de materiais e fibras naturais, em diferentes aplica\u00e7\u00f5es. S\u00e3o utilizadas imagens padr\u00e3o BMP, JPEG e obtidas por c\u00e2mera digital ou scanners.<\/p>\t\t\t\t\t\t<\/div>\n\t\t\t\t<\/div>\n\t\t\t\t\t<\/div>\n\t\t<\/div>\n\t\t\t\t\t\t\t<\/div>\n\t\t<\/section>\n\t\t\t\t<section class=\"elementor-section elementor-top-section elementor-element elementor-element-55byn4h elementor-section-boxed elementor-section-height-default elementor-section-height-default\" data-id=\"55byn4h\" data-element_type=\"section\">\n\t\t\t\t\t\t<div class=\"elementor-container elementor-column-gap-default\">\n\t\t\t\t\t<div class=\"elementor-column elementor-col-100 elementor-top-column elementor-element elementor-element-19udn1w\" data-id=\"19udn1w\" data-element_type=\"column\">\n\t\t\t<div class=\"elementor-widget-wrap elementor-element-populated\">\n\t\t\t\t\t\t\t\t<div class=\"elementor-element elementor-element-6u01bh7 elementor-widget elementor-widget-video\" data-id=\"6u01bh7\" data-element_type=\"widget\" data-settings=\"{&quot;youtube_url&quot;:&quot;https:\\\/\\\/www.youtube.com\\\/watch?v=HsTCa4O7i24&quot;,&quot;video_type&quot;:&quot;youtube&quot;,&quot;controls&quot;:&quot;yes&quot;}\" data-widget_type=\"video.default\">\n\t\t\t\t<div class=\"elementor-widget-container\">\n\t\t\t\t\t<div class=\"elementor-wrapper elementor-open-inline\">\n\t\t\t<div class=\"elementor-video\"><\/div>\t\t<\/div>\n\t\t\t\t<\/div>\n\t\t\t\t<\/div>\n\t\t\t\t\t<\/div>\n\t\t<\/div>\n\t\t\t\t\t\t\t<\/div>\n\t\t<\/section>\n\t\t\t\t<section class=\"elementor-section elementor-top-section elementor-element elementor-element-w6bs761 elementor-section-boxed elementor-section-height-default elementor-section-height-default\" data-id=\"w6bs761\" data-element_type=\"section\">\n\t\t\t\t\t\t<div class=\"elementor-container elementor-column-gap-default\">\n\t\t\t\t\t<div class=\"elementor-column elementor-col-100 elementor-top-column elementor-element elementor-element-o0xpsg7\" data-id=\"o0xpsg7\" data-element_type=\"column\">\n\t\t\t<div class=\"elementor-widget-wrap elementor-element-populated\">\n\t\t\t\t\t\t\t\t<div class=\"elementor-element elementor-element-z0rh430 elementor-widget elementor-widget-text-editor\" data-id=\"z0rh430\" data-element_type=\"widget\" data-widget_type=\"text-editor.default\">\n\t\t\t\t<div class=\"elementor-widget-container\">\n\t\t\t\t\t\t\t<p><b>Caracter\u00edsticas t\u00e9cnicas:<\/b>\u00a0<br \/>\u2022 Licen\u00e7a gratuita;\u00a0<br \/>\u2022 Requisitos m\u00ednimos para uso:\u00a0<br \/>\u2022 Sistema Operacional Windows XP\u00a0<br \/>\u2022 Processador Core 2 Duo de 2.0GHz ou melhor;\u00a0<br \/>\u2022 2GB de mem\u00f3ria RAM;\u00a0<br \/>\u2022 300 MB de espa\u00e7o livre em disco r\u00edgido;\u00a0<br \/>\u2022 Resolu\u00e7\u00e3o do monitor recomendada 1024 x 768.<\/p><p>\u00a0<\/p><p><b>Novidades:<\/b><\/p><p>03\/03\/2010 &#8211; Foi atualizada a vers\u00e3o do Safira permitindo assim utilizar imagens obtidas de filmadoras ou c\u00e2meras digitais e n\u00e3o apenas imagens de scanners.<br \/>Para isto, basta obter a imagem com uma referencia de tamanho conhecido para ser usado na defini\u00e7\u00e3o da escala.<\/p>\t\t\t\t\t\t<\/div>\n\t\t\t\t<\/div>\n\t\t\t\t\t<\/div>\n\t\t<\/div>\n\t\t\t\t\t\t\t<\/div>\n\t\t<\/section>\n\t\t\t\t<section class=\"elementor-section elementor-top-section elementor-element elementor-element-vg1ijtu elementor-section-boxed elementor-section-height-default elementor-section-height-default\" data-id=\"vg1ijtu\" data-element_type=\"section\">\n\t\t\t\t\t\t<div class=\"elementor-container elementor-column-gap-default\">\n\t\t\t\t\t<div class=\"elementor-column elementor-col-100 elementor-top-column elementor-element elementor-element-a43mtor\" data-id=\"a43mtor\" data-element_type=\"column\">\n\t\t\t<div class=\"elementor-widget-wrap elementor-element-populated\">\n\t\t\t\t\t\t\t\t<div class=\"elementor-element elementor-element-x0etu8q elementor-widget elementor-widget-text-editor\" data-id=\"x0etu8q\" data-element_type=\"widget\" data-widget_type=\"text-editor.default\">\n\t\t\t\t<div class=\"elementor-widget-container\">\n\t\t\t\t\t\t\t<p><div class='w3eden'><!-- WPDM Link Template: Default Template -->\n\n<div class=\"link-template-default card mb-2\">\n    <div class=\"card-body\">\n        <div class=\"media\">\n            <div class=\"mr-3 img-48\"><img decoding=\"async\" class=\"wpdm_icon\" alt=\"\u00edcone\"   src=\"http:\/\/www.cnpdia.embrapa.br\/downloads\/wp-content\/plugins\/download-manager\/assets\/file-type-icons\/download2.png\" \/><\/div>\n            <div class=\"media-body\">\n                <h3 class=\"package-title\"><a href='http:\/\/www.cnpdia.embrapa.br\/downloads\/download\/safira\/'>safira<\/a><\/h3>\n                <div class=\"text-muted text-small\"><i class=\"fas fa-copy\"><\/i> 1  arquivo(s) <i class=\"fas fa-hdd ml-3\"><\/i> 4.1MB<\/div>\n            <\/div>\n            <div class=\"ml-3\">\n                <a href='#unlock' class='wpdm-download-link wpdm-download-locked btn btn-primary ' data-package='332'>Download<\/a>\n            <\/div>\n        <\/div>\n    <\/div>\n<\/div>\n\n<\/div><\/p>\t\t\t\t\t\t<\/div>\n\t\t\t\t<\/div>\n\t\t\t\t\t<\/div>\n\t\t<\/div>\n\t\t\t\t\t\t\t<\/div>\n\t\t<\/section>\n\t\t\t\t\t\t\t<\/div>\n\t\t","protected":false},"excerpt":{"rendered":"<p>Home O Safira \u00e9 um sistema de an\u00e1lise de fibras e ra\u00edzes por imagem, que facilita a determina\u00e7\u00e3o de volume, \u00e1rea superficial e comprimento por faixa de di\u00e2metros. Muito \u00fatil no estudo do desenvolvimento de culturas e materiais a base de fibras . Tela principal com imagem de ra\u00edzes lavadas Binariza\u00e7\u00e3o e Identifica\u00e7\u00e3o do n\u00famero [&hellip;]<\/p>\n","protected":false},"author":1,"featured_media":0,"parent":0,"menu_order":0,"comment_status":"closed","ping_status":"closed","template":"","meta":{"footnotes":""},"_links":{"self":[{"href":"http:\/\/www.cnpdia.embrapa.br\/downloads\/wp-json\/wp\/v2\/pages\/283"}],"collection":[{"href":"http:\/\/www.cnpdia.embrapa.br\/downloads\/wp-json\/wp\/v2\/pages"}],"about":[{"href":"http:\/\/www.cnpdia.embrapa.br\/downloads\/wp-json\/wp\/v2\/types\/page"}],"author":[{"embeddable":true,"href":"http:\/\/www.cnpdia.embrapa.br\/downloads\/wp-json\/wp\/v2\/users\/1"}],"replies":[{"embeddable":true,"href":"http:\/\/www.cnpdia.embrapa.br\/downloads\/wp-json\/wp\/v2\/comments?post=283"}],"version-history":[{"count":12,"href":"http:\/\/www.cnpdia.embrapa.br\/downloads\/wp-json\/wp\/v2\/pages\/283\/revisions"}],"predecessor-version":[{"id":641,"href":"http:\/\/www.cnpdia.embrapa.br\/downloads\/wp-json\/wp\/v2\/pages\/283\/revisions\/641"}],"wp:attachment":[{"href":"http:\/\/www.cnpdia.embrapa.br\/downloads\/wp-json\/wp\/v2\/media?parent=283"}],"curies":[{"name":"wp","href":"https:\/\/api.w.org\/{rel}","templated":true}]}}