{"id":198,"date":"2017-08-23T15:04:47","date_gmt":"2017-08-23T18:04:47","guid":{"rendered":"http:\/\/www.cnpdia.embrapa.br\/downloads\/?page_id=198"},"modified":"2023-10-10T14:26:55","modified_gmt":"2023-10-10T17:26:55","slug":"siscob","status":"publish","type":"page","link":"http:\/\/www.cnpdia.embrapa.br\/downloads\/siscob\/","title":{"rendered":"siscob"},"content":{"rendered":"\t\t<div data-elementor-type=\"wp-post\" data-elementor-id=\"198\" class=\"elementor elementor-198\">\n\t\t\t\t\t\t\t\t\t<section class=\"elementor-section elementor-top-section elementor-element elementor-element-5b39051 elementor-section-boxed elementor-section-height-default elementor-section-height-default\" data-id=\"5b39051\" data-element_type=\"section\">\n\t\t\t\t\t\t<div class=\"elementor-container elementor-column-gap-default\">\n\t\t\t\t\t<div class=\"elementor-column elementor-col-100 elementor-top-column elementor-element elementor-element-9911ca8\" data-id=\"9911ca8\" data-element_type=\"column\">\n\t\t\t<div class=\"elementor-widget-wrap elementor-element-populated\">\n\t\t\t\t\t\t\t\t<div class=\"elementor-element elementor-element-a3b5548 elementor-align-center elementor-widget elementor-widget-button\" data-id=\"a3b5548\" data-element_type=\"widget\" data-widget_type=\"button.default\">\n\t\t\t\t<div class=\"elementor-widget-container\">\n\t\t\t\t\t<div class=\"elementor-button-wrapper\">\n\t\t\t<a class=\"elementor-button elementor-button-link elementor-size-sm\" href=\"https:\/\/www.cnpdia.embrapa.br\/downloads\">\n\t\t\t\t\t\t<span class=\"elementor-button-content-wrapper\">\n\t\t\t\t\t\t<span class=\"elementor-button-text\">Home<\/span>\n\t\t<\/span>\n\t\t\t\t\t<\/a>\n\t\t<\/div>\n\t\t\t\t<\/div>\n\t\t\t\t<\/div>\n\t\t\t\t\t<\/div>\n\t\t<\/div>\n\t\t\t\t\t\t\t<\/div>\n\t\t<\/section>\n\t\t\t\t<section class=\"elementor-section elementor-top-section elementor-element elementor-element-cvhgzsu elementor-section-boxed elementor-section-height-default elementor-section-height-default\" data-id=\"cvhgzsu\" data-element_type=\"section\">\n\t\t\t\t\t\t<div class=\"elementor-container elementor-column-gap-default\">\n\t\t\t\t\t<div class=\"elementor-column elementor-col-100 elementor-top-column elementor-element elementor-element-kt4vtyy\" data-id=\"kt4vtyy\" data-element_type=\"column\">\n\t\t\t<div class=\"elementor-widget-wrap elementor-element-populated\">\n\t\t\t\t\t\t\t\t<div class=\"elementor-element elementor-element-hx0fg57 elementor-widget elementor-widget-image\" data-id=\"hx0fg57\" data-element_type=\"widget\" data-widget_type=\"image.default\">\n\t\t\t\t<div class=\"elementor-widget-container\">\n\t\t\t\t\t\t\t\t\t\t\t\t\t\t\t<img decoding=\"async\" loading=\"lazy\" width=\"200\" height=\"53\" src=\"http:\/\/www.cnpdia.embrapa.br\/downloads\/wp-content\/uploads\/2017\/08\/logosiscob.jpg\" class=\"attachment-large size-large wp-image-191\" alt=\"\" \/>\t\t\t\t\t\t\t\t\t\t\t\t\t\t\t<\/div>\n\t\t\t\t<\/div>\n\t\t\t\t<div class=\"elementor-element elementor-element-hr4jvta elementor-widget elementor-widget-image\" data-id=\"hr4jvta\" data-element_type=\"widget\" data-widget_type=\"image.default\">\n\t\t\t\t<div class=\"elementor-widget-container\">\n\t\t\t\t\t\t\t\t\t\t\t\t\t\t\t<img decoding=\"async\" loading=\"lazy\" width=\"350\" height=\"306\" src=\"http:\/\/www.cnpdia.embrapa.br\/downloads\/wp-content\/uploads\/2017\/08\/siscob2.jpg\" class=\"attachment-large size-large wp-image-193\" alt=\"\" srcset=\"http:\/\/www.cnpdia.embrapa.br\/downloads\/wp-content\/uploads\/2017\/08\/siscob2.jpg 350w, http:\/\/www.cnpdia.embrapa.br\/downloads\/wp-content\/uploads\/2017\/08\/siscob2-300x262.jpg 300w\" sizes=\"(max-width: 350px) 100vw, 350px\" \/>\t\t\t\t\t\t\t\t\t\t\t\t\t\t\t<\/div>\n\t\t\t\t<\/div>\n\t\t\t\t\t<\/div>\n\t\t<\/div>\n\t\t\t\t\t\t\t<\/div>\n\t\t<\/section>\n\t\t\t\t<section class=\"elementor-section elementor-top-section elementor-element elementor-element-h50czek elementor-section-boxed elementor-section-height-default elementor-section-height-default\" data-id=\"h50czek\" data-element_type=\"section\">\n\t\t\t\t\t\t<div class=\"elementor-container elementor-column-gap-default\">\n\t\t\t\t\t<div class=\"elementor-column elementor-col-66 elementor-top-column elementor-element elementor-element-5msw372\" data-id=\"5msw372\" data-element_type=\"column\">\n\t\t\t<div class=\"elementor-widget-wrap elementor-element-populated\">\n\t\t\t\t\t\t\t\t<div class=\"elementor-element elementor-element-svbubvs elementor-widget elementor-widget-text-editor\" data-id=\"svbubvs\" data-element_type=\"widget\" data-widget_type=\"text-editor.default\">\n\t\t\t\t<div class=\"elementor-widget-container\">\n\t\t\t\t\t\t\t<p>O Siscob\u00a0\u00e9 um software para an\u00e1lise da cobertura sobre o solo.<\/p><p>As imagens adquiridas s\u00e3o classificadas, possibilitando a quantifica\u00e7\u00e3o de altera\u00e7\u00f5es e gera\u00e7\u00e3o de mapas tem\u00e1ticos.<\/p><p>Tais aplica\u00e7\u00f5es s\u00e3o voltadas ao monitoramento de pragas, doen\u00e7as, defici\u00eancias na lavoura ou mesmo suas necessidades espec\u00edficas.<\/p><p>Utilizando t\u00e9cnicas avan\u00e7adas de processamento baseadas em sistemas inteligentes, obt\u00e9m-se an\u00e1lises r\u00e1pidas e precisas. Proporcione ao agricultor e consultores informa\u00e7\u00f5es para o diagn\u00f3stico e progn\u00f3stico da lavoura para acompanhar o desenvolvimento da cultura.<\/p><p>Imagens terrestres, a\u00e9reas orbitais podem ser analisadas visando diferentes aplica\u00e7\u00f5es e estudos. A partir das imagens a\u00e9reas e terrestres, processadas pelo SisCob, \u00e9 poss\u00edvel mapear varia\u00e7\u00f5es significativas na cultura, posibilitando saber onde se deve atuar de fato. software que utiliza t\u00e9cnicas avan\u00e7adas de an\u00e1lise de imagens com recursos que pesquisadores e silvicultores necessitam para extrair as informa\u00e7\u00f5es necess\u00e1rias para tomadas de decis\u00e3o.<\/p><p><b>Aplica\u00e7\u00f5es principais:<\/b>\u00a0<br \/>\u2022 An\u00e1lise de imagens a\u00e9reas para determinar zonas diferenciadas;<br \/>\u2022 Estimativa de produ\u00e7\u00e3o produ\u00e7\u00e3o agr\u00edcola, doen\u00e7as e pragas;\u00a0<br \/>\u2022 Avalia\u00e7\u00e3o espacializada da propriedade;<\/p><p><b>Vantagens na utiliza\u00e7\u00e3o do Siscob<\/b><b>:<\/b>\u00a0<br \/>\u2022 Medi\u00e7\u00e3o precisa de \u00e1reasdas culturas com altera\u00e7\u00f5es por defici\u00eancia, praga ou doen\u00e7a.;\u00a0<br \/>\u2022 Opera\u00e7\u00e3o semi-autom\u00e1tica;\u00a0<br \/>\u2022 Capacidade de processamento em lote.<\/p><p><b>Caracter\u00edsticas t\u00e9cnicas:<\/b>\u00a0<br \/>\u2022 Licen\u00e7a gratuita;\u00a0<br \/>\u2022 Requisitos m\u00ednimos para uso:\u00a0<br \/>\u2022 Sistema Operacional XP\u00a0<br \/>\u2022 Processador Core 2 Duo de 2.0GHz ou melhor;\u00a0<br \/>\u2022 2GB de mem\u00f3ria RAM;\u00a0<br \/>\u2022 50 MB de espa\u00e7o livre em disco r\u00edgido;\u00a0<br \/>\u2022 Resolu\u00e7\u00e3o do monitor recomendada 1024 x 768.\u00a0<\/p>\t\t\t\t\t\t<\/div>\n\t\t\t\t<\/div>\n\t\t\t\t\t<\/div>\n\t\t<\/div>\n\t\t\t\t<div class=\"elementor-column elementor-col-33 elementor-top-column elementor-element elementor-element-ym5nyv6\" data-id=\"ym5nyv6\" data-element_type=\"column\">\n\t\t\t<div class=\"elementor-widget-wrap elementor-element-populated\">\n\t\t\t\t\t\t\t\t<div class=\"elementor-element elementor-element-7d8vflq elementor-widget elementor-widget-image\" data-id=\"7d8vflq\" data-element_type=\"widget\" data-widget_type=\"image.default\">\n\t\t\t\t<div class=\"elementor-widget-container\">\n\t\t\t\t\t\t\t\t\t\t\t\t\t\t\t<img decoding=\"async\" loading=\"lazy\" width=\"183\" height=\"728\" src=\"http:\/\/www.cnpdia.embrapa.br\/downloads\/wp-content\/uploads\/2017\/08\/siscob1.jpg\" class=\"attachment-large size-large wp-image-192\" alt=\"\" \/>\t\t\t\t\t\t\t\t\t\t\t\t\t\t\t<\/div>\n\t\t\t\t<\/div>\n\t\t\t\t<div class=\"elementor-element elementor-element-w1plabp elementor-widget elementor-widget-image\" data-id=\"w1plabp\" data-element_type=\"widget\" data-widget_type=\"image.default\">\n\t\t\t\t<div class=\"elementor-widget-container\">\n\t\t\t\t\t\t\t\t\t\t\t\t\t\t\t<img decoding=\"async\" loading=\"lazy\" width=\"250\" height=\"217\" src=\"http:\/\/www.cnpdia.embrapa.br\/downloads\/wp-content\/uploads\/2017\/08\/siscob4.jpg\" class=\"attachment-large size-large wp-image-194\" alt=\"\" \/>\t\t\t\t\t\t\t\t\t\t\t\t\t\t\t<\/div>\n\t\t\t\t<\/div>\n\t\t\t\t\t<\/div>\n\t\t<\/div>\n\t\t\t\t\t\t\t<\/div>\n\t\t<\/section>\n\t\t\t\t<section class=\"elementor-section elementor-top-section elementor-element elementor-element-gskiyem elementor-section-boxed elementor-section-height-default elementor-section-height-default\" data-id=\"gskiyem\" data-element_type=\"section\">\n\t\t\t\t\t\t<div class=\"elementor-container elementor-column-gap-default\">\n\t\t\t\t\t<div class=\"elementor-column elementor-col-100 elementor-top-column elementor-element elementor-element-l4pkaaf\" data-id=\"l4pkaaf\" data-element_type=\"column\">\n\t\t\t<div class=\"elementor-widget-wrap elementor-element-populated\">\n\t\t\t\t\t\t\t\t<div class=\"elementor-element elementor-element-224ykb8 elementor-widget elementor-widget-text-editor\" data-id=\"224ykb8\" data-element_type=\"widget\" data-widget_type=\"text-editor.default\">\n\t\t\t\t<div class=\"elementor-widget-container\">\n\t\t\t\t\t\t\t<p><div class='w3eden'><!-- WPDM Link Template: Default Template -->\n\n<div class=\"link-template-default card mb-2\">\n    <div class=\"card-body\">\n        <div class=\"media\">\n            <div class=\"mr-3 img-48\"><img decoding=\"async\" class=\"wpdm_icon\" alt=\"\u00edcone\"   src=\"http:\/\/www.cnpdia.embrapa.br\/downloads\/wp-content\/plugins\/download-manager\/assets\/file-type-icons\/download2.png\" \/><\/div>\n            <div class=\"media-body\">\n                <h3 class=\"package-title\"><a href='http:\/\/www.cnpdia.embrapa.br\/downloads\/download\/siscob\/'>siscob<\/a><\/h3>\n                <div class=\"text-muted text-small\"><i class=\"fas fa-copy\"><\/i> 1  arquivo(s) <i class=\"fas fa-hdd ml-3\"><\/i> 17.1MB<\/div>\n            <\/div>\n            <div class=\"ml-3\">\n                <a href='#unlock' class='wpdm-download-link wpdm-download-locked btn btn-primary ' data-package='197'>Download<\/a>\n            <\/div>\n        <\/div>\n    <\/div>\n<\/div>\n\n<\/div><\/p>\t\t\t\t\t\t<\/div>\n\t\t\t\t<\/div>\n\t\t\t\t\t<\/div>\n\t\t<\/div>\n\t\t\t\t\t\t\t<\/div>\n\t\t<\/section>\n\t\t\t\t\t\t\t<\/div>\n\t\t","protected":false},"excerpt":{"rendered":"<p>Home O Siscob\u00a0\u00e9 um software para an\u00e1lise da cobertura sobre o solo. As imagens adquiridas s\u00e3o classificadas, possibilitando a quantifica\u00e7\u00e3o de altera\u00e7\u00f5es e gera\u00e7\u00e3o de mapas tem\u00e1ticos. Tais aplica\u00e7\u00f5es s\u00e3o voltadas ao monitoramento de pragas, doen\u00e7as, defici\u00eancias na lavoura ou mesmo suas necessidades espec\u00edficas. Utilizando t\u00e9cnicas avan\u00e7adas de processamento baseadas em sistemas inteligentes, obt\u00e9m-se an\u00e1lises [&hellip;]<\/p>\n","protected":false},"author":1,"featured_media":0,"parent":0,"menu_order":0,"comment_status":"closed","ping_status":"closed","template":"","meta":{"footnotes":""},"_links":{"self":[{"href":"http:\/\/www.cnpdia.embrapa.br\/downloads\/wp-json\/wp\/v2\/pages\/198"}],"collection":[{"href":"http:\/\/www.cnpdia.embrapa.br\/downloads\/wp-json\/wp\/v2\/pages"}],"about":[{"href":"http:\/\/www.cnpdia.embrapa.br\/downloads\/wp-json\/wp\/v2\/types\/page"}],"author":[{"embeddable":true,"href":"http:\/\/www.cnpdia.embrapa.br\/downloads\/wp-json\/wp\/v2\/users\/1"}],"replies":[{"embeddable":true,"href":"http:\/\/www.cnpdia.embrapa.br\/downloads\/wp-json\/wp\/v2\/comments?post=198"}],"version-history":[{"count":14,"href":"http:\/\/www.cnpdia.embrapa.br\/downloads\/wp-json\/wp\/v2\/pages\/198\/revisions"}],"predecessor-version":[{"id":644,"href":"http:\/\/www.cnpdia.embrapa.br\/downloads\/wp-json\/wp\/v2\/pages\/198\/revisions\/644"}],"wp:attachment":[{"href":"http:\/\/www.cnpdia.embrapa.br\/downloads\/wp-json\/wp\/v2\/media?parent=198"}],"curies":[{"name":"wp","href":"https:\/\/api.w.org\/{rel}","templated":true}]}}